{"id":33057,"date":"2021-08-08T07:28:34","date_gmt":"2021-08-08T05:28:34","guid":{"rendered":"https:\/\/www.exoticus.ch\/?page_id=33057"},"modified":"2026-02-05T19:16:05","modified_gmt":"2026-02-05T18:16:05","slug":"team","status":"publish","type":"page","link":"https:\/\/www.exoticus.ch\/en\/team\/","title":{"rendered":"The team"},"content":{"rendered":"<p>[et_pb_section fb_built=&#187;1&#8243; _builder_version=&#187;4.16&#8243; _module_preset=&#187;default&#187; custom_margin=&#187;||0px||false|false&#187; custom_padding=&#187;||0px||false|false&#187; global_colors_info=&#187;{}&#187;][et_pb_row column_structure=&#187;3_5,2_5&#8243; _builder_version=&#187;4.16&#8243; _module_preset=&#187;default&#187; global_colors_info=&#187;{}&#187;][et_pb_column type=&#187;3_5&#8243; _builder_version=&#187;4.16&#8243; _module_preset=&#187;default&#187; global_colors_info=&#187;{}&#187;][et_pb_text _builder_version=&#187;4.16&#8243; _module_preset=&#187;default&#187; global_colors_info=&#187;{}&#187;]<\/p>\n<p>Dr. med. vet. <br \/>Dipl. ACZM (Board Certified Specialist in Zoological Medicine)<\/p>\n<h1><strong>Samuel Frei<\/strong><\/h1>\n<p><strong><\/strong><\/p>\n<p><strong><\/strong><\/p>\n<p>Samuel Frei worked most recently as a senior physician in the exotic pet department at the Zurich Animal Hospital and as a veterinarian at the Zurich Zoo. After finishing his DVM in Zurich, he completed several years of training in Switzerland, Germany and the US to qualify for the diplomate title as exotic and zoo veterinarian. He was even lucky enough to complete part of his training in California at UC Davis, one of the best veterinary universities in the world. His main passion is endoscopy and surgery. His free time he spends with his adorable dog Dixie and the two rabbits Ellie and Leopold.<\/p>\n<p>[\/et_pb_text][et_pb_button button_url=&#187;@ET-DC@eyJkeW5hbWljIjp0cnVlLCJjb250ZW50IjoicG9zdF9saW5rX3VybF9wYWdlIiwic2V0dGluZ3MiOnsicG9zdF9pZCI6IjMzNDQyIn19@&#187; button_text=&#187;Mehr erfahren&#187; _builder_version=&#187;4.16&#8243; _dynamic_attributes=&#187;button_url&#187; _module_preset=&#187;default&#187; custom_button=&#187;on&#187; button_bg_color=&#187;#fcc730&#8243; background_layout=&#187;dark&#187; global_colors_info=&#187;{}&#187;][\/et_pb_button][\/et_pb_column][et_pb_column type=&#187;2_5&#8243; _builder_version=&#187;4.16&#8243; _module_preset=&#187;default&#187; global_colors_info=&#187;{}&#187;][et_pb_image src=&#187;https:\/\/www.exoticus.ch\/wp-content\/uploads\/2021\/08\/IMG_1537-scaled.jpeg&#187; title_text=&#187;Samuel Frei mit Cornelius&#187; _builder_version=&#187;4.16&#8243; _module_preset=&#187;default&#187; global_colors_info=&#187;{}&#187;][\/et_pb_image][\/et_pb_column][\/et_pb_row][et_pb_row column_structure=&#187;3_5,2_5&#8243; _builder_version=&#187;4.16&#8243; _module_preset=&#187;default&#187; global_colors_info=&#187;{}&#187;][et_pb_column type=&#187;3_5&#8243; _builder_version=&#187;4.16&#8243; _module_preset=&#187;default&#187; global_colors_info=&#187;{}&#187;][et_pb_text _builder_version=&#187;4.27.4&#8243; _module_preset=&#187;default&#187; global_colors_info=&#187;{}&#187;]<\/p>\n<p>Dr. med. vet.<br \/>Resident ACZM<\/p>\n<h1><strong>Annina M\u00fcller<br \/><\/strong><\/h1>\n<p><strong><\/strong><\/p>\n<p><strong><\/strong><\/p>\n<p>Annina M\u00fcller hat ihre tier\u00e4rztliche Ausbildung 2019 an der Universit\u00e4t Bern abgeschlossen. Sie arbeitete zuerst drei Jahre in einer Gross- und Kleintierpraxis im Kanton Bern und schrieb w\u00e4hrenddessen auch ihre Dissertation im Gebiet der Kleintierchirurgie. W\u00e4hrend einer l\u00e4ngeren Auslandreise in 2023 kam sie zum ersten Mal in diversen Praktika mit Exoten- und Wildtiermedizin in Kontakt und ist seither bestrebt, sich auf diesem Gebiet weiter auszubilden. Neben der Arbeit macht sie gerne Sport, vor allem Orientierungslauf, oder geht Wandern. Sie geniesst es aber auch, Zeit mit ihren beiden Katzen oder beim G\u00e4rtnern zu verbringen.<\/p>\n<p>[\/et_pb_text][\/et_pb_column][et_pb_column type=&#187;2_5&#8243; _builder_version=&#187;4.16&#8243; _module_preset=&#187;default&#187; global_colors_info=&#187;{}&#187;][et_pb_image src=&#187;https:\/\/www.exoticus.ch\/wp-content\/uploads\/2024\/06\/Annina_Mueller_Exoticus.jpeg&#187; alt=&#187;Annina M\u00fcller Exoticus&#187; title_text=&#187;Annina_Mu\u0308ller_Exoticus&#187; _builder_version=&#187;4.25.2&#8243; _module_preset=&#187;default&#187; global_colors_info=&#187;{}&#187;][\/et_pb_image][\/et_pb_column][\/et_pb_row][et_pb_row column_structure=&#187;3_5,2_5&#8243; _builder_version=&#187;4.16&#8243; _module_preset=&#187;default&#187; global_colors_info=&#187;{}&#187;][et_pb_column type=&#187;3_5&#8243; _builder_version=&#187;4.16&#8243; _module_preset=&#187;default&#187; global_colors_info=&#187;{}&#187;][et_pb_text _builder_version=&#187;4.16&#8243; _module_preset=&#187;default&#187; global_colors_info=&#187;{}&#187;]<\/p>\n<p>med. vet.<\/p>\n<h1><strong>Patrik Induni<\/strong><\/h1>\n<p><strong><\/strong><\/p>\n<p><strong><\/strong><\/p>\n<p class=\"p1\">Patrik Induni hat sein Tiermedizinstudium 2023 an der Universit\u00e4t Z\u00fcrich abgeschlossen. Anschliessend absolvierte er ein einj\u00e4hriges Internship in der Kleintier-Notfallklinik des Tierspitals Z\u00fcrich, wo er umfassende Erfahrung in der Akut- und Intensivmedizin sammelte.<\/p>\n<p>[\/et_pb_text][\/et_pb_column][et_pb_column type=&#187;2_5&#8243; _builder_version=&#187;4.16&#8243; _module_preset=&#187;default&#187; global_colors_info=&#187;{}&#187;][et_pb_image src=&#187;https:\/\/www.exoticus.ch\/wp-content\/uploads\/2025\/11\/Portrait_Patrik_Induni_Exoticus-scaled.jpg&#187; alt=&#187;Portrait Patrik Induni Exoticus &#187; title_text=&#187;Portrait_Patrik_Induni_Exoticus&#187; _builder_version=&#187;4.27.4&#8243; _module_preset=&#187;default&#187; global_colors_info=&#187;{}&#187;][\/et_pb_image][\/et_pb_column][\/et_pb_row][et_pb_row column_structure=&#187;3_5,2_5&#8243; _builder_version=&#187;4.16&#8243; _module_preset=&#187;default&#187; global_colors_info=&#187;{}&#187;][et_pb_column type=&#187;3_5&#8243; _builder_version=&#187;4.16&#8243; _module_preset=&#187;default&#187; global_colors_info=&#187;{}&#187;][et_pb_text _builder_version=&#187;4.16&#8243; _module_preset=&#187;default&#187; global_colors_info=&#187;{}&#187;]<\/p>\n<p>Dr. med. vet.<br \/>Certified Aquatic Veterinarian<\/p>\n<h1><strong>Kate Frei<\/strong><\/h1>\n<p><strong><\/strong><\/p>\n<p><strong><\/strong><\/p>\n<p>Kate Frei hat w\u00e4hrend ihrer bisherigen Laufbahn in vielen verschiedenen Institutionen und entsprechend mit ganz unterschiedlichen Tierarten gearbeitet. Sie bringt daher eine sehr breite Erfahrung im Bereich Zootier- und Exotenmedizin mit; vom Elefanten bis zur Vogelspinne sind bei ihr alle Tiere bestens aufgehoben. Eine besondere Schw\u00e4che hat sie f\u00fcr Fische und alle anderen Wasserbewohner und hat entsprechend in diesem Bereich eine Spezialausbildung in den USA gemacht. Ihre Freizeit verbringt sie mit der liebevollen Pflege ihrer Aquarien und ihren verschiedenen Kleinnagern sowie diversen kreativen Hobbys.<\/p>\n<p>[\/et_pb_text][et_pb_button button_url=&#187;@ET-DC@eyJkeW5hbWljIjp0cnVlLCJjb250ZW50IjoicG9zdF9saW5rX3VybF9wYWdlIiwic2V0dGluZ3MiOnsicG9zdF9pZCI6IjMzNDQ2In19@&#187; button_text=&#187;Mehr erfahren&#187; _builder_version=&#187;4.16&#8243; _dynamic_attributes=&#187;button_url&#187; _module_preset=&#187;default&#187; custom_button=&#187;on&#187; button_bg_color=&#187;#fcc730&#8243; background_layout=&#187;dark&#187; global_colors_info=&#187;{}&#187;][\/et_pb_button][\/et_pb_column][et_pb_column type=&#187;2_5&#8243; _builder_version=&#187;4.16&#8243; _module_preset=&#187;default&#187; global_colors_info=&#187;{}&#187;][et_pb_image src=&#187;https:\/\/www.exoticus.ch\/wp-content\/uploads\/2021\/08\/UMGD1053.jpeg&#187; title_text=&#187;Kate Hagen mit Pinguin&#187; _builder_version=&#187;4.16&#8243; _module_preset=&#187;default&#187; global_colors_info=&#187;{}&#187;][\/et_pb_image][\/et_pb_column][\/et_pb_row][et_pb_row column_structure=&#187;3_5,2_5&#8243; _builder_version=&#187;4.16&#8243; _module_preset=&#187;default&#187; global_colors_info=&#187;{}&#187;][et_pb_column type=&#187;3_5&#8243; _builder_version=&#187;4.16&#8243; _module_preset=&#187;default&#187; global_colors_info=&#187;{}&#187;][et_pb_text _builder_version=&#187;4.16&#8243; _module_preset=&#187;default&#187; global_colors_info=&#187;{}&#187;]<\/p>\n<p>Tiermedizinische Praxisassistentin (TPA)<\/p>\n<h1><strong>Velia Fornera<\/strong><\/h1>\n<p><strong><\/strong><\/p>\n<p><strong><\/strong><\/p>\n<p>Velia Fornera ist seit ihrer Ausbildung zur tiermedizinischen Praxisassistentin mit Herzblut in ihrem Beruf t\u00e4tig. Ob Grosse, Kleine, Gefiederte, Geschuppte oder solche mit Fell; f\u00fcr alle Tiere hegt sie grosse Zuneigung. Allen Befl\u00fcgelten, Behuften, Kriechenden und solche mit Pfoten:<br \/>\nallen gew\u00e4hrt sie gleiche Aufmerksamkeit und echtes Mitgef\u00fchl. Ihre Freizeit ist so vielf\u00e4ltig wie die ihr zu betreuenden Patienten. Zusammen mit ihrem Partner wird sie begleitet von 2 Border Collies, 2 M\u00e4usej\u00e4gern, 3 gl\u00fccklichen H\u00fchnern und einem edlen Pferdchen.<\/p>\n<p>[\/et_pb_text][\/et_pb_column][et_pb_column type=&#187;2_5&#8243; _builder_version=&#187;4.16&#8243; _module_preset=&#187;default&#187; global_colors_info=&#187;{}&#187;][et_pb_image src=&#187;https:\/\/www.exoticus.ch\/wp-content\/uploads\/2021\/12\/A33AE7DE-CB76-4D1D-BAB7-53EDD887C7B8.jpeg&#187; alt=&#187;TPA Exoticus Velia Fornera&#187; title_text=&#187;TPA Exoticus&#187; _builder_version=&#187;4.16&#8243; _module_preset=&#187;default&#187; global_colors_info=&#187;{}&#187;][\/et_pb_image][\/et_pb_column][\/et_pb_row][et_pb_row column_structure=&#187;3_5,2_5&#8243; _builder_version=&#187;4.16&#8243; _module_preset=&#187;default&#187; global_colors_info=&#187;{}&#187;][et_pb_column type=&#187;3_5&#8243; _builder_version=&#187;4.16&#8243; _module_preset=&#187;default&#187; global_colors_info=&#187;{}&#187;][et_pb_text _builder_version=&#187;4.16&#8243; _module_preset=&#187;default&#187; global_colors_info=&#187;{}&#187;]<\/p>\n<p>Tiermedizinische Praxisassistentin (TPA)<\/p>\n<h1><strong>Delia Aust<br \/><\/strong><\/h1>\n<p><strong><\/strong><\/p>\n<p><strong><\/strong><\/p>\n<p>Delia Aust ist mit sehr vielen verschieden Tieren aufgewachsen. Von Hunden, Katzen, Pferden, Meerschweinchen, Chinchillas, Renn- und Farbm\u00e4usen, Hamstern, Kaninchen, Ratten, einer Vogelspinne und einem Schmuckhornfrosch, war alles dabei. So war es auch bereits in jungen Jahren klar, dass es ein Beruf mit Tieren sein musste. Daher fiel die Berufswahl auf die Tiermedizinische Praxisassistentin. In S\u00fcdafrika sammelte sie auch Erfahrungen mit diversen Wildtieren. Ihre Freizeit verbringt sie gerne mit ihrer Spanischen Windh\u00fcndin und ihrem Kater.<\/p>\n<p>[\/et_pb_text][\/et_pb_column][et_pb_column type=&#187;2_5&#8243; _builder_version=&#187;4.16&#8243; _module_preset=&#187;default&#187; global_colors_info=&#187;{}&#187;][et_pb_image src=&#187;https:\/\/www.exoticus.ch\/wp-content\/uploads\/2022\/03\/531-scaled.jpg&#187; alt=&#187;TPA Exoticus Velia Fornera&#187; title_text=&#187;TPA Exoticus&#187; _builder_version=&#187;4.16&#8243; _module_preset=&#187;default&#187; global_colors_info=&#187;{}&#187;][\/et_pb_image][\/et_pb_column][\/et_pb_row][\/et_pb_section]<\/p>","protected":false},"excerpt":{"rendered":"<p>Dr. med. vet. Dipl. ACZM (Board Certified Specialist in Zoological Medicine) Samuel Frei Samuel Frei hat zuletzt als Oberarzt am Tierspital Z\u00fcrich und als Tierarzt im Zoo Z\u00fcrich gearbeitet. Direkt nach dem Studium hat er den Weg einer mehrj\u00e4hrigen Ausbildung zum diplomierten Exoten- und Zootierarzt eingeschlagen, welcher ihn zuerst nach Deutschland und schlussendlich in die [&hellip;]<\/p>","protected":false},"author":1,"featured_media":0,"parent":0,"menu_order":0,"comment_status":"closed","ping_status":"closed","template":"","meta":{"_et_pb_use_builder":"on","_et_pb_old_content":"","_et_gb_content_width":"","_monsterinsights_skip_tracking":false,"_monsterinsights_sitenote_active":false,"_monsterinsights_sitenote_note":"","_monsterinsights_sitenote_category":0,"footnotes":""},"class_list":["post-33057","page","type-page","status-publish","hentry"],"_links":{"self":[{"href":"https:\/\/www.exoticus.ch\/en\/wp-json\/wp\/v2\/pages\/33057","targetHints":{"allow":["GET"]}}],"collection":[{"href":"https:\/\/www.exoticus.ch\/en\/wp-json\/wp\/v2\/pages"}],"about":[{"href":"https:\/\/www.exoticus.ch\/en\/wp-json\/wp\/v2\/types\/page"}],"author":[{"embeddable":true,"href":"https:\/\/www.exoticus.ch\/en\/wp-json\/wp\/v2\/users\/1"}],"replies":[{"embeddable":true,"href":"https:\/\/www.exoticus.ch\/en\/wp-json\/wp\/v2\/comments?post=33057"}],"version-history":[{"count":29,"href":"https:\/\/www.exoticus.ch\/en\/wp-json\/wp\/v2\/pages\/33057\/revisions"}],"predecessor-version":[{"id":35112,"href":"https:\/\/www.exoticus.ch\/en\/wp-json\/wp\/v2\/pages\/33057\/revisions\/35112"}],"wp:attachment":[{"href":"https:\/\/www.exoticus.ch\/en\/wp-json\/wp\/v2\/media?parent=33057"}],"curies":[{"name":"wp","href":"https:\/\/api.w.org\/{rel}","templated":true}]}}