{"id":33067,"date":"2021-08-08T07:31:24","date_gmt":"2021-08-08T05:31:24","guid":{"rendered":"https:\/\/www.exoticus.ch\/?page_id=33067"},"modified":"2026-01-25T14:53:29","modified_gmt":"2026-01-25T13:53:29","slug":"tieraerzte","status":"publish","type":"page","link":"https:\/\/www.exoticus.ch\/en\/tieraerzte\/","title":{"rendered":"VETERINARIANS"},"content":{"rendered":"<p>[et_pb_section fb_built=&#187;1&#8243; _builder_version=&#187;4.16&#8243; _module_preset=&#187;default&#187; global_colors_info=&#187;{}&#187;][et_pb_row _builder_version=&#187;4.16&#8243; _module_preset=&#187;default&#187; global_colors_info=&#187;{}&#187;][et_pb_column type=&#187;4_4&#8243; _builder_version=&#187;4.16&#8243; _module_preset=&#187;default&#187; global_colors_info=&#187;{}&#187;][et_pb_image src=&#187;https:\/\/www.exoticus.ch\/wp-content\/uploads\/2026\/01\/Signatur-Banner-Weiterbildung-2025-Homepage-homepage@3x.png&#187; title_text=&#187;Signatur Banner Weiterbildung 2025 Homepage homepage@3x&#187; _builder_version=&#187;4.27.5&#8243; _module_preset=&#187;default&#187; hover_enabled=&#187;0&#8243; global_colors_info=&#187;{}&#187; sticky_enabled=&#187;0&#8243;][\/et_pb_image][\/et_pb_column][\/et_pb_row][et_pb_row _builder_version=&#187;4.16&#8243; _module_preset=&#187;default&#187; custom_margin=&#187;54px||||false|false&#187; global_colors_info=&#187;{}&#187;][et_pb_column type=&#187;4_4&#8243; _builder_version=&#187;4.16&#8243; _module_preset=&#187;default&#187; global_colors_info=&#187;{}&#187;][et_pb_text _builder_version=&#187;4.27.5&#8243; _module_preset=&#187;default&#187; text_font_size=&#187;24px&#187; hover_enabled=&#187;0&#8243; global_colors_info=&#187;{}&#187; sticky_enabled=&#187;0&#8243;]<\/p>\n<h1><strong><span style=\"font-size: xx-large;\">Weiterbildungen 2026<\/span><\/strong><strong><span style=\"font-size: xx-large;\"><\/span><\/strong><\/h1>\n<p><span style=\"font-family: inherit; font-weight: normal; font-size: medium;\"><strong>Dieses Jahr f\u00fchren wir wieder mehrere ganzt\u00e4gige Seminar f\u00fcr Tier\u00e4rztinnen\/Tier\u00e4rzte und TPAs durch. Die ganzt\u00e4gigen Seminare finden an einem der sch\u00f6nsten Tagungszentren der Schweiz statt.<\/strong><\/span><\/p>\n<p><span style=\"font-family: inherit; font-weight: normal; font-size: medium;\"><strong>Weiterbildungsort:<br \/><\/strong><\/span><span style=\"font-family: inherit; font-weight: normal; font-size: medium;\">Tagungszentrum Schloss Au, 8804 Au ZH<br \/><strong><\/strong><\/span><span style=\"font-family: inherit; font-weight: normal; font-size: medium;\"><strong>Referent:<br \/><\/strong>Samuel Frei, Dr. med. vet., Dipl. ACZM<br \/><strong><\/strong><\/span><span style=\"font-family: inherit; font-weight: normal; font-size: medium;\"><strong>Sprache:<br \/><\/strong>Deutsch<br \/><strong><\/strong><\/span><span style=\"font-family: inherit; font-weight: normal; font-size: medium;\"><strong><\/strong><\/span><span style=\"font-family: inherit; font-weight: normal; font-size: medium;\"><strong><\/strong><\/span><span style=\"font-family: inherit; font-weight: normal; font-size: medium;\"><strong><\/strong><\/span><span style=\"font-family: inherit; font-weight: normal; font-size: medium;\"><strong>Bildungsstunden:<br \/><\/strong>6 Bildungsstunden werden beantragt<br \/><\/span><span style=\"font-family: inherit; font-weight: normal; font-size: medium;\"><strong>Kosten:<br \/><\/strong>Preis inkl. Mittagessen (Tierarzt\/TPA): 550.00 CHF \/ 450.00 CHF (inkl. MWST)<br \/><strong><\/strong><\/span><span style=\"font-family: inherit; font-weight: normal; font-size: medium;\"><strong>Anmeldung:<br \/><\/strong>Die Anmeldung erfolgt direkt \u00fcber die GST Website: <a href=\"https:\/\/www.gstsvs.ch\/de\/veranstaltungskalender\" target=\"_blank\" rel=\"noopener\">https:\/\/www.gstsvs.ch\/de\/veranstaltungskalende<\/a><strong><\/strong><\/span><\/p>\n<p><span style=\"font-family: inherit; font-weight: normal; font-size: medium;\"><strong><\/strong><\/span><\/p>\n<p style=\"text-align: center;\"><strong>\u00a0<\/strong><\/p>\n<p>[\/et_pb_text][\/et_pb_column][\/et_pb_row][et_pb_row _builder_version=&#187;4.27.5&#8243; _module_preset=&#187;default&#187; column_structure=&#187;3_5,2_5&#8243; min_height=&#187;400.3px&#187; border_width_all=&#187;7px&#187; border_color_all=&#187;gcid-9cce65f1-4375-471a-9e9a-1be7117affa0&#8243; hover_enabled=&#187;0&#8243; sticky_enabled=&#187;0&#8243; custom_padding=&#187;|15px||15px|false|false&#187; global_colors_info=&#187;{%22gcid-9cce65f1-4375-471a-9e9a-1be7117affa0%22:%91%22border_color_all%22%93}&#187;][et_pb_column _builder_version=&#187;4.27.5&#8243; _module_preset=&#187;default&#187; type=&#187;3_5&#8243;][et_pb_text _builder_version=&#187;4.27.5&#8243; _module_preset=&#187;default&#187; hover_enabled=&#187;0&#8243; sticky_enabled=&#187;0&#8243;]<\/p>\n<h1><strong>An\u00e4sthesie von exotischen Heimtieren<\/strong><\/h1>\n<p>Datum: Mittwoch, 17. Juni 2026 \u2013 9:00 bis 17:00<br \/>Ort: 8804 Au ZH<br \/>Referent: Samuel Frei, Dr. med. vet. Dipl. ACZM<\/p>\n<p>&nbsp;<\/p>\n<p>&nbsp;<\/p>\n<p>[\/et_pb_text][\/et_pb_column][et_pb_column _builder_version=&#187;4.27.5&#8243; _module_preset=&#187;default&#187; type=&#187;2_5&#8243;][et_pb_image src=&#187;https:\/\/www.exoticus.ch\/wp-content\/uploads\/2026\/01\/Seminar_Exoticus_Au_1-scaled.jpg&#187; _builder_version=&#187;4.27.5&#8243; _module_preset=&#187;default&#187; alt=&#187;Leerer Seminarraum mit Tischen und St\u00fchlen&#187; title_text=&#187;Seminar_Exoticus_Au_1&#8243; hover_enabled=&#187;0&#8243; sticky_enabled=&#187;0&#8243; url=&#187;https:\/\/www.gstsvs.ch\/de\/veranstaltungskalender\/veranstaltung\/5515&#8243; url_new_window=&#187;on&#187;][\/et_pb_image][\/et_pb_column][\/et_pb_row][et_pb_row _builder_version=&#187;4.27.5&#8243; _module_preset=&#187;default&#187; column_structure=&#187;2_5,3_5&#8243; min_height=&#187;400.2px&#187; border_width_all=&#187;7px&#187; hover_enabled=&#187;0&#8243; sticky_enabled=&#187;0&#8243; global_colors_info=&#187;{%22gcid-heading-color%22:%91%22border_color_all%22%93}&#187; border_color_all=&#187;gcid-heading-color&#187; custom_padding=&#187;|15px||15px|false|false&#187;][et_pb_column _builder_version=&#187;4.27.5&#8243; _module_preset=&#187;default&#187; type=&#187;2_5&#8243;][et_pb_image src=&#187;https:\/\/www.exoticus.ch\/wp-content\/uploads\/2026\/01\/Seminar_Exoticus_Au_2.jpg&#187; _builder_version=&#187;4.27.5&#8243; _module_preset=&#187;default&#187; alt=&#187;Sch\u00f6ne Insel im Wasser mit B\u00e4umen&#187; title_text=&#187;Seminar_Exoticus_Au_2&#8243; hover_enabled=&#187;0&#8243; sticky_enabled=&#187;0&#8243; url_new_window=&#187;on&#187; url=&#187;https:\/\/www.gstsvs.ch\/de\/veranstaltungskalender\/veranstaltung\/5793&#8243;][\/et_pb_image][\/et_pb_column][et_pb_column _builder_version=&#187;4.27.5&#8243; _module_preset=&#187;default&#187; type=&#187;3_5&#8243;][et_pb_text _builder_version=&#187;4.27.5&#8243; _module_preset=&#187;default&#187; hover_enabled=&#187;0&#8243; sticky_enabled=&#187;0&#8243;]<\/p>\n<h1 style=\"text-align: right;\"><strong>Exoten im Praxisalltag &#8211; Teil 1: Anamnese, Untersuchung &amp; Diagnostik<\/strong><\/h1>\n<p style=\"text-align: right;\">Datum: Donnerstag, 27. August 2026 \u2013 9:00 bis 17:00<br \/>Ort: 8804 Au ZH<br \/>Referent: Samuel Frei, Dr. med. vet. Dipl. ACZM<\/p>\n<p>[\/et_pb_text][\/et_pb_column][\/et_pb_row][et_pb_row _builder_version=&#187;4.27.5&#8243; _module_preset=&#187;default&#187; column_structure=&#187;3_5,2_5&#8243; min_height=&#187;400.3px&#187; border_width_all=&#187;7px&#187; border_color_all=&#187;gcid-secondary-color&#187; hover_enabled=&#187;0&#8243; sticky_enabled=&#187;0&#8243; custom_padding=&#187;|15px||15px|false|false&#187; global_colors_info=&#187;{%22gcid-secondary-color%22:%91%22border_color_all%22%93}&#187;][et_pb_column _builder_version=&#187;4.27.5&#8243; _module_preset=&#187;default&#187; type=&#187;3_5&#8243;][et_pb_text _builder_version=&#187;4.27.5&#8243; _module_preset=&#187;default&#187; hover_enabled=&#187;0&#8243; sticky_enabled=&#187;0&#8243;]<\/p>\n<h1><strong>Das Gebiss im Fokus &#8211; Zahnmedizin bei Kaninchen, Meerschweinchen, Chinchilla &amp; Degu<\/strong><\/h1>\n<p>Datum: Donnerstag, 1. Oktober 2026 \u2013 9:00 bis 17:00<br \/>Ort: 8804 Au ZH<br \/>Referent: Samuel Frei, Dr. med. vet. Dipl. ACZM<\/p>\n<p>[\/et_pb_text][\/et_pb_column][et_pb_column _builder_version=&#187;4.27.5&#8243; _module_preset=&#187;default&#187; type=&#187;2_5&#8243;][et_pb_image src=&#187;https:\/\/www.exoticus.ch\/wp-content\/uploads\/2026\/01\/Seminar_Exoticus_Au_3-scaled.jpg&#187; _builder_version=&#187;4.27.5&#8243; _module_preset=&#187;default&#187; title_text=&#187;Seminar_Exoticus_Au_3&#8243; hover_enabled=&#187;0&#8243; sticky_enabled=&#187;0&#8243; url=&#187;https:\/\/www.gstsvs.ch\/de\/veranstaltungskalender\/veranstaltung\/5795&#8243; url_new_window=&#187;on&#187;][\/et_pb_image][\/et_pb_column][\/et_pb_row][et_pb_row _builder_version=&#187;4.27.5&#8243; _module_preset=&#187;default&#187; column_structure=&#187;2_5,3_5&#8243; min_height=&#187;401.3px&#187; border_width_all=&#187;7px&#187; global_colors_info=&#187;{%22gcid-48816dbe-6e27-4821-95f9-8094194a2634%22:%91%22border_color_all%22%93}&#187; border_color_all=&#187;gcid-48816dbe-6e27-4821-95f9-8094194a2634&#8243; hover_enabled=&#187;0&#8243; sticky_enabled=&#187;0&#8243; custom_padding=&#187;|15px||15px|false|false&#187;][et_pb_column _builder_version=&#187;4.27.5&#8243; _module_preset=&#187;default&#187; type=&#187;2_5&#8243;][et_pb_image src=&#187;https:\/\/www.exoticus.ch\/wp-content\/uploads\/2026\/01\/Weiterb_4-scaled.jpg&#187; _builder_version=&#187;4.27.5&#8243; _module_preset=&#187;default&#187; title_text=&#187;Weiterb_4&#8243; hover_enabled=&#187;0&#8243; sticky_enabled=&#187;0&#8243; url=&#187;https:\/\/www.gstsvs.ch\/de\/veranstaltungskalender\/veranstaltung\/5516&#8243; url_new_window=&#187;on&#187;][\/et_pb_image][\/et_pb_column][et_pb_column _builder_version=&#187;4.27.5&#8243; _module_preset=&#187;default&#187; type=&#187;3_5&#8243;][et_pb_text _builder_version=&#187;4.27.5&#8243; _module_preset=&#187;default&#187; hover_enabled=&#187;0&#8243; sticky_enabled=&#187;0&#8243;]<\/p>\n<h1 style=\"text-align: right;\"><strong>An\u00e4sthesie von exotischen Heimtieren<\/strong><\/h1>\n<p style=\"text-align: right;\">Datum: Mittwoch, 9. Dezember 2026 \u2013 9:00 bis 17:00<br \/>Ort: 8804 Au ZH<br \/>Referent: Samuel Frei, Dr. med. vet. Dipl. ACZM<\/p>\n<p>[\/et_pb_text][\/et_pb_column][\/et_pb_row][\/et_pb_section]<\/p>","protected":false},"excerpt":{"rendered":"<p>Weiterbildungen 2026 Dieses Jahr f\u00fchren wir wieder mehrere ganzt\u00e4gige Seminar f\u00fcr Tier\u00e4rztinnen\/Tier\u00e4rzte und TPAs durch. Die ganzt\u00e4gigen Seminare finden an einem der sch\u00f6nsten Tagungszentren der Schweiz statt. Weiterbildungsort:Tagungszentrum Schloss Au, 8804 Au ZHReferent:Samuel Frei, Dr. med. vet., Dipl. ACZMSprache:DeutschBildungsstunden:6 Bildungsstunden werden beantragtKosten:Preis inkl. Mittagessen (Tierarzt\/TPA): 550.00 CHF \/ 450.00 CHF (inkl. MWST)Anmeldung:Die Anmeldung erfolgt direkt [&hellip;]<\/p>","protected":false},"author":1,"featured_media":0,"parent":0,"menu_order":0,"comment_status":"closed","ping_status":"closed","template":"","meta":{"_et_pb_use_builder":"on","_et_pb_old_content":"","_et_gb_content_width":"","_monsterinsights_skip_tracking":false,"_monsterinsights_sitenote_active":false,"_monsterinsights_sitenote_note":"","_monsterinsights_sitenote_category":0,"footnotes":""},"class_list":["post-33067","page","type-page","status-publish","hentry"],"_links":{"self":[{"href":"https:\/\/www.exoticus.ch\/en\/wp-json\/wp\/v2\/pages\/33067","targetHints":{"allow":["GET"]}}],"collection":[{"href":"https:\/\/www.exoticus.ch\/en\/wp-json\/wp\/v2\/pages"}],"about":[{"href":"https:\/\/www.exoticus.ch\/en\/wp-json\/wp\/v2\/types\/page"}],"author":[{"embeddable":true,"href":"https:\/\/www.exoticus.ch\/en\/wp-json\/wp\/v2\/users\/1"}],"replies":[{"embeddable":true,"href":"https:\/\/www.exoticus.ch\/en\/wp-json\/wp\/v2\/comments?post=33067"}],"version-history":[{"count":36,"href":"https:\/\/www.exoticus.ch\/en\/wp-json\/wp\/v2\/pages\/33067\/revisions"}],"predecessor-version":[{"id":35103,"href":"https:\/\/www.exoticus.ch\/en\/wp-json\/wp\/v2\/pages\/33067\/revisions\/35103"}],"wp:attachment":[{"href":"https:\/\/www.exoticus.ch\/en\/wp-json\/wp\/v2\/media?parent=33067"}],"curies":[{"name":"wp","href":"https:\/\/api.w.org\/{rel}","templated":true}]}}