{"id":33076,"date":"2021-08-08T07:35:38","date_gmt":"2021-08-08T05:35:38","guid":{"rendered":"https:\/\/www.exoticus.ch\/?page_id=33076"},"modified":"2025-10-28T16:06:16","modified_gmt":"2025-10-28T15:06:16","slug":"notfall","status":"publish","type":"page","link":"https:\/\/www.exoticus.ch\/en\/notfall\/","title":{"rendered":"EMERGENCY"},"content":{"rendered":"<p>[et_pb_section fb_built=&#187;1&#8243; _builder_version=&#187;4.16&#8243; _module_preset=&#187;default&#187; global_colors_info=&#187;{}&#187;][et_pb_row _builder_version=&#187;4.16&#8243; _module_preset=&#187;default&#187; global_colors_info=&#187;{}&#187;][et_pb_column type=&#187;4_4&#8243; _builder_version=&#187;4.16&#8243; _module_preset=&#187;default&#187; global_colors_info=&#187;{}&#187;][et_pb_image src=&#187;https:\/\/www.exoticus.ch\/wp-content\/uploads\/2021\/08\/twitter-headerpar-ger.jpg&#187; title_text=&#187;twitter headerpar ger&#187; _builder_version=&#187;4.16&#8243; _module_preset=&#187;default&#187; global_colors_info=&#187;{}&#187;][\/et_pb_image][\/et_pb_column][\/et_pb_row][et_pb_row _builder_version=&#187;4.16&#8243; _module_preset=&#187;default&#187; custom_margin=&#187;54px||||false|false&#187; global_colors_info=&#187;{}&#187;][et_pb_column type=&#187;4_4&#8243; _builder_version=&#187;4.16&#8243; _module_preset=&#187;default&#187; global_colors_info=&#187;{}&#187;][et_pb_text _builder_version=&#187;4.25.2&#8243; _module_preset=&#187;default&#187; global_colors_info=&#187;{}&#187;]<\/p>\n<h1 style=\"text-align: center;\"><strong>Notf\u00e4lle <\/strong><strong><\/strong><\/h1>\n<p><strong><\/strong><\/p>\n<p><strong><\/strong><\/p>\n<p class=\"p1\">In dringenden F\u00e4llen stehen wir Ihnen und Ihrem Tier auch ausserhalb der regul\u00e4ren Sprechzeiten zur Verf\u00fcgung.<\/p>\n<p class=\"p1\">Unsere Praxis ist auf die Notfallversorgung von <span class=\"s1\"><b>exotischen Heimtieren<\/b><\/span> spezialisiert, darunter Kaninchen, Nagetiere, V\u00f6gel, Reptilien und Fische.<\/p>\n<p class=\"p2\">\n<p class=\"p1\">\ud83d\udcde <span class=\"s1\"><b>Notfallnummer:<\/b><\/span> 044 577 49 68<\/p>\n<p class=\"p1\">Wir bitten Sie, <span class=\"s1\"><b>vor jedem Notfallbesuch telefonisch Kontakt aufzunehmen<\/b><\/span>, damit wir die bestm\u00f6gliche Vorbereitung f\u00fcr die Behandlung treffen k\u00f6nnen.<\/p>\n<p class=\"p2\">\n<p class=\"p3\"><b>Erreichbarkeit bei Notf\u00e4llen:<\/b><b><\/b><\/p>\n<ul>\n<li>\n<p class=\"p1\">Montag bis Freitag: <span class=\"s1\"><b>08:00 \u2013 20:00 Uhr<\/b><\/span><\/p>\n<\/li>\n<li>\n<p class=\"p1\">Samstag, Sonntag und Feiertage: <span class=\"s1\"><b>08:00 \u2013 20:00 Uhr<\/b><\/span><\/p>\n<\/li>\n<\/ul>\n<p class=\"p2\">\n<p>[\/et_pb_text][\/et_pb_column][\/et_pb_row][\/et_pb_section]<\/p>","protected":false},"excerpt":{"rendered":"<p>Notf\u00e4lle In dringenden F\u00e4llen stehen wir Ihnen und Ihrem Tier auch ausserhalb der regul\u00e4ren Sprechzeiten zur Verf\u00fcgung. Unsere Praxis ist auf die Notfallversorgung von exotischen Heimtieren spezialisiert, darunter Kaninchen, Nagetiere, V\u00f6gel, Reptilien und Fische. \ud83d\udcde Notfallnummer: 044 577 49 68 Wir bitten Sie, vor jedem Notfallbesuch telefonisch Kontakt aufzunehmen, damit wir die bestm\u00f6gliche Vorbereitung f\u00fcr [&hellip;]<\/p>","protected":false},"author":1,"featured_media":0,"parent":0,"menu_order":0,"comment_status":"closed","ping_status":"closed","template":"","meta":{"_et_pb_use_builder":"on","_et_pb_old_content":"","_et_gb_content_width":"","_monsterinsights_skip_tracking":false,"_monsterinsights_sitenote_active":false,"_monsterinsights_sitenote_note":"","_monsterinsights_sitenote_category":0,"footnotes":""},"class_list":["post-33076","page","type-page","status-publish","hentry"],"_links":{"self":[{"href":"https:\/\/www.exoticus.ch\/en\/wp-json\/wp\/v2\/pages\/33076","targetHints":{"allow":["GET"]}}],"collection":[{"href":"https:\/\/www.exoticus.ch\/en\/wp-json\/wp\/v2\/pages"}],"about":[{"href":"https:\/\/www.exoticus.ch\/en\/wp-json\/wp\/v2\/types\/page"}],"author":[{"embeddable":true,"href":"https:\/\/www.exoticus.ch\/en\/wp-json\/wp\/v2\/users\/1"}],"replies":[{"embeddable":true,"href":"https:\/\/www.exoticus.ch\/en\/wp-json\/wp\/v2\/comments?post=33076"}],"version-history":[{"count":23,"href":"https:\/\/www.exoticus.ch\/en\/wp-json\/wp\/v2\/pages\/33076\/revisions"}],"predecessor-version":[{"id":35057,"href":"https:\/\/www.exoticus.ch\/en\/wp-json\/wp\/v2\/pages\/33076\/revisions\/35057"}],"wp:attachment":[{"href":"https:\/\/www.exoticus.ch\/en\/wp-json\/wp\/v2\/media?parent=33076"}],"curies":[{"name":"wp","href":"https:\/\/api.w.org\/{rel}","templated":true}]}}