{"id":33343,"date":"2021-08-17T19:37:38","date_gmt":"2021-08-17T17:37:38","guid":{"rendered":"https:\/\/www.exoticus.ch\/?page_id=33343"},"modified":"2021-09-10T09:28:55","modified_gmt":"2021-09-10T07:28:55","slug":"endoskopie","status":"publish","type":"page","link":"https:\/\/www.exoticus.ch\/en\/endoskopie\/","title":{"rendered":"Endoscopy"},"content":{"rendered":"<p>[et_pb_section fb_built=&#187;1&#8243; fullwidth=&#187;on&#187; _builder_version=&#187;4.9.10&#8243; _module_preset=&#187;default&#187; custom_margin=&#187;0px||0px||false|false&#187; custom_padding=&#187;0px||0px||false|false&#187; global_colors_info=&#187;{}&#187;][et_pb_fullwidth_header title=&#187;Endoskopie&#187; _builder_version=&#187;4.10.4&#8243; _module_preset=&#187;default&#187; background_color=&#187;#0b3648&#8243; custom_margin=&#187;0px||0px||false|false&#187; custom_padding=&#187;15px||12px||false|false&#187; hover_enabled=&#187;0&#8243; global_colors_info=&#187;{}&#187; sticky_enabled=&#187;0&#8243;]<\/p>\n<p>&nbsp;<\/p>\n<p>As in human medicine, minimally invasive techniques are being used more and more in veterinary medicine, both in diagnostics and in surgical interventions. Due to the often small body size of exotic pets, this technique has the advantage that disease processes can be magnified. Additionally, with surgical interventions the healing time is also shortened quite extensively.<\/p>\n<p>[\/et_pb_fullwidth_header][\/et_pb_section][et_pb_section fb_built=&#187;1&#8243; _builder_version=&#187;4.9.10&#8243; _module_preset=&#187;default&#187; custom_margin=&#187;50px||||false|false&#187; custom_padding=&#187;0px||0px||false|false&#187; global_colors_info=&#187;{}&#187;][et_pb_row column_structure=&#187;1_2,1_2&#8243; _builder_version=&#187;4.9.10&#8243; _module_preset=&#187;default&#187; custom_margin=&#187;0px||0px||true|false&#187; custom_padding=&#187;0px||0px||true|false&#187; global_colors_info=&#187;{}&#187;][et_pb_column type=&#187;1_2&#8243; _builder_version=&#187;4.9.10&#8243; _module_preset=&#187;default&#187; global_colors_info=&#187;{}&#187;][et_pb_image src=&#187;https:\/\/www.exoticus.ch\/wp-content\/uploads\/2021\/08\/Zahn_Endoskopie_Exoticus-scaled.jpg&#187; title_text=&#187;Zahn_Endoskopie_Exoticus&#187; _builder_version=&#187;4.10.4&#8243; _module_preset=&#187;default&#187; width=&#187;75%&#187; global_colors_info=&#187;{}&#187;][\/et_pb_image][\/et_pb_column][et_pb_column type=&#187;1_2&#8243; _builder_version=&#187;4.9.10&#8243; _module_preset=&#187;default&#187; global_colors_info=&#187;{}&#187;][et_pb_blurb title=&#187;Zahnuntersuchung S\u00e4ugetiere&#187; _builder_version=&#187;4.10.4&#8243; _module_preset=&#187;default&#187; header_level=&#187;h3&#8243; hover_enabled=&#187;0&#8243; global_colors_info=&#187;{}&#187; sticky_enabled=&#187;0&#8243;]<\/p>\n<p>&nbsp;<\/p>\n<p><span>In rabbits and guinea pigs, but also in other rodents, changes in the very small oral cavity can be depicted much better. This also makes it easier to visualize the surgical field when removing cheek teeth. <\/span><\/p>\n<p>&nbsp;<\/p>\n<p>[\/et_pb_blurb][\/et_pb_column][\/et_pb_row][et_pb_row _builder_version=&#187;4.9.10&#8243; _module_preset=&#187;default&#187; global_colors_info=&#187;{}&#187;][et_pb_column type=&#187;4_4&#8243; _builder_version=&#187;4.9.10&#8243; _module_preset=&#187;default&#187; global_colors_info=&#187;{}&#187;][et_pb_divider color=&#187;#57BB6A&#187; divider_position=&#187;center&#187; divider_weight=&#187;1.5px&#187; _builder_version=&#187;4.9.10&#8243; _module_preset=&#187;default&#187; global_colors_info=&#187;{}&#187;][\/et_pb_divider][\/et_pb_column][\/et_pb_row][et_pb_row column_structure=&#187;1_2,1_2&#8243; _builder_version=&#187;4.9.10&#8243; _module_preset=&#187;default&#187; custom_margin=&#187;||||false&#187; custom_padding=&#187;||||false&#187; global_colors_info=&#187;{}&#187;][et_pb_column type=&#187;1_2&#8243; _builder_version=&#187;4.9.10&#8243; _module_preset=&#187;default&#187; global_colors_info=&#187;{}&#187;][et_pb_blurb title=&#187;Rhinoskopie Kaninchen&#187; _builder_version=&#187;4.10.4&#8243; _module_preset=&#187;default&#187; header_level=&#187;h3&#8243; hover_enabled=&#187;0&#8243; global_colors_info=&#187;{}&#187; sticky_enabled=&#187;0&#8243;]<\/p>\n<p>&nbsp;<\/p>\n<p><span>Rhinitis is one of the most common diseases in rabbits. The changes in the nasal cavity can be visualized by means of endoscopy and, in most cases, small foci of inflammation which often develop over time can also be removed. <\/span><\/p>\n<p>&nbsp;<\/p>\n<p>[\/et_pb_blurb][\/et_pb_column][et_pb_column type=&#187;1_2&#8243; _builder_version=&#187;4.9.10&#8243; _module_preset=&#187;default&#187; global_colors_info=&#187;{}&#187;][et_pb_image src=&#187;https:\/\/www.exoticus.ch\/wp-content\/uploads\/2021\/08\/Kaninchen_free_2-scaled.jpg&#187; title_text=&#187;Kaninchen_free_2&#8243; _builder_version=&#187;4.9.10&#8243; _module_preset=&#187;default&#187; width=&#187;75%&#187; module_alignment=&#187;right&#187; global_colors_info=&#187;{}&#187;][\/et_pb_image][\/et_pb_column][\/et_pb_row][et_pb_row _builder_version=&#187;4.9.10&#8243; _module_preset=&#187;default&#187; global_colors_info=&#187;{}&#187;][et_pb_column type=&#187;4_4&#8243; _builder_version=&#187;4.9.10&#8243; _module_preset=&#187;default&#187; global_colors_info=&#187;{}&#187;][et_pb_divider color=&#187;#57BB6A&#187; divider_position=&#187;center&#187; divider_weight=&#187;1.5px&#187; _builder_version=&#187;4.9.10&#8243; _module_preset=&#187;default&#187; global_colors_info=&#187;{}&#187;][\/et_pb_divider][\/et_pb_column][\/et_pb_row][et_pb_row column_structure=&#187;1_2,1_2&#8243; _builder_version=&#187;4.9.10&#8243; _module_preset=&#187;default&#187; global_colors_info=&#187;{}&#187;][et_pb_column type=&#187;1_2&#8243; _builder_version=&#187;4.9.10&#8243; _module_preset=&#187;default&#187; global_colors_info=&#187;{}&#187;][et_pb_image src=&#187;https:\/\/www.exoticus.ch\/wp-content\/uploads\/2021\/08\/Papagei_Exotiucs_1@0.5x.jpg&#187; title_text=&#187;Papagei_Exoticus&#187; _builder_version=&#187;4.10.4&#8243; _module_preset=&#187;default&#187; width=&#187;75%&#187; global_colors_info=&#187;{}&#187;][\/et_pb_image][\/et_pb_column][et_pb_column type=&#187;1_2&#8243; _builder_version=&#187;4.9.10&#8243; _module_preset=&#187;default&#187; global_colors_info=&#187;{}&#187;][et_pb_blurb title=&#187;V\u00f6gel&#187; _builder_version=&#187;4.9.10&#8243; _module_preset=&#187;default&#187; header_level=&#187;h3&#8243; global_colors_info=&#187;{}&#187;]<\/p>\n<p>&nbsp;<\/p>\n<p><span>Birds are ideal candidates for endoscopy because almost all of the major organs are adjacent to air sacs in the body cavity. Therefore, organs such as the heart, lungs and liver but also the air sacs themselves can be examined for signs of disease and tissue samples can be extracted for further examinations. <\/span><\/p>\n<p>&nbsp;<\/p>\n<p>[\/et_pb_blurb][\/et_pb_column][\/et_pb_row][et_pb_row _builder_version=&#187;4.9.10&#8243; _module_preset=&#187;default&#187; global_colors_info=&#187;{}&#187;][et_pb_column type=&#187;4_4&#8243; _builder_version=&#187;4.9.10&#8243; _module_preset=&#187;default&#187; global_colors_info=&#187;{}&#187;][et_pb_divider color=&#187;#57BB6A&#187; divider_position=&#187;center&#187; divider_weight=&#187;1.5px&#187; _builder_version=&#187;4.9.10&#8243; _module_preset=&#187;default&#187; global_colors_info=&#187;{}&#187;][\/et_pb_divider][\/et_pb_column][\/et_pb_row][et_pb_row column_structure=&#187;1_2,1_2&#8243; _builder_version=&#187;4.9.10&#8243; _module_preset=&#187;default&#187; global_colors_info=&#187;{}&#187;][et_pb_column type=&#187;1_2&#8243; _builder_version=&#187;4.9.10&#8243; _module_preset=&#187;default&#187; global_colors_info=&#187;{}&#187;][et_pb_blurb title=&#187;Reptilien&#187; _builder_version=&#187;4.9.10&#8243; _module_preset=&#187;default&#187; header_level=&#187;h3&#8243; global_colors_info=&#187;{}&#187;]<\/p>\n<p>&nbsp;<\/p>\n<p><span>Since most reptiles, like birds, do not have a diaphragm, almost every organ can be viewed through an endoscopic examination of the abdominal cavity. <\/span><\/p>\n<p><span>In turtles and tortoises, the advantage is that the shell does not have to be opened, since almost all surgeries can be carried out through a small incision in front of the hind leg. <\/span><\/p>\n<p>&nbsp;<\/p>\n<p>[\/et_pb_blurb][\/et_pb_column][et_pb_column type=&#187;1_2&#8243; _builder_version=&#187;4.9.10&#8243; _module_preset=&#187;default&#187; global_colors_info=&#187;{}&#187;][et_pb_image src=&#187;https:\/\/www.exoticus.ch\/wp-content\/uploads\/2021\/08\/Endoskopie_Reptil-scaled.jpg&#187; title_text=&#187;Endoskopie_Reptil&#187; _builder_version=&#187;4.10.4&#8243; _module_preset=&#187;default&#187; width=&#187;75%&#187; module_alignment=&#187;right&#187; global_colors_info=&#187;{}&#187;][\/et_pb_image][\/et_pb_column][\/et_pb_row][et_pb_row _builder_version=&#187;4.9.10&#8243; _module_preset=&#187;default&#187; global_colors_info=&#187;{}&#187;][et_pb_column type=&#187;4_4&#8243; _builder_version=&#187;4.9.10&#8243; _module_preset=&#187;default&#187; global_colors_info=&#187;{}&#187;][et_pb_divider color=&#187;#57BB6A&#187; divider_position=&#187;center&#187; divider_weight=&#187;1.5px&#187; _builder_version=&#187;4.9.10&#8243; _module_preset=&#187;default&#187; global_colors_info=&#187;{}&#187;][\/et_pb_divider][\/et_pb_column][\/et_pb_row][et_pb_row column_structure=&#187;1_2,1_2&#8243; _builder_version=&#187;4.9.10&#8243; _module_preset=&#187;default&#187; global_colors_info=&#187;{}&#187;][et_pb_column type=&#187;1_2&#8243; _builder_version=&#187;4.9.10&#8243; _module_preset=&#187;default&#187; global_colors_info=&#187;{}&#187;][et_pb_image src=&#187;https:\/\/www.exoticus.ch\/wp-content\/uploads\/2021\/08\/Meerschweinchen_Exoticus2.jpg&#187; title_text=&#187;Meerschweinchen_Exoticus2&#8243; _builder_version=&#187;4.10.4&#8243; _module_preset=&#187;default&#187; width=&#187;75%&#187; global_colors_info=&#187;{}&#187;][\/et_pb_image][\/et_pb_column][et_pb_column type=&#187;1_2&#8243; _builder_version=&#187;4.9.10&#8243; _module_preset=&#187;default&#187; global_colors_info=&#187;{}&#187;][et_pb_blurb title=&#187;Weibliche Meerschweinchen &#187; _builder_version=&#187;4.9.10&#8243; _module_preset=&#187;default&#187; header_level=&#187;h3&#8243; global_colors_info=&#187;{}&#187;]<\/p>\n<p>&nbsp;<\/p>\n<p><span>Guinea pigs often suffer from urinary stones, and in female guinea pigs it is very easy to remove the stones through the urethra using an endoscope. This saves the animal from having to undergo major surgery. <\/span><\/p>\n<p>[\/et_pb_blurb][\/et_pb_column][\/et_pb_row][\/et_pb_section]<\/p>","protected":false},"excerpt":{"rendered":"<p>&nbsp; Gleich wie in der Humanmedizin wird auch in der Veterin\u00e4rmedizin immer mehr auf minimalinvasive Techniken gesetzt, sowohl bei der Diagnostik als auch bei chirurgischen Eingriffen. Durch die oft kleine K\u00f6rpergr\u00f6sse von exotischen Heimtieren hat dies den Vorteil, dass Ver\u00e4nderungen viel gr\u00f6sser dargestellt werden k\u00f6nnen. Ebenfalls verk\u00fcrzt sich gerade bei chirurgischen Eingriffen die Heilungszeit.&nbsp; Bei [&hellip;]<\/p>","protected":false},"author":1,"featured_media":0,"parent":0,"menu_order":0,"comment_status":"closed","ping_status":"closed","template":"","meta":{"_et_pb_use_builder":"on","_et_pb_old_content":"","_et_gb_content_width":"","_monsterinsights_skip_tracking":false,"_monsterinsights_sitenote_active":false,"_monsterinsights_sitenote_note":"","_monsterinsights_sitenote_category":0,"footnotes":""},"class_list":["post-33343","page","type-page","status-publish","hentry"],"_links":{"self":[{"href":"https:\/\/www.exoticus.ch\/en\/wp-json\/wp\/v2\/pages\/33343","targetHints":{"allow":["GET"]}}],"collection":[{"href":"https:\/\/www.exoticus.ch\/en\/wp-json\/wp\/v2\/pages"}],"about":[{"href":"https:\/\/www.exoticus.ch\/en\/wp-json\/wp\/v2\/types\/page"}],"author":[{"embeddable":true,"href":"https:\/\/www.exoticus.ch\/en\/wp-json\/wp\/v2\/users\/1"}],"replies":[{"embeddable":true,"href":"https:\/\/www.exoticus.ch\/en\/wp-json\/wp\/v2\/comments?post=33343"}],"version-history":[{"count":8,"href":"https:\/\/www.exoticus.ch\/en\/wp-json\/wp\/v2\/pages\/33343\/revisions"}],"predecessor-version":[{"id":33588,"href":"https:\/\/www.exoticus.ch\/en\/wp-json\/wp\/v2\/pages\/33343\/revisions\/33588"}],"wp:attachment":[{"href":"https:\/\/www.exoticus.ch\/en\/wp-json\/wp\/v2\/media?parent=33343"}],"curies":[{"name":"wp","href":"https:\/\/api.w.org\/{rel}","templated":true}]}}