{"id":33429,"date":"2021-08-25T19:53:57","date_gmt":"2021-08-25T17:53:57","guid":{"rendered":"https:\/\/www.exoticus.ch\/?page_id=33429"},"modified":"2025-02-17T20:41:03","modified_gmt":"2025-02-17T19:41:03","slug":"kontakt","status":"publish","type":"page","link":"https:\/\/www.exoticus.ch\/en\/kontakt\/","title":{"rendered":"CONTACT"},"content":{"rendered":"<p>[et_pb_section fb_built=&#187;1&#8243; _builder_version=&#187;4.16&#8243; _module_preset=&#187;default&#187; custom_margin=&#187;0px||0px||false|false&#187; custom_padding=&#187;0px||0px||false|false&#187; global_colors_info=&#187;{}&#187;][et_pb_row _builder_version=&#187;4.16&#8243; _module_preset=&#187;default&#187; custom_padding=&#187;||0px||false|false&#187; global_colors_info=&#187;{}&#187;][et_pb_column type=&#187;4_4&#8243; _builder_version=&#187;4.16&#8243; _module_preset=&#187;default&#187; global_colors_info=&#187;{}&#187;][et_pb_image src=&#187;https:\/\/www.exoticus.ch\/wp-content\/uploads\/2021\/08\/twitter-headergui-ger.jpg&#187; title_text=&#187;twitter headergui ger&#187; _builder_version=&#187;4.16&#8243; _module_preset=&#187;default&#187; global_colors_info=&#187;{}&#187;][\/et_pb_image][\/et_pb_column][\/et_pb_row][\/et_pb_section][et_pb_section fb_built=&#187;1&#8243; _builder_version=&#187;4.16&#8243; _module_preset=&#187;default&#187; global_colors_info=&#187;{}&#187;][et_pb_row _builder_version=&#187;4.16&#8243; _module_preset=&#187;default&#187; global_colors_info=&#187;{}&#187;][et_pb_column type=&#187;4_4&#8243; _builder_version=&#187;4.16&#8243; _module_preset=&#187;default&#187; global_colors_info=&#187;{}&#187;][et_pb_map address=&#187;Sihlquai 10, 8134 Adliswil, Schweiz&#187; zoom_level=&#187;11&#8243; address_lat=&#187;47.346295681298&#8243; address_lng=&#187;8.5423511011719&#8243; _builder_version=&#187;4.16&#8243; _module_preset=&#187;default&#187; global_colors_info=&#187;{}&#187;][et_pb_map_pin title=&#187;Sihlquai 10 8134 Adliswil&#187; pin_address=&#187;Sihlquai 10, 8134 Adliswil, Schweiz&#187; pin_address_lat=&#187;47.3137012&#8243; pin_address_lng=&#187;8.5272449&#8243; _builder_version=&#187;4.10.7&#8243; _module_preset=&#187;default&#187; global_colors_info=&#187;{}&#187;][\/et_pb_map_pin][\/et_pb_map][\/et_pb_column][\/et_pb_row][et_pb_row column_structure=&#187;1_2,1_2&#8243; _builder_version=&#187;4.16&#8243; _module_preset=&#187;default&#187; global_colors_info=&#187;{}&#187;][et_pb_column type=&#187;1_2&#8243; _builder_version=&#187;4.16&#8243; _module_preset=&#187;default&#187; global_colors_info=&#187;{}&#187;][et_pb_text _builder_version=&#187;4.16&#8243; _module_preset=&#187;default&#187; global_colors_info=&#187;{}&#187;]<\/p>\n<h2><strong>Scheduling an appointment<\/strong><\/h2>\n<p>Termine k\u00f6nnen w\u00e4hrend den \u00d6ffnungszeiten telefonisch vereinbart werden unter 044 577 49 66.<\/p>\n<p>&nbsp;<\/p>\n<p>&nbsp;<\/p>\n<p>[\/et_pb_text][\/et_pb_column][et_pb_column type=&#187;1_2&#8243; _builder_version=&#187;4.16&#8243; _module_preset=&#187;default&#187; global_colors_info=&#187;{}&#187;][et_pb_text _builder_version=&#187;4.16&#8243; _module_preset=&#187;default&#187; global_colors_info=&#187;{}&#187;]<\/p>\n<p>Wir bieten Ihnen folgende Zahlungsm\u00f6glichkeiten an: <\/p>\n<p>-EC-Karte<br \/>-Barzahlung<br \/>-VPAY<br \/>-TWINT<br \/>-Postcard<br \/>-Kreditkarte (VISA\/Mastercard)<\/p>\n<p>&nbsp;<\/p>\n<p>&nbsp;<\/p>\n<p>[\/et_pb_text][\/et_pb_column][\/et_pb_row][et_pb_row column_structure=&#187;3_5,2_5&#8243; _builder_version=&#187;4.16&#8243; _module_preset=&#187;default&#187; global_colors_info=&#187;{}&#187;][et_pb_column type=&#187;3_5&#8243; _builder_version=&#187;4.16&#8243; _module_preset=&#187;default&#187; global_colors_info=&#187;{}&#187;][et_pb_text _builder_version=&#187;4.16&#8243; _module_preset=&#187;default&#187; global_colors_info=&#187;{}&#187;]<\/p>\n<h2><strong>Terminvereinbarung online<\/strong><\/h2>\n<p>Neu k\u00f6nnen Termine auch sehr einfach online gebucht werden via petsXL. Bitte beachten Sie aber, dass nur eine gewisse Anzahl an Terminen online zur verf\u00fcgung steht. Falls Sie an einem anderen Tag einen Termin w\u00fcnschen bzw. es sich um einen <strong>Notfall<\/strong> handelt, rufen Sie uns bitte an!<\/p>\n<p>[\/et_pb_text][\/et_pb_column][et_pb_column type=&#187;2_5&#8243; _builder_version=&#187;4.16&#8243; _module_preset=&#187;default&#187; global_colors_info=&#187;{}&#187;][et_pb_code _builder_version=&#187;4.16&#8243; _module_preset=&#187;default&#187; global_colors_info=&#187;{}&#187;]<a href=\"https:\/\/app.petsxl.com\/#\/signin\/appointment-registration-start\/a8ca2cdb-f614-4a22-bbfa-5bfb8a56875f\" target=\"_blank\" rel=\"noopener\"><!-- [et_pb_line_break_holder] -->            <img width=\"415\"<!--no numeric noise key 1003-->                 height=&#187;110&#8243;<!-- [et_pb_line_break_holder] -->                 alt=&#187;Terminvereinbarung \u00fcber petsXL&#187;<!-- [et_pb_line_break_holder] -->                 srcset=&#187;https:\/\/app.petsxl.com\/assets\/appointment-snippet\/de-DE.png 1x, https:\/\/app.petsxl.com\/assets\/appointment-snippet\/de-DE@2x.png 2x&#187;                  \t\t src=&#187;https:\/\/app.petsxl.com\/assets\/appointment-snippet\/de-DE.png&#187;><!-- [et_pb_line_break_holder] -->        <\/a>[\/et_pb_code][\/et_pb_column][\/et_pb_row][et_pb_row _builder_version=&#187;4.16&#8243; _module_preset=&#187;default&#187; custom_margin=&#187;-8px|auto|-44px|auto|false|false&#187; global_colors_info=&#187;{}&#187;][et_pb_column type=&#187;4_4&#8243; _builder_version=&#187;4.16&#8243; _module_preset=&#187;default&#187; global_colors_info=&#187;{}&#187;][et_pb_divider color=&#187;#57BB6A&#187; divider_position=&#187;center&#187; divider_weight=&#187;1.5px&#187; _builder_version=&#187;4.16&#8243; _module_preset=&#187;default&#187; global_colors_info=&#187;{}&#187;][\/et_pb_divider][\/et_pb_column][\/et_pb_row][et_pb_row _builder_version=&#187;4.16&#8243; _module_preset=&#187;default&#187; global_colors_info=&#187;{}&#187;][et_pb_column type=&#187;4_4&#8243; _builder_version=&#187;4.16&#8243; _module_preset=&#187;default&#187; global_colors_info=&#187;{}&#187;][et_pb_text _builder_version=&#187;4.16&#8243; _module_preset=&#187;default&#187; global_colors_info=&#187;{}&#187;]<\/p>\n<h2><strong>Parkpl\u00e4tze<\/strong><\/h2>\n<p>Es befinden sich Besucherparkpl\u00e4tze gleich neben dem Haus. Falls diese besetzt sind gibt es gen\u00fcgend geb\u00fchrenpflichtige Parkpl\u00e4tze auf dem grossen Sammelparkplatz neben der Bahnhofbr\u00fccke. Von da aus ist die Praxis in wenigen Gehminuten der Sihl entlang erreichbar.<\/p>\n<p>&nbsp;<\/p>\n<h2><strong>\u00d6ffentliche Verkehrsmittel<\/strong><\/h2>\n<p>Der Bahnhof Adliswil ist nur 5 Gehminuten von der Praxis entfernt. Ebenfalls befindet sich die Bushaltestelle Adliswil, Krone der Linie 184 gleich vor dem Eingang zum\u00a0 Sammelparkplatz.<\/p>\n<p>[\/et_pb_text][et_pb_image src=&#187;https:\/\/www.exoticus.ch\/wp-content\/uploads\/2022\/03\/Flyer-A6-Exoticus-Ru\u0308ckseite-e1647181566539.jpg&#187; alt=&#187;Parkplatz Exoticus&#187; title_text=&#187;Flyer A6 Exoticus Ru\u0308ckseite&#187; _builder_version=&#187;4.16&#8243; _module_preset=&#187;default&#187; global_colors_info=&#187;{}&#187;][\/et_pb_image][\/et_pb_column][\/et_pb_row][\/et_pb_section][et_pb_section fb_built=&#187;1&#8243; _builder_version=&#187;4.16&#8243; _module_preset=&#187;default&#187; background_color=&#187;RGBA(38,134,193,0.26)&#187; custom_padding=&#187;10px||10px|||&#187; global_colors_info=&#187;{}&#187;][et_pb_row column_structure=&#187;1_2,1_2&#8243; _builder_version=&#187;4.16&#8243; _module_preset=&#187;default&#187; background_enable_color=&#187;off&#187; background_enable_image=&#187;off&#187; custom_margin=&#187;0px||||false|false&#187; custom_padding=&#187;|0px||0px|false|true&#187; global_colors_info=&#187;{%22gcid-b7263ba0-0ed7-42b9-9432-6fea31d3516e%22:%91%93}&#187;][et_pb_column type=&#187;1_2&#8243; _builder_version=&#187;4.16&#8243; _module_preset=&#187;default&#187; global_colors_info=&#187;{}&#187;][et_pb_text _builder_version=&#187;4.16&#8243; _module_preset=&#187;default&#187; text_text_color=&#187;#000000&#8243; header_text_color=&#187;#000000&#8243; header_2_text_color=&#187;#000000&#8243; global_colors_info=&#187;{}&#187;]<\/p>\n<h2><strong>Contact<\/strong><\/h2>\n<p>[\/et_pb_text][et_pb_text _builder_version=&#187;4.27.4&#8243; _module_preset=&#187;default&#187; text_text_color=&#187;#000000&#8243; header_3_font=&#187;|600|||||||&#187; header_3_text_color=&#187;#0b3648&#8243; custom_margin=&#187;0px|||0px|false|false&#187; custom_padding=&#187;0px|||0px|false|false&#187; hover_enabled=&#187;0&#8243; global_colors_info=&#187;{}&#187; sticky_enabled=&#187;0&#8243;]<\/p>\n<p><strong>Exoticus &#8211; Zentrum f\u00fcr Heim- <\/strong><br \/><strong>und Zootiermedizin<\/strong><br \/>Sihlquai 10<br \/>8134 Adliswil<\/p>\n<p>Tel: 044 577 49 66<br \/>E-Mail: praxis[at]exoticus.ch<\/p>\n<p>[\/et_pb_text][\/et_pb_column][et_pb_column type=&#187;1_2&#8243; _builder_version=&#187;4.16&#8243; _module_preset=&#187;default&#187; global_colors_info=&#187;{}&#187;][et_pb_text _builder_version=&#187;4.16&#8243; _module_preset=&#187;default&#187; header_2_text_color=&#187;#000000&#8243; global_colors_info=&#187;{}&#187;]<\/p>\n<h2><strong>Opening hours<\/strong><\/h2>\n<p>[\/et_pb_text][dsm_business_hours separator_gap=&#187;14px&#187; divider_style=&#187;solid&#187; divider_weight=&#187;2px&#187; item_padding=&#187;||||false|false&#187; item_padding_tablet=&#187;&#187; item_padding_phone=&#187;|||0px|false|false&#187; item_padding_last_edited=&#187;on|phone&#187; _builder_version=&#187;4.16&#8243; _module_preset=&#187;default&#187; text_text_color=&#187;#000000&#8243; header_text_color=&#187;#000000&#8243; width=&#187;92%&#187; max_width=&#187;100%&#187; custom_margin=&#187;||||false|false&#187; text_font_size_tablet=&#187;&#187; text_font_size_phone=&#187;10px&#187; text_font_size_last_edited=&#187;on|phone&#187; global_colors_info=&#187;{}&#187; custom_css_main_element__hover_enabled=&#187;on|desktop&#187;][dsm_business_hours_child time=&#187;8:30 &#8211; 12:00 &#8211; : &#8211; 14:00 &#8211; 18:00&#8243; title=&#187;Montag&#187; _builder_version=&#187;4.16&#8243; _module_preset=&#187;default&#187; time_font=&#187;||||||||&#187; time_letter_spacing=&#187;0px&#187; width=&#187;100%&#187; max_width=&#187;100%&#187; module_alignment=&#187;left&#187; custom_css_main_element=&#187;<script><\/p>\n<h3>Exoticus - Zentrum f\u00fcr Heim- und Zootiermedizin<\/h3>\n<p>\" global_colors_info=\"{}\"][\/dsm_business_hours_child][dsm_business_hours_child time=\"8:30 - 12:00 - : - 14:00 - 18:00\" title=\"Dienstag\" _builder_version=\"4.16\" _module_preset=\"default\" custom_css_main_element=\"<script><\/p>\n<h3>Exoticus - Zentrum f\u00fcr Heim- und Zootiermedizin<\/h3>\n<p>\" global_colors_info=\"{}\"][\/dsm_business_hours_child][dsm_business_hours_child time=\"8:30 - 12:00 - : - 14:00 - 18:00\" title=\"Mittwoch\" _builder_version=\"4.16\" _module_preset=\"default\" custom_css_main_element=\"<script><\/p>\n<h3>Exoticus - Zentrum f\u00fcr Heim- und Zootiermedizin<\/h3>\n<p>\" global_colors_info=\"{}\"][\/dsm_business_hours_child][dsm_business_hours_child time=\"8:30 - 12:00\" title=\"Donnerstag\" _builder_version=\"4.16\" _module_preset=\"default\" width=\"100%\" custom_padding=\"|137px|||false|false\" custom_padding_tablet=\"\" custom_padding_phone=\"|86px|||false|false\" custom_padding_last_edited=\"on|phone\" custom_css_main_element=\"<script><\/p>\n<h3>Exoticus - Zentrum f\u00fcr Heim- und Zootiermedizin<\/h3>\n<p>\" global_colors_info=\"{}\"][\/dsm_business_hours_child][dsm_business_hours_child time=\"8:30 - 12:00 - : - 14:00 - 18:00\" title=\"Freitag\" _builder_version=\"4.16\" _module_preset=\"default\" custom_css_main_element=\"<script><\/p>\n<h3>Exoticus - Zentrum f\u00fcr Heim- und Zootiermedizin<\/h3>\n<p>\" global_colors_info=\"{}\"][\/dsm_business_hours_child][dsm_business_hours_child time=\"8:30 - 12:00\" title=\"Samstag\" _builder_version=\"4.16\" _module_preset=\"default\" custom_padding=\"|137px||0px|false|false\" custom_padding_tablet=\"\" custom_padding_phone=\"|86px||0px|false|false\" custom_padding_last_edited=\"on|phone\" custom_css_main_element=\"<script><\/p>\n<h3>Exoticus - Zentrum f\u00fcr Heim- und Zootiermedizin<\/h3>\n<p>\" global_colors_info=\"{}\"][\/dsm_business_hours_child][dsm_business_hours_child time=\"geschlossen\" title=\"Sonntag\" _builder_version=\"4.16\" _module_preset=\"default\" width=\"100%\" custom_padding=\"|128px|||false|false\" custom_padding_tablet=\"\" custom_padding_phone=\"|79px|||false|false\" custom_padding_last_edited=\"on|phone\" custom_css_main_element=\"<script><\/p>\n<h3>Exoticus - Zentrum f\u00fcr Heim- und Zootiermedizin<\/h3>\n<p>\" global_colors_info=\"{}\"][\/dsm_business_hours_child][dsm_business_hours_child time=\" \" title=\"Sprechstunde nur nach telefonischer Vereinbarung\" _builder_version=\"4.16\" _module_preset=\"default\" custom_padding=\"25px||||false|false\" global_colors_info=\"{}\"][\/dsm_business_hours_child][\/dsm_business_hours][\/et_pb_column][\/et_pb_row][\/et_pb_section]<\/p>","protected":false},"excerpt":{"rendered":"<p>Terminvereinbarung Termine k\u00f6nnen w\u00e4hrend den \u00d6ffnungszeiten telefonisch vereinbart werden unter 044 577 49 66. &nbsp; &nbsp;Wir bieten Ihnen folgende Zahlungsm\u00f6glichkeiten an: -EC-Karte-Barzahlung-VPAY-TWINT-Postcard-Kreditkarte (VISA\/Mastercard) &nbsp; &nbsp;Terminvereinbarung online Neu k\u00f6nnen Termine auch sehr einfach online gebucht werden via petsXL. Bitte beachten Sie aber, dass nur eine gewisse Anzahl an Terminen online zur verf\u00fcgung steht. Falls Sie an [&hellip;]<\/p>","protected":false},"author":1,"featured_media":0,"parent":0,"menu_order":0,"comment_status":"closed","ping_status":"closed","template":"","meta":{"_et_pb_use_builder":"on","_et_pb_old_content":"","_et_gb_content_width":"","_monsterinsights_skip_tracking":false,"_monsterinsights_sitenote_active":false,"_monsterinsights_sitenote_note":"","_monsterinsights_sitenote_category":0,"footnotes":""},"class_list":["post-33429","page","type-page","status-publish","hentry"],"_links":{"self":[{"href":"https:\/\/www.exoticus.ch\/en\/wp-json\/wp\/v2\/pages\/33429","targetHints":{"allow":["GET"]}}],"collection":[{"href":"https:\/\/www.exoticus.ch\/en\/wp-json\/wp\/v2\/pages"}],"about":[{"href":"https:\/\/www.exoticus.ch\/en\/wp-json\/wp\/v2\/types\/page"}],"author":[{"embeddable":true,"href":"https:\/\/www.exoticus.ch\/en\/wp-json\/wp\/v2\/users\/1"}],"replies":[{"embeddable":true,"href":"https:\/\/www.exoticus.ch\/en\/wp-json\/wp\/v2\/comments?post=33429"}],"version-history":[{"count":18,"href":"https:\/\/www.exoticus.ch\/en\/wp-json\/wp\/v2\/pages\/33429\/revisions"}],"predecessor-version":[{"id":35017,"href":"https:\/\/www.exoticus.ch\/en\/wp-json\/wp\/v2\/pages\/33429\/revisions\/35017"}],"wp:attachment":[{"href":"https:\/\/www.exoticus.ch\/en\/wp-json\/wp\/v2\/media?parent=33429"}],"curies":[{"name":"wp","href":"https:\/\/api.w.org\/{rel}","templated":true}]}}