{"id":33442,"date":"2021-08-25T20:07:56","date_gmt":"2021-08-25T18:07:56","guid":{"rendered":"https:\/\/www.exoticus.ch\/?page_id=33442"},"modified":"2024-11-07T08:39:35","modified_gmt":"2024-11-07T07:39:35","slug":"samuel-frei","status":"publish","type":"page","link":"https:\/\/www.exoticus.ch\/en\/samuel-frei\/","title":{"rendered":"Samuel Frei"},"content":{"rendered":"<p>[et_pb_section fb_built=&#187;1&#8243; _builder_version=&#187;4.16&#8243; _module_preset=&#187;default&#187; custom_margin=&#187;||0px||false|false&#187; custom_padding=&#187;||0px||false|false&#187; global_colors_info=&#187;{}&#187;][et_pb_row column_structure=&#187;3_5,2_5&#8243; _builder_version=&#187;4.16&#8243; _module_preset=&#187;default&#187; global_colors_info=&#187;{}&#187;][et_pb_column type=&#187;3_5&#8243; _builder_version=&#187;4.16&#8243; _module_preset=&#187;default&#187; global_colors_info=&#187;{}&#187;][et_pb_text _builder_version=&#187;4.16&#8243; _module_preset=&#187;default&#187; global_colors_info=&#187;{}&#187;]<\/p>\n<p>Dr. med. vet.<\/p>\n<h1><strong>Samuel Frei<\/strong><\/h1>\n<p><strong><\/strong><\/p>\n<p><strong><\/strong><\/p>\n<p>Samuel Frei hat zuletzt als Oberarzt am Tierspital Z\u00fcrich und als Tierarzt im Zoo Z\u00fcrich gearbeitet. Direkt nach dem Studium hat er den Weg einer mehrj\u00e4hrigen Ausbildung zum diplomierten Exoten- und Zootierarzt eingeschlagen, welcher ihn zuerst nach Deutschland und schlussendlich in die USA gef\u00fchrt hat. Einen Teil seiner Ausbildung konnte er sogar n Kalifornien an der UC Davis abschliessen, einer der besten Veterin\u00e4runiversit\u00e4ten der Welt. Seine Leidenschaft gilt vor allem der Endoskopie und Chirurgie. In seiner Freizeit verbringt er viel Zeit mit seinem Hund Dixie und seinen Kaninchen Leopold, Nola, Oona und Finn.<\/p>\n<p>&nbsp;<\/p>\n<p>&nbsp;<\/p>\n<p>&nbsp;<\/p>\n<h4>CV<\/h4>\n<p>&nbsp;<\/p>\n<p>Since 2021<br \/>Owner of Exoticus - Clinic for exotic pet and zoo animal medicine<\/p>\n<p>2018-2021<br \/>Senior physician at the clinic for zoo-, exotic- and wild animals at the Zurich Animal Hospital and as a veterinarian at the Zurich Zoo<\/p>\n<p>2017-2018<br \/>Resident ACZM, Companion Exotic Animal Medicine &amp; Surgery Service, UC Davis, USA<\/p>\n<p>2015-2017<br \/>Resident ACZM, Zoo Wuppertal und TiHo Hannover, Deutschland<\/p>\n<p>2014-2015<br \/>Veterinary assistant at the clinic for zoo-, exotic- and wild animals at the Zurich Animal Hospital<\/p>\n<p>2013-2014<br \/>Dissertation at the clinic for zoo-, exotic- and wild animals at the Zurich Animal Hospital<\/p>\n<p>2006-2013<br \/>Veterinary studies, University of Zurich<\/p>\n<p>[\/et_pb_text][\/et_pb_column][et_pb_column type=&#187;2_5&#8243; _builder_version=&#187;4.16&#8243; _module_preset=&#187;default&#187; global_colors_info=&#187;{}&#187;][et_pb_image src=&#187;https:\/\/www.exoticus.ch\/wp-content\/uploads\/2021\/08\/IMG_1537-scaled.jpeg&#187; title_text=&#187;IMG_1537&#8243; _builder_version=&#187;4.16&#8243; _module_preset=&#187;default&#187; global_colors_info=&#187;{}&#187;][\/et_pb_image][\/et_pb_column][\/et_pb_row][\/et_pb_section]<\/p>","protected":false},"excerpt":{"rendered":"<p>Dr. med. vet. Samuel Frei Samuel Frei hat zuletzt als Oberarzt am Tierspital Z\u00fcrich und als Tierarzt im Zoo Z\u00fcrich gearbeitet. Direkt nach dem Studium hat er den Weg einer mehrj\u00e4hrigen Ausbildung zum diplomierten Exoten- und Zootierarzt eingeschlagen, welcher ihn zuerst nach Deutschland und schlussendlich in die USA gef\u00fchrt hat. Einen Teil seiner Ausbildung konnte [&hellip;]<\/p>","protected":false},"author":1,"featured_media":0,"parent":0,"menu_order":0,"comment_status":"closed","ping_status":"closed","template":"","meta":{"_et_pb_use_builder":"on","_et_pb_old_content":"","_et_gb_content_width":"","_monsterinsights_skip_tracking":false,"_monsterinsights_sitenote_active":false,"_monsterinsights_sitenote_note":"","_monsterinsights_sitenote_category":0,"footnotes":""},"class_list":["post-33442","page","type-page","status-publish","hentry"],"_links":{"self":[{"href":"https:\/\/www.exoticus.ch\/en\/wp-json\/wp\/v2\/pages\/33442","targetHints":{"allow":["GET"]}}],"collection":[{"href":"https:\/\/www.exoticus.ch\/en\/wp-json\/wp\/v2\/pages"}],"about":[{"href":"https:\/\/www.exoticus.ch\/en\/wp-json\/wp\/v2\/types\/page"}],"author":[{"embeddable":true,"href":"https:\/\/www.exoticus.ch\/en\/wp-json\/wp\/v2\/users\/1"}],"replies":[{"embeddable":true,"href":"https:\/\/www.exoticus.ch\/en\/wp-json\/wp\/v2\/comments?post=33442"}],"version-history":[{"count":5,"href":"https:\/\/www.exoticus.ch\/en\/wp-json\/wp\/v2\/pages\/33442\/revisions"}],"predecessor-version":[{"id":34927,"href":"https:\/\/www.exoticus.ch\/en\/wp-json\/wp\/v2\/pages\/33442\/revisions\/34927"}],"wp:attachment":[{"href":"https:\/\/www.exoticus.ch\/en\/wp-json\/wp\/v2\/media?parent=33442"}],"curies":[{"name":"wp","href":"https:\/\/api.w.org\/{rel}","templated":true}]}}