{"id":33589,"date":"2021-08-29T11:24:46","date_gmt":"2021-08-29T09:24:46","guid":{"rendered":"https:\/\/www.exoticus.ch\/?page_id=33589"},"modified":"2024-11-07T14:37:27","modified_gmt":"2024-11-07T13:37:27","slug":"meerschweinchen","status":"publish","type":"page","link":"https:\/\/www.exoticus.ch\/en\/meerschweinchen\/","title":{"rendered":"Guinea pigs"},"content":{"rendered":"<p>[et_pb_section fb_built=&#187;1&#8243; fullwidth=&#187;on&#187; _builder_version=&#187;4.16&#8243; _module_preset=&#187;default&#187; custom_margin=&#187;0px||0px||false|false&#187; custom_padding=&#187;0px||0px||false|false&#187; global_colors_info=&#187;{}&#187;][et_pb_fullwidth_header title=&#187;Meerschweinchen&#187; _builder_version=&#187;4.16&#8243; _module_preset=&#187;default&#187; background_color=&#187;#0b3648&#8243; custom_margin=&#187;0px||0px||false|false&#187; custom_padding=&#187;15px||12px||false|false&#187; global_colors_info=&#187;{}&#187;]<\/p>\n<p>&nbsp;<\/p>\n<p>As herbivores and prey animals, guinea pigs differ from dogs and cats in many ways. Therefore, a medical approach specifically adapted to the guinea pig is necessary, should your animal become ill.<\/p>\n<p>[\/et_pb_fullwidth_header][\/et_pb_section][et_pb_section fb_built=&#187;1&#8243; _builder_version=&#187;4.16&#8243; _module_preset=&#187;default&#187; custom_margin=&#187;50px||||false|false&#187; custom_padding=&#187;0px||0px||false|false&#187; global_colors_info=&#187;{}&#187;][et_pb_row column_structure=&#187;1_2,1_2&#8243; _builder_version=&#187;4.16&#8243; _module_preset=&#187;default&#187; custom_margin=&#187;0px||0px||true|false&#187; custom_padding=&#187;0px||0px||true|false&#187; global_colors_info=&#187;{}&#187;][et_pb_column type=&#187;1_2&#8243; _builder_version=&#187;4.16&#8243; _module_preset=&#187;default&#187; global_colors_info=&#187;{}&#187;][et_pb_image src=&#187;https:\/\/www.exoticus.ch\/wp-content\/uploads\/2019\/11\/vet39.jpg&#187; title_text=&#187;vet39&#8243; _builder_version=&#187;4.16&#8243; _module_preset=&#187;default&#187; width=&#187;75%&#187; global_colors_info=&#187;{}&#187;][\/et_pb_image][\/et_pb_column][et_pb_column type=&#187;1_2&#8243; _builder_version=&#187;4.16&#8243; _module_preset=&#187;default&#187; global_colors_info=&#187;{}&#187;][et_pb_blurb title=&#187;Haltung und F\u00fctterung &#187; _builder_version=&#187;4.16&#8243; _module_preset=&#187;default&#187; header_level=&#187;h3&#8243; global_colors_info=&#187;{}&#187;]<\/p>\n<p>&nbsp;<\/p>\n<p>We would be happy to discuss housing and diet requirements of your guinea pigs. A species-appropriate diet is very important for dental health. Because of their unique body structure, there are also a few things to consider when designing an enclosure for guinea pigs.<\/p>\n<p>&nbsp;<\/p>\n<p>[\/et_pb_blurb][\/et_pb_column][\/et_pb_row][et_pb_row _builder_version=&#187;4.16&#8243; _module_preset=&#187;default&#187; global_colors_info=&#187;{}&#187;][et_pb_column type=&#187;4_4&#8243; _builder_version=&#187;4.16&#8243; _module_preset=&#187;default&#187; global_colors_info=&#187;{}&#187;][et_pb_divider color=&#187;#57BB6A&#187; divider_position=&#187;center&#187; divider_weight=&#187;1.5px&#187; _builder_version=&#187;4.16&#8243; _module_preset=&#187;default&#187; global_colors_info=&#187;{}&#187;][\/et_pb_divider][\/et_pb_column][\/et_pb_row][et_pb_row column_structure=&#187;1_2,1_2&#8243; _builder_version=&#187;4.16&#8243; _module_preset=&#187;default&#187; custom_margin=&#187;||||false&#187; custom_padding=&#187;||||false&#187; global_colors_info=&#187;{}&#187;][et_pb_column type=&#187;1_2&#8243; _builder_version=&#187;4.16&#8243; _module_preset=&#187;default&#187; global_colors_info=&#187;{}&#187;][et_pb_blurb title=&#187;Pr\u00e4vention und Health Check &#187; _builder_version=&#187;4.16&#8243; _module_preset=&#187;default&#187; header_level=&#187;h3&#8243; global_colors_info=&#187;{}&#187;]<\/p>\n<p>&nbsp;<\/p>\n<p>We recommend annual health checks for your animals. This facilitates early disease detection, which is particularly important in older and uncastrated animals.<\/p>\n<p>&nbsp;<\/p>\n<ul>\n<li>Grooming \/ trimming nails<\/li>\n<li>Blood test<\/li>\n<li>Spay and neutering<\/li>\n<\/ul>\n<p>[\/et_pb_blurb][\/et_pb_column][et_pb_column type=&#187;1_2&#8243; _builder_version=&#187;4.16&#8243; _module_preset=&#187;default&#187; global_colors_info=&#187;{}&#187;][et_pb_image src=&#187;https:\/\/www.exoticus.ch\/wp-content\/uploads\/2021\/08\/AdobeStock_436120894-scaled.jpeg&#187; title_text=&#187;Little guinea pig in summer&#187; _builder_version=&#187;4.16&#8243; _module_preset=&#187;default&#187; width=&#187;75%&#187; module_alignment=&#187;right&#187; global_colors_info=&#187;{}&#187;][\/et_pb_image][\/et_pb_column][\/et_pb_row][et_pb_row _builder_version=&#187;4.16&#8243; _module_preset=&#187;default&#187; global_colors_info=&#187;{}&#187;][et_pb_column type=&#187;4_4&#8243; _builder_version=&#187;4.16&#8243; _module_preset=&#187;default&#187; global_colors_info=&#187;{}&#187;][et_pb_divider color=&#187;#57BB6A&#187; divider_position=&#187;center&#187; divider_weight=&#187;1.5px&#187; _builder_version=&#187;4.16&#8243; _module_preset=&#187;default&#187; global_colors_info=&#187;{}&#187;][\/et_pb_divider][\/et_pb_column][\/et_pb_row][et_pb_row column_structure=&#187;1_2,1_2&#8243; _builder_version=&#187;4.16&#8243; _module_preset=&#187;default&#187; global_colors_info=&#187;{}&#187;][et_pb_column type=&#187;1_2&#8243; _builder_version=&#187;4.16&#8243; _module_preset=&#187;default&#187; global_colors_info=&#187;{}&#187;][et_pb_image src=&#187;https:\/\/www.exoticus.ch\/wp-content\/uploads\/2021\/08\/Meerschweinchen_Exoticus_ZytoUrin.jpg&#187; title_text=&#187;Meerschweinchen_Exoticus_ZytoUrin&#187; _builder_version=&#187;4.16&#8243; _module_preset=&#187;default&#187; width=&#187;75%&#187; global_colors_info=&#187;{}&#187;][\/et_pb_image][\/et_pb_column][et_pb_column type=&#187;1_2&#8243; _builder_version=&#187;4.16&#8243; _module_preset=&#187;default&#187; global_colors_info=&#187;{}&#187;][et_pb_blurb title=&#187;Diagnostik &#187; _builder_version=&#187;4.16&#8243; _module_preset=&#187;default&#187; header_level=&#187;h3&#8243; global_colors_info=&#187;{}&#187;]<\/p>\n<p>&nbsp;<\/p>\n<p>We offer a wide variety of diagnostic tests, which are tailored to the needs of your guinea pig.<\/p>\n<p>&nbsp;<\/p>\n<ul>\n<li>Digital x-ray<\/li>\n<li>Ultrasound<\/li>\n<li>Blood test<\/li>\n<li>Fecal examinations<\/li>\n<li>Endoscopy and much more...<\/li>\n<\/ul>\n<p>[\/et_pb_blurb][\/et_pb_column][\/et_pb_row][et_pb_row _builder_version=&#187;4.16&#8243; _module_preset=&#187;default&#187; global_colors_info=&#187;{}&#187;][et_pb_column type=&#187;4_4&#8243; _builder_version=&#187;4.16&#8243; _module_preset=&#187;default&#187; global_colors_info=&#187;{}&#187;][et_pb_divider color=&#187;#57BB6A&#187; divider_position=&#187;center&#187; divider_weight=&#187;1.5px&#187; _builder_version=&#187;4.16&#8243; _module_preset=&#187;default&#187; global_colors_info=&#187;{}&#187;][\/et_pb_divider][\/et_pb_column][\/et_pb_row][et_pb_row column_structure=&#187;1_2,1_2&#8243; _builder_version=&#187;4.16&#8243; _module_preset=&#187;default&#187; global_colors_info=&#187;{}&#187;][et_pb_column type=&#187;1_2&#8243; _builder_version=&#187;4.16&#8243; _module_preset=&#187;default&#187; global_colors_info=&#187;{}&#187;][et_pb_blurb title=&#187;Chirurgie&#187; _builder_version=&#187;4.16&#8243; _module_preset=&#187;default&#187; header_level=&#187;h3&#8243; global_colors_info=&#187;{}&#187;]<\/p>\n<p>&nbsp;<\/p>\n<p>We carry out all routine operations but also specialized surgeries.<\/p>\n<p>&nbsp;<\/p>\n<ul>\n<li>Castration (neutering) of male rodents<\/li>\n<li>Minimally invasive (via flank) and normal castration (spaying) of the females<\/li>\n<li>Minimally invasive removal of ovarian cysts via the flank<\/li>\n<li>Minimally invasive surgery on the middle ear<\/li>\n<li>Removal of infected cheek teeth<\/li>\n<li>Orthopedic surgery<\/li>\n<li>Removal of tumors and much more ...<\/li>\n<\/ul>\n<p>[\/et_pb_blurb][\/et_pb_column][et_pb_column type=&#187;1_2&#8243; _builder_version=&#187;4.16&#8243; _module_preset=&#187;default&#187; global_colors_info=&#187;{}&#187;][et_pb_image src=&#187;https:\/\/www.exoticus.ch\/wp-content\/uploads\/2021\/08\/Meerschweinchen_Exoticus_Bild.jpg&#187; title_text=&#187;Meerschweinchen_Exoticus_Bild&#187; _builder_version=&#187;4.16&#8243; _module_preset=&#187;default&#187; width=&#187;75%&#187; module_alignment=&#187;right&#187; global_colors_info=&#187;{}&#187;][\/et_pb_image][\/et_pb_column][\/et_pb_row][et_pb_row _builder_version=&#187;4.16&#8243; _module_preset=&#187;default&#187; global_colors_info=&#187;{}&#187;][et_pb_column type=&#187;4_4&#8243; _builder_version=&#187;4.16&#8243; _module_preset=&#187;default&#187; global_colors_info=&#187;{}&#187;][et_pb_divider color=&#187;#57BB6A&#187; divider_position=&#187;center&#187; divider_weight=&#187;1.5px&#187; _builder_version=&#187;4.16&#8243; _module_preset=&#187;default&#187; global_colors_info=&#187;{}&#187;][\/et_pb_divider][\/et_pb_column][\/et_pb_row][et_pb_row column_structure=&#187;1_2,1_2&#8243; _builder_version=&#187;4.16&#8243; _module_preset=&#187;default&#187; global_colors_info=&#187;{}&#187;][et_pb_column type=&#187;1_2&#8243; _builder_version=&#187;4.16&#8243; _module_preset=&#187;default&#187; global_colors_info=&#187;{}&#187;][et_pb_image src=&#187;https:\/\/www.exoticus.ch\/wp-content\/uploads\/2021\/08\/Meerschweinchen_Exoticus_Bild1-scaled.jpg&#187; title_text=&#187;Meerschweinchen_Exoticus_Bild1&#8243; _builder_version=&#187;4.16&#8243; _module_preset=&#187;default&#187; width=&#187;75%&#187; global_colors_info=&#187;{}&#187;][\/et_pb_image][\/et_pb_column][et_pb_column type=&#187;1_2&#8243; _builder_version=&#187;4.16&#8243; _module_preset=&#187;default&#187; global_colors_info=&#187;{}&#187;][et_pb_blurb title=&#187;An\u00e4sthesie&#187; _builder_version=&#187;4.16&#8243; _module_preset=&#187;default&#187; header_level=&#187;h3&#8243; global_colors_info=&#187;{}&#187;]<\/p>\n<p>&nbsp;<\/p>\n<p>In order to ensure good anesthesia monitoring, guinea pigs are dependent on special anesthesia equipment because of their small body size. The dosages of the anesthetic agents in guinea pigs are also completely different than, for example, in rabbits, dogs or cats. Pain therapy, in particular, is much more complex for guinea pigs. If needed we can also intubate the animals, which leads to a lower risk of anesthesia, especially during longer operations or dental treatments.<\/p>\n<p>[\/et_pb_blurb][\/et_pb_column][\/et_pb_row][\/et_pb_section]<\/p>","protected":false},"excerpt":{"rendered":"<p>&nbsp; Als reine Pflanzenfresser und Beutetiere unterscheiden sich Meerschweinchen in vieler Hinsicht von Hunden und Katzen. Daher ist eine spezielle, auf das Meerschweinchen angepasste Medizin notwendig, sollte ihr Tier einmal krank werden.&nbsp; Wir beraten Sie gerne bez\u00fcglich der korrekten Haltung und F\u00fctterung Ihres Meerschweinchens. Gerade f\u00fcr gesunde Z\u00e4hne ist eine artgerechte F\u00fctterung sehr wichtig. Wegen [&hellip;]<\/p>","protected":false},"author":1,"featured_media":0,"parent":0,"menu_order":0,"comment_status":"closed","ping_status":"closed","template":"","meta":{"_et_pb_use_builder":"on","_et_pb_old_content":"","_et_gb_content_width":"","_monsterinsights_skip_tracking":false,"_monsterinsights_sitenote_active":false,"_monsterinsights_sitenote_note":"","_monsterinsights_sitenote_category":0,"footnotes":""},"class_list":["post-33589","page","type-page","status-publish","hentry"],"_links":{"self":[{"href":"https:\/\/www.exoticus.ch\/en\/wp-json\/wp\/v2\/pages\/33589","targetHints":{"allow":["GET"]}}],"collection":[{"href":"https:\/\/www.exoticus.ch\/en\/wp-json\/wp\/v2\/pages"}],"about":[{"href":"https:\/\/www.exoticus.ch\/en\/wp-json\/wp\/v2\/types\/page"}],"author":[{"embeddable":true,"href":"https:\/\/www.exoticus.ch\/en\/wp-json\/wp\/v2\/users\/1"}],"replies":[{"embeddable":true,"href":"https:\/\/www.exoticus.ch\/en\/wp-json\/wp\/v2\/comments?post=33589"}],"version-history":[{"count":9,"href":"https:\/\/www.exoticus.ch\/en\/wp-json\/wp\/v2\/pages\/33589\/revisions"}],"predecessor-version":[{"id":34936,"href":"https:\/\/www.exoticus.ch\/en\/wp-json\/wp\/v2\/pages\/33589\/revisions\/34936"}],"wp:attachment":[{"href":"https:\/\/www.exoticus.ch\/en\/wp-json\/wp\/v2\/media?parent=33589"}],"curies":[{"name":"wp","href":"https:\/\/api.w.org\/{rel}","templated":true}]}}