{"id":33608,"date":"2021-08-29T12:59:05","date_gmt":"2021-08-29T10:59:05","guid":{"rendered":"https:\/\/www.exoticus.ch\/?page_id=33608"},"modified":"2021-12-01T12:01:02","modified_gmt":"2021-12-01T11:01:02","slug":"fische","status":"publish","type":"page","link":"https:\/\/www.exoticus.ch\/en\/fische\/","title":{"rendered":"Fish"},"content":{"rendered":"<p>[et_pb_section fb_built=&#187;1&#8243; fullwidth=&#187;on&#187; _builder_version=&#187;4.9.10&#8243; _module_preset=&#187;default&#187; custom_margin=&#187;0px||0px||false|false&#187; custom_padding=&#187;0px||0px||false|false&#187; global_colors_info=&#187;{}&#187;][et_pb_fullwidth_header title=&#187;Fische&#187; subhead=&#187; &#187; _builder_version=&#187;4.10.5&#8243; _module_preset=&#187;default&#187; background_color=&#187;#0b3648&#8243; custom_margin=&#187;0px||0px||false|false&#187; custom_padding=&#187;15px||12px||false|false&#187; global_colors_info=&#187;{}&#187;]<\/p>\n<p>&nbsp;<\/p>\n<p>Due to their unique habitat, fish require various adaptions in the veterinary practice. Ideally, a water sample should be brought in a separate, sealed container. That way we can include the water parameters in our diagnostic approach and therapy selection.<\/p>\n<p>[\/et_pb_fullwidth_header][\/et_pb_section][et_pb_section fb_built=&#187;1&#8243; _builder_version=&#187;4.9.10&#8243; _module_preset=&#187;default&#187; custom_margin=&#187;50px||||false|false&#187; custom_padding=&#187;0px||0px||false|false&#187; global_colors_info=&#187;{}&#187;][et_pb_row column_structure=&#187;1_2,1_2&#8243; _builder_version=&#187;4.9.10&#8243; _module_preset=&#187;default&#187; custom_margin=&#187;0px||0px||true|false&#187; custom_padding=&#187;0px||0px||true|false&#187; global_colors_info=&#187;{}&#187;][et_pb_column type=&#187;1_2&#8243; _builder_version=&#187;4.9.10&#8243; _module_preset=&#187;default&#187; global_colors_info=&#187;{}&#187;][et_pb_image src=&#187;https:\/\/www.exoticus.ch\/wp-content\/uploads\/2021\/09\/Fisch5.jpg&#187; title_text=&#187;Fisch5&#8243; _builder_version=&#187;4.10.5&#8243; _module_preset=&#187;default&#187; width=&#187;75%&#187; global_colors_info=&#187;{}&#187;][\/et_pb_image][\/et_pb_column][et_pb_column type=&#187;1_2&#8243; _builder_version=&#187;4.9.10&#8243; _module_preset=&#187;default&#187; global_colors_info=&#187;{}&#187;][et_pb_blurb title=&#187;Haltung und F\u00fctterung &#187; _builder_version=&#187;4.13.0&#8243; _module_preset=&#187;default&#187; header_level=&#187;h3&#8243; global_colors_info=&#187;{}&#187;]<\/p>\n<p>&nbsp;<\/p>\n<p>We are happy to discuss housing and diet requirements of your fish. Water quality and choice of additional inhabitants of the aquarium directly impact the health of many fish.<\/p>\n<p>&nbsp;<\/p>\n<p>[\/et_pb_blurb][\/et_pb_column][\/et_pb_row][et_pb_row _builder_version=&#187;4.9.10&#8243; _module_preset=&#187;default&#187; global_colors_info=&#187;{}&#187;][et_pb_column type=&#187;4_4&#8243; _builder_version=&#187;4.9.10&#8243; _module_preset=&#187;default&#187; global_colors_info=&#187;{}&#187;][et_pb_divider color=&#187;#57BB6A&#187; divider_position=&#187;center&#187; divider_weight=&#187;1.5px&#187; _builder_version=&#187;4.9.10&#8243; _module_preset=&#187;default&#187; global_colors_info=&#187;{}&#187;][\/et_pb_divider][\/et_pb_column][\/et_pb_row][et_pb_row column_structure=&#187;1_2,1_2&#8243; _builder_version=&#187;4.9.10&#8243; _module_preset=&#187;default&#187; custom_margin=&#187;||||false&#187; custom_padding=&#187;||||false&#187; global_colors_info=&#187;{}&#187;][et_pb_column type=&#187;1_2&#8243; _builder_version=&#187;4.9.10&#8243; _module_preset=&#187;default&#187; global_colors_info=&#187;{}&#187;][et_pb_blurb title=&#187;Pr\u00e4vention und Health Check &#187; _builder_version=&#187;4.13.0&#8243; _module_preset=&#187;default&#187; header_level=&#187;h3&#8243; global_colors_info=&#187;{}&#187;]<\/p>\n<p>&nbsp;<\/p>\n<p>We recommend annual health checks for your animals. This facilitates early disease detection, which is particularly important in older animals.<\/p>\n<p>&nbsp;<\/p>\n<ul>\n<li>Water quality check<\/li>\n<li>Quarantine examination in the case of new additions<\/li>\n<li>Parasite examinations<\/li>\n<li>Blood test<\/li>\n<\/ul>\n<p>[\/et_pb_blurb][\/et_pb_column][et_pb_column type=&#187;1_2&#8243; _builder_version=&#187;4.9.10&#8243; _module_preset=&#187;default&#187; global_colors_info=&#187;{}&#187;][et_pb_image src=&#187;https:\/\/www.exoticus.ch\/wp-content\/uploads\/2021\/09\/Fisch-4.jpg&#187; title_text=&#187;Fisch 4&#8243; _builder_version=&#187;4.10.5&#8243; _module_preset=&#187;default&#187; width=&#187;75%&#187; module_alignment=&#187;right&#187; global_colors_info=&#187;{}&#187;][\/et_pb_image][\/et_pb_column][\/et_pb_row][et_pb_row _builder_version=&#187;4.9.10&#8243; _module_preset=&#187;default&#187; global_colors_info=&#187;{}&#187;][et_pb_column type=&#187;4_4&#8243; _builder_version=&#187;4.9.10&#8243; _module_preset=&#187;default&#187; global_colors_info=&#187;{}&#187;][et_pb_divider color=&#187;#57BB6A&#187; divider_position=&#187;center&#187; divider_weight=&#187;1.5px&#187; _builder_version=&#187;4.9.10&#8243; _module_preset=&#187;default&#187; global_colors_info=&#187;{}&#187;][\/et_pb_divider][\/et_pb_column][\/et_pb_row][et_pb_row column_structure=&#187;1_2,1_2&#8243; _builder_version=&#187;4.9.10&#8243; _module_preset=&#187;default&#187; global_colors_info=&#187;{}&#187;][et_pb_column type=&#187;1_2&#8243; _builder_version=&#187;4.9.10&#8243; _module_preset=&#187;default&#187; global_colors_info=&#187;{}&#187;][et_pb_image src=&#187;https:\/\/www.exoticus.ch\/wp-content\/uploads\/2021\/09\/Fish-blood.jpg&#187; title_text=&#187;Fish blood&#187; _builder_version=&#187;4.10.5&#8243; _module_preset=&#187;default&#187; width=&#187;75%&#187; global_colors_info=&#187;{}&#187;][\/et_pb_image][\/et_pb_column][et_pb_column type=&#187;1_2&#8243; _builder_version=&#187;4.9.10&#8243; _module_preset=&#187;default&#187; global_colors_info=&#187;{}&#187;][et_pb_blurb title=&#187;Diagnostik &#187; _builder_version=&#187;4.13.0&#8243; _module_preset=&#187;default&#187; header_level=&#187;h3&#8243; global_colors_info=&#187;{}&#187;]<\/p>\n<p>&nbsp;<\/p>\n<p>We offer a wide variety of diagnostic tests, which are tailored to the needs of your fish.<\/p>\n<p>&nbsp;<\/p>\n<ul>\n<li>Digital x-ray<\/li>\n<li>Ultrasound<\/li>\n<li>Blood test <\/li>\n<li>Parasite check (including gill clip and skin scrape)<\/li>\n<li>Endoscopy and much more...<\/li>\n<\/ul>\n<p>[\/et_pb_blurb][\/et_pb_column][\/et_pb_row][et_pb_row _builder_version=&#187;4.9.10&#8243; _module_preset=&#187;default&#187; global_colors_info=&#187;{}&#187;][et_pb_column type=&#187;4_4&#8243; _builder_version=&#187;4.9.10&#8243; _module_preset=&#187;default&#187; global_colors_info=&#187;{}&#187;][et_pb_divider color=&#187;#57BB6A&#187; divider_position=&#187;center&#187; divider_weight=&#187;1.5px&#187; _builder_version=&#187;4.9.10&#8243; _module_preset=&#187;default&#187; global_colors_info=&#187;{}&#187;][\/et_pb_divider][\/et_pb_column][\/et_pb_row][et_pb_row column_structure=&#187;1_2,1_2&#8243; _builder_version=&#187;4.9.10&#8243; _module_preset=&#187;default&#187; global_colors_info=&#187;{}&#187;][et_pb_column type=&#187;1_2&#8243; _builder_version=&#187;4.9.10&#8243; _module_preset=&#187;default&#187; global_colors_info=&#187;{}&#187;][et_pb_blurb title=&#187;Chirurgie&#187; _builder_version=&#187;4.13.0&#8243; _module_preset=&#187;default&#187; header_level=&#187;h3&#8243; global_colors_info=&#187;{}&#187;]<\/p>\n<p>&nbsp;<\/p>\n<p>We carry out all routine operations but also specialized surgeries.<\/p>\n<p>&nbsp;<\/p>\n<ul>\n<li>Dental treatments in various aquaria fish<\/li>\n<li>Removal of skin tumors<\/li>\n<li>Surgical interventions for egg binding and much more ...<\/li>\n<\/ul>\n<p>[\/et_pb_blurb][\/et_pb_column][et_pb_column type=&#187;1_2&#8243; _builder_version=&#187;4.9.10&#8243; _module_preset=&#187;default&#187; global_colors_info=&#187;{}&#187;][et_pb_image src=&#187;https:\/\/www.exoticus.ch\/wp-content\/uploads\/2021\/09\/Fisch6.jpg&#187; title_text=&#187;Fisch6&#8243; _builder_version=&#187;4.10.5&#8243; _module_preset=&#187;default&#187; width=&#187;75%&#187; module_alignment=&#187;right&#187; global_colors_info=&#187;{}&#187;][\/et_pb_image][\/et_pb_column][\/et_pb_row][et_pb_row _builder_version=&#187;4.9.10&#8243; _module_preset=&#187;default&#187; global_colors_info=&#187;{}&#187;][et_pb_column type=&#187;4_4&#8243; _builder_version=&#187;4.9.10&#8243; _module_preset=&#187;default&#187; global_colors_info=&#187;{}&#187;][et_pb_divider color=&#187;#57BB6A&#187; divider_position=&#187;center&#187; divider_weight=&#187;1.5px&#187; _builder_version=&#187;4.9.10&#8243; _module_preset=&#187;default&#187; global_colors_info=&#187;{}&#187;][\/et_pb_divider][\/et_pb_column][\/et_pb_row][et_pb_row column_structure=&#187;1_2,1_2&#8243; _builder_version=&#187;4.9.10&#8243; _module_preset=&#187;default&#187; global_colors_info=&#187;{}&#187;][et_pb_column type=&#187;1_2&#8243; _builder_version=&#187;4.9.10&#8243; _module_preset=&#187;default&#187; global_colors_info=&#187;{}&#187;][et_pb_image src=&#187;https:\/\/www.exoticus.ch\/wp-content\/uploads\/2021\/09\/Fisch-2.jpg&#187; title_text=&#187;Fisch 2&#8243; _builder_version=&#187;4.10.5&#8243; _module_preset=&#187;default&#187; width=&#187;75%&#187; global_colors_info=&#187;{}&#187;][\/et_pb_image][\/et_pb_column][et_pb_column type=&#187;1_2&#8243; _builder_version=&#187;4.9.10&#8243; _module_preset=&#187;default&#187; global_colors_info=&#187;{}&#187;][et_pb_blurb title=&#187;An\u00e4sthesie&#187; _builder_version=&#187;4.13.0&#8243; _module_preset=&#187;default&#187; header_level=&#187;h3&#8243; custom_padding=&#187;||0px|||&#187; global_colors_info=&#187;{}&#187;]<\/p>\n<p>Due to the high susceptibility of fish to stress when handled, most examinations are carried out under anesthesia. Less invasive examinations and treatments can be carried out directly in the water after application of the anesthetic. For larger surgeries we built a special anesthesia stand for fish. This enables us to ventilate the fish and keep it wet while the surgery can be performed in a clean and sterile environment.<\/p>\n<p>[\/et_pb_blurb][\/et_pb_column][\/et_pb_row][\/et_pb_section]<\/p>","protected":false},"excerpt":{"rendered":"<p>&nbsp; Fische ben\u00f6tigen durch ihren besonderen Lebensraum diverse Spezialuntersuchungen in der Tierarztpraxis. Idealerweise wird mit dem Fisch zusammen eine Wasserprobe in einem separaten, dichten Beh\u00e4lter in die Praxis mitgebracht. So kann man direkt die Wasserparameter in die Diagnosestellung und Therapie einbeziehen.&nbsp; Wir beraten Sie gerne bez\u00fcglich der korrekten Haltung und F\u00fctterung Ihrer Fische. Wasserqualit\u00e4t und [&hellip;]<\/p>","protected":false},"author":1,"featured_media":0,"parent":0,"menu_order":0,"comment_status":"closed","ping_status":"closed","template":"","meta":{"_et_pb_use_builder":"on","_et_pb_old_content":"","_et_gb_content_width":"","_monsterinsights_skip_tracking":false,"_monsterinsights_sitenote_active":false,"_monsterinsights_sitenote_note":"","_monsterinsights_sitenote_category":0,"footnotes":""},"class_list":["post-33608","page","type-page","status-publish","hentry"],"_links":{"self":[{"href":"https:\/\/www.exoticus.ch\/en\/wp-json\/wp\/v2\/pages\/33608","targetHints":{"allow":["GET"]}}],"collection":[{"href":"https:\/\/www.exoticus.ch\/en\/wp-json\/wp\/v2\/pages"}],"about":[{"href":"https:\/\/www.exoticus.ch\/en\/wp-json\/wp\/v2\/types\/page"}],"author":[{"embeddable":true,"href":"https:\/\/www.exoticus.ch\/en\/wp-json\/wp\/v2\/users\/1"}],"replies":[{"embeddable":true,"href":"https:\/\/www.exoticus.ch\/en\/wp-json\/wp\/v2\/comments?post=33608"}],"version-history":[{"count":9,"href":"https:\/\/www.exoticus.ch\/en\/wp-json\/wp\/v2\/pages\/33608\/revisions"}],"predecessor-version":[{"id":34203,"href":"https:\/\/www.exoticus.ch\/en\/wp-json\/wp\/v2\/pages\/33608\/revisions\/34203"}],"wp:attachment":[{"href":"https:\/\/www.exoticus.ch\/en\/wp-json\/wp\/v2\/media?parent=33608"}],"curies":[{"name":"wp","href":"https:\/\/api.w.org\/{rel}","templated":true}]}}