{"id":33657,"date":"2021-08-29T16:38:21","date_gmt":"2021-08-29T14:38:21","guid":{"rendered":"https:\/\/www.exoticus.ch\/?page_id=33657"},"modified":"2022-09-04T18:03:56","modified_gmt":"2022-09-04T16:03:56","slug":"leistungen","status":"publish","type":"page","link":"https:\/\/www.exoticus.ch\/en\/leistungen\/","title":{"rendered":"Services"},"content":{"rendered":"<p>[et_pb_section fb_built=&#187;1&#8243; _builder_version=&#187;4.16&#8243; _module_preset=&#187;default&#187; background_color=&#187;rgba(38,134,193,0.26)&#187; global_colors_info=&#187;{}&#187;][et_pb_row column_structure=&#187;1_3,1_3,1_3&#8243; _builder_version=&#187;4.16&#8243; _module_preset=&#187;default&#187; global_colors_info=&#187;{}&#187;][et_pb_column type=&#187;1_3&#8243; _builder_version=&#187;4.16&#8243; _module_preset=&#187;default&#187; global_colors_info=&#187;{}&#187;][et_pb_blurb title=&#187;Labor&#187; image=&#187;https:\/\/www.exoticus.ch\/wp-content\/uploads\/2021\/09\/Microscope.jpg&#187; _builder_version=&#187;4.16&#8243; _dynamic_attributes=&#187;link_option_url&#187; _module_preset=&#187;default&#187; header_level=&#187;h2&#8243; header_font=&#187;|700|||||||&#187; link_option_url=&#187;@ET-DC@eyJkeW5hbWljIjp0cnVlLCJjb250ZW50IjoicG9zdF9saW5rX3VybF9wYWdlIiwic2V0dGluZ3MiOnsicG9zdF9pZCI6IjMzOTc5In19@&#187; global_colors_info=&#187;{}&#187;]<\/p>\n<p>We have a modern laboratory in which all essential tests can be carried out. For more thorough work ups we collaborate with external laboratories.<\/p>\n<p>[\/et_pb_blurb][\/et_pb_column][et_pb_column type=&#187;1_3&#8243; _builder_version=&#187;4.16&#8243; _module_preset=&#187;default&#187; global_colors_info=&#187;{}&#187;][et_pb_blurb title=&#187;Endoskopie&#187; image=&#187;https:\/\/www.exoticus.ch\/wp-content\/uploads\/2021\/08\/Endoskopie_Reptil-scaled.jpg&#187; _builder_version=&#187;4.16&#8243; _dynamic_attributes=&#187;link_option_url&#187; _module_preset=&#187;default&#187; header_level=&#187;h2&#8243; header_font=&#187;|700|||||||&#187; link_option_url=&#187;@ET-DC@eyJkeW5hbWljIjp0cnVlLCJjb250ZW50IjoicG9zdF9saW5rX3VybF9wYWdlIiwic2V0dGluZ3MiOnsicG9zdF9pZCI6IjMzMzQzIn19@&#187; global_colors_info=&#187;{}&#187;]<\/p>\n<p>We are equipped with modern and extensive endoscopy instruments, so that we can help even our smallest patients with minimally invasive techniques.<\/p>\n<p>[\/et_pb_blurb][\/et_pb_column][et_pb_column type=&#187;1_3&#8243; _builder_version=&#187;4.16&#8243; _module_preset=&#187;default&#187; global_colors_info=&#187;{}&#187;][et_pb_blurb title=&#187;CT&#187; image=&#187;https:\/\/www.exoticus.ch\/wp-content\/uploads\/2021\/09\/CT-Geraet-mit-Rahmen.jpg&#187; _builder_version=&#187;4.17.4&#8243; _dynamic_attributes=&#187;link_option_url&#187; _module_preset=&#187;default&#187; header_level=&#187;h2&#8243; header_font=&#187;|700|||||||&#187; link_option_url=&#187;@ET-DC@eyJkeW5hbWljIjp0cnVlLCJjb250ZW50IjoicG9zdF9saW5rX3VybF9wYWdlIiwic2V0dGluZ3MiOnsicG9zdF9pZCI6IjMzODg2In19@&#187; hover_enabled=&#187;0&#8243; global_colors_info=&#187;{}&#187; sticky_enabled=&#187;0&#8243;]<\/p>\n<p>CT Untersuchungen werden direkt in der Praxis durchgef\u00fchrt. Dies ist v.a. f\u00fcr Zahnerkrakungen und Behandlungen sehr wichtig.<\/p>\n<p>[\/et_pb_blurb][\/et_pb_column][\/et_pb_row][et_pb_row column_structure=&#187;1_3,1_3,1_3&#8243; _builder_version=&#187;4.16&#8243; _module_preset=&#187;default&#187; global_colors_info=&#187;{}&#187;][et_pb_column type=&#187;1_3&#8243; _builder_version=&#187;4.16&#8243; _module_preset=&#187;default&#187; global_colors_info=&#187;{}&#187;][et_pb_blurb title=&#187;Zahnbehandlung&#187; image=&#187;https:\/\/www.exoticus.ch\/wp-content\/uploads\/2021\/08\/Degu_teeth.png&#187; _builder_version=&#187;4.16&#8243; _module_preset=&#187;default&#187; header_level=&#187;h2&#8243; header_font=&#187;|700|||||||&#187; global_colors_info=&#187;{}&#187;]<\/p>\n<p>Treating dental disease in rabbits and rodents is one of our specialties here at Exoticus. We make an expert job of treating even the most complicated dental issues and always work in accordance with the newest research on dental disease.<\/p>\n<p>[\/et_pb_blurb][et_pb_blurb _builder_version=&#187;4.16&#8243; _dynamic_attributes=&#187;link_option_url&#187; _module_preset=&#187;default&#187; header_level=&#187;h2&#8243; header_font=&#187;|700|||||||&#187; link_option_url=&#187;@ET-DC@eyJkeW5hbWljIjp0cnVlLCJjb250ZW50IjoicG9zdF9saW5rX3VybF9wYWdlIiwic2V0dGluZ3MiOnsicG9zdF9pZCI6IjMzMzQzIn19@&#187; global_colors_info=&#187;{}&#187;][\/et_pb_blurb][\/et_pb_column][et_pb_column type=&#187;1_3&#8243; _builder_version=&#187;4.16&#8243; _module_preset=&#187;default&#187; global_colors_info=&#187;{}&#187;][\/et_pb_column][et_pb_column type=&#187;1_3&#8243; _builder_version=&#187;4.16&#8243; _module_preset=&#187;default&#187; global_colors_info=&#187;{}&#187;][et_pb_blurb _builder_version=&#187;4.16&#8243; _dynamic_attributes=&#187;link_option_url&#187; _module_preset=&#187;default&#187; header_level=&#187;h2&#8243; header_font=&#187;|700|||||||&#187; link_option_url=&#187;@ET-DC@eyJkeW5hbWljIjp0cnVlLCJjb250ZW50IjoicG9zdF9saW5rX3VybF9wYWdlIiwic2V0dGluZ3MiOnsicG9zdF9pZCI6IjMzODg2In19@&#187; global_colors_info=&#187;{}&#187;][\/et_pb_blurb][\/et_pb_column][\/et_pb_row][\/et_pb_section]<\/p>","protected":false},"excerpt":{"rendered":"<p>Wir verf\u00fcgen \u00fcber ein modernes Labor in dem alle g\u00e4ngigen Untersuchungen durchgef\u00fchrt werden k\u00f6nnen. F\u00fcr weitere Abkl\u00e4rungen arbeiten wir mit externen Labors zusammen.In unsere Praxis besitzen wir eine moderne und umfangreiche Endoskopieausr\u00fcstung, damit wir auch unseren kleinsten Patienten mit minimalinvasiven Techniken helfen k\u00f6nnen.CT Untersuchungen werden direkt in der Praxis durchgef\u00fchrt. Dies ist v.a. f\u00fcr Zahnerkrakungen [&hellip;]<\/p>","protected":false},"author":1,"featured_media":0,"parent":0,"menu_order":0,"comment_status":"closed","ping_status":"closed","template":"","meta":{"_et_pb_use_builder":"on","_et_pb_old_content":"","_et_gb_content_width":"","_monsterinsights_skip_tracking":false,"_monsterinsights_sitenote_active":false,"_monsterinsights_sitenote_note":"","_monsterinsights_sitenote_category":0,"footnotes":""},"class_list":["post-33657","page","type-page","status-publish","hentry"],"_links":{"self":[{"href":"https:\/\/www.exoticus.ch\/en\/wp-json\/wp\/v2\/pages\/33657","targetHints":{"allow":["GET"]}}],"collection":[{"href":"https:\/\/www.exoticus.ch\/en\/wp-json\/wp\/v2\/pages"}],"about":[{"href":"https:\/\/www.exoticus.ch\/en\/wp-json\/wp\/v2\/types\/page"}],"author":[{"embeddable":true,"href":"https:\/\/www.exoticus.ch\/en\/wp-json\/wp\/v2\/users\/1"}],"replies":[{"embeddable":true,"href":"https:\/\/www.exoticus.ch\/en\/wp-json\/wp\/v2\/comments?post=33657"}],"version-history":[{"count":13,"href":"https:\/\/www.exoticus.ch\/en\/wp-json\/wp\/v2\/pages\/33657\/revisions"}],"predecessor-version":[{"id":34568,"href":"https:\/\/www.exoticus.ch\/en\/wp-json\/wp\/v2\/pages\/33657\/revisions\/34568"}],"wp:attachment":[{"href":"https:\/\/www.exoticus.ch\/en\/wp-json\/wp\/v2\/media?parent=33657"}],"curies":[{"name":"wp","href":"https:\/\/api.w.org\/{rel}","templated":true}]}}