{"id":33662,"date":"2021-08-29T16:48:14","date_gmt":"2021-08-29T14:48:14","guid":{"rendered":"https:\/\/www.exoticus.ch\/?page_id=33662"},"modified":"2021-09-11T12:52:24","modified_gmt":"2021-09-11T10:52:24","slug":"tierarten","status":"publish","type":"page","link":"https:\/\/www.exoticus.ch\/en\/tierarten\/","title":{"rendered":"Animals"},"content":{"rendered":"<p>[et_pb_section fb_built=&#187;1&#8243; _builder_version=&#187;4.9.10&#8243; _module_preset=&#187;default&#187; background_color=&#187;rgba(38,134,193,0.26)&#187; global_colors_info=&#187;{}&#187;][et_pb_row column_structure=&#187;1_3,1_3,1_3&#8243; _builder_version=&#187;4.9.10&#8243; _module_preset=&#187;default&#187; global_colors_info=&#187;{}&#187;][et_pb_column type=&#187;1_3&#8243; _builder_version=&#187;4.9.10&#8243; _module_preset=&#187;default&#187; global_colors_info=&#187;{}&#187;][et_pb_blurb title=&#187;Kaninchen&#187; image=&#187;https:\/\/www.exoticus.ch\/wp-content\/uploads\/2021\/08\/AdobeStock_418562053-scaled.jpeg&#187; _builder_version=&#187;4.10.4&#8243; _dynamic_attributes=&#187;link_option_url&#187; _module_preset=&#187;default&#187; header_level=&#187;h2&#8243; header_font=&#187;|700|||||||&#187; link_option_url=&#187;@ET-DC@eyJkeW5hbWljIjp0cnVlLCJjb250ZW50IjoicG9zdF9saW5rX3VybF9wYWdlIiwic2V0dGluZ3MiOnsicG9zdF9pZCI6IjMzMzE1In19@&#187; global_colors_info=&#187;{}&#187;]<\/p>\n<p>Rabbits are among our most common patients. In every clinical examination, it is important that the back molars are also carefully examined in order to detect dental diseases at an early stage.<\/p>\n<p>[\/et_pb_blurb][\/et_pb_column][et_pb_column type=&#187;1_3&#8243; _builder_version=&#187;4.9.10&#8243; _module_preset=&#187;default&#187; global_colors_info=&#187;{}&#187;][et_pb_blurb title=&#187;Meerschweinchen&#187; image=&#187;https:\/\/www.exoticus.ch\/wp-content\/uploads\/2021\/08\/AdobeStock_436120894-scaled.jpeg&#187; _builder_version=&#187;4.10.4&#8243; _dynamic_attributes=&#187;link_option_url&#187; _module_preset=&#187;default&#187; header_level=&#187;h2&#8243; header_font=&#187;|700|||||||&#187; link_option_url=&#187;@ET-DC@eyJkeW5hbWljIjp0cnVlLCJjb250ZW50IjoicG9zdF9saW5rX3VybF9wYWdlIiwic2V0dGluZ3MiOnsicG9zdF9pZCI6IjMzNTg5In19@&#187; global_colors_info=&#187;{}&#187;]<\/p>\n<p>Guinea pigs are one of Dr. Frei's favorits! Since guinea pigs are easily stressed when on their own, you are welcome to bring another guinea pig for emotional support for any inpatient stay with us.<\/p>\n<p>[\/et_pb_blurb][\/et_pb_column][et_pb_column type=&#187;1_3&#8243; _builder_version=&#187;4.9.10&#8243; _module_preset=&#187;default&#187; global_colors_info=&#187;{}&#187;][et_pb_blurb title=&#187;V\u00f6gel&#187; url=&#187;@ET-DC@eyJkeW5hbWljIjp0cnVlLCJjb250ZW50IjoicG9zdF9saW5rX3VybF9wYWdlIiwic2V0dGluZ3MiOnsicG9zdF9pZCI6IjMzMTUyIn19@&#187; image=&#187;https:\/\/www.exoticus.ch\/wp-content\/uploads\/2021\/08\/AdobeStock_208682145@0.5x-scaled.jpg&#187; _builder_version=&#187;4.10.4&#8243; _dynamic_attributes=&#187;url,link_option_url&#187; _module_preset=&#187;default&#187; header_level=&#187;h2&#8243; header_font=&#187;|700|||||||&#187; custom_padding=&#187;||11px|||&#187; link_option_url=&#187;@ET-DC@eyJkeW5hbWljIjp0cnVlLCJjb250ZW50IjoicG9zdF9saW5rX3VybF9wYWdlIiwic2V0dGluZ3MiOnsicG9zdF9pZCI6IjMzMTUyIn19@&#187; global_colors_info=&#187;{}&#187;]<\/p>\n<p>Since many birds are easily stressed when handled, we carry out our examinations efficiently and in a target-oriented manner.<\/p>\n<p>[\/et_pb_blurb][\/et_pb_column][\/et_pb_row][et_pb_row column_structure=&#187;1_3,1_3,1_3&#8243; _builder_version=&#187;4.9.10&#8243; _module_preset=&#187;default&#187; global_colors_info=&#187;{}&#187;][et_pb_column type=&#187;1_3&#8243; _builder_version=&#187;4.9.10&#8243; _module_preset=&#187;default&#187; global_colors_info=&#187;{}&#187;][et_pb_blurb title=&#187;Reptilien&#187; image=&#187;https:\/\/www.exoticus.ch\/wp-content\/uploads\/2021\/08\/AdobeStock_443424173-scaled.jpeg&#187; _builder_version=&#187;4.10.4&#8243; _dynamic_attributes=&#187;link_option_url&#187; _module_preset=&#187;default&#187; header_level=&#187;h2&#8243; header_font=&#187;|700|||||||&#187; custom_padding=&#187;||0px|||&#187; link_option_url=&#187;@ET-DC@eyJkeW5hbWljIjp0cnVlLCJjb250ZW50IjoicG9zdF9saW5rX3VybF9wYWdlIiwic2V0dGluZ3MiOnsicG9zdF9pZCI6IjMzMTgwIn19@&#187; global_colors_info=&#187;{}&#187;]<\/p>\n<p>The metabolism of reptiles is very much influenced by their environment. It is therefore important that they are kept at appropriate temperatures during their transport to the veterinary practice.<\/p>\n<p>[\/et_pb_blurb][\/et_pb_column][et_pb_column type=&#187;1_3&#8243; _builder_version=&#187;4.9.10&#8243; _module_preset=&#187;default&#187; global_colors_info=&#187;{}&#187;][et_pb_blurb title=&#187;Chinchilla&#187; image=&#187;https:\/\/www.exoticus.ch\/wp-content\/uploads\/2021\/09\/Chinchilla_Exoticus.jpg&#187; _builder_version=&#187;4.10.5&#8243; _module_preset=&#187;default&#187; header_level=&#187;h2&#8243; header_font=&#187;|700|||||||&#187; min_height=&#187;404.6px&#187; custom_padding=&#187;||1px|||&#187; hover_enabled=&#187;0&#8243; global_colors_info=&#187;{}&#187; sticky_enabled=&#187;0&#8243;]<\/p>\n<p>With chinchillas, pain therapy is particularly challenging, as they do not respond well to the usual dosages of painkillers.<\/p>\n<p>[\/et_pb_blurb][\/et_pb_column][et_pb_column type=&#187;1_3&#8243; _builder_version=&#187;4.9.10&#8243; _module_preset=&#187;default&#187; global_colors_info=&#187;{}&#187;][et_pb_blurb title=&#187;Degu&#187; image=&#187;https:\/\/www.exoticus.ch\/wp-content\/uploads\/2021\/08\/Degu_Exoticus_Bild1.jpg&#187; _builder_version=&#187;4.10.5&#8243; _module_preset=&#187;default&#187; header_level=&#187;h2&#8243; header_font=&#187;|700|||||||&#187; hover_enabled=&#187;0&#8243; global_colors_info=&#187;{}&#187; sticky_enabled=&#187;0&#8243;]<\/p>\n<p>In degus, dental diseases can lead to labored breathing in the nasal cavity. This can be easily diagnosed through special diagnostic imaging techniques.<\/p>\n<p>[\/et_pb_blurb][\/et_pb_column][\/et_pb_row][et_pb_row column_structure=&#187;1_3,1_3,1_3&#8243; _builder_version=&#187;4.9.10&#8243; _module_preset=&#187;default&#187; global_colors_info=&#187;{}&#187;][et_pb_column type=&#187;1_3&#8243; _builder_version=&#187;4.9.10&#8243; _module_preset=&#187;default&#187; global_colors_info=&#187;{}&#187;][et_pb_blurb title=&#187;Kleinnager&#187; image=&#187;https:\/\/www.exoticus.ch\/wp-content\/uploads\/2021\/08\/Hamster_Exoticus_Bild1.jpg&#187; _builder_version=&#187;4.10.5&#8243; _dynamic_attributes=&#187;link_option_url&#187; _module_preset=&#187;default&#187; header_level=&#187;h2&#8243; header_font=&#187;|700|||||||&#187; custom_padding=&#187;||3px|||&#187; link_option_url=&#187;@ET-DC@eyJkeW5hbWljIjp0cnVlLCJjb250ZW50IjoicG9zdF9saW5rX3VybF9wYWdlIiwic2V0dGluZ3MiOnsicG9zdF9pZCI6IjMzNzU3In19@&#187; global_colors_info=&#187;{}&#187;]<\/p>\n<p>Rodents such as gerbils, mice and hamsters are rarely presented to veterinarians. Due to their small size, the rumor persists that appropriate medical care is not possible in these animals. However, with the help of special devices and instruments, this issue can be addresses and appropriate veterinary care be provided.<\/p>\n<p>[\/et_pb_blurb][\/et_pb_column][et_pb_column type=&#187;1_3&#8243; _builder_version=&#187;4.9.10&#8243; _module_preset=&#187;default&#187; global_colors_info=&#187;{}&#187;][et_pb_blurb title=&#187;Ratten&#187; image=&#187;https:\/\/www.exoticus.ch\/wp-content\/uploads\/2021\/08\/Ratte_Exoticus_Bild1.jpg&#187; _builder_version=&#187;4.10.7&#8243; _module_preset=&#187;default&#187; header_level=&#187;h2&#8243; header_font=&#187;|700|||||||&#187; custom_padding=&#187;||0px|||&#187; global_colors_info=&#187;{}&#187;]<\/p>\n<p>Rats are extremely intelligent and capable of learning things quickly. Sometimes treatments need to be designed with a lot of creativity in order to provide these resourceful animals with the best possible medical care.<\/p>\n<p>[\/et_pb_blurb][\/et_pb_column][et_pb_column type=&#187;1_3&#8243; _builder_version=&#187;4.9.10&#8243; _module_preset=&#187;default&#187; global_colors_info=&#187;{}&#187;][et_pb_blurb title=&#187;Frettchen&#187; image=&#187;https:\/\/www.exoticus.ch\/wp-content\/uploads\/2021\/08\/Frettchen_Exoticus_Bild1.jpg&#187; _builder_version=&#187;4.10.5&#8243; _dynamic_attributes=&#187;link_option_url&#187; _module_preset=&#187;default&#187; header_level=&#187;h2&#8243; header_font=&#187;|700|||||||&#187; custom_padding=&#187;||3px|||&#187; link_option_url=&#187;@ET-DC@eyJkeW5hbWljIjp0cnVlLCJjb250ZW50IjoicG9zdF9saW5rX3VybF9wYWdlIiwic2V0dGluZ3MiOnsicG9zdF9pZCI6IjMzOTk1In19@&#187; global_colors_info=&#187;{}&#187;]<\/p>\n<p>Although ferrets are carnivores, they should not be treated with the same medical approach as dogs or cats. Many of the common cat and dog diseases present with very different clinical signs in ferrets.<\/p>\n<p>[\/et_pb_blurb][\/et_pb_column][\/et_pb_row][et_pb_row column_structure=&#187;1_3,1_3,1_3&#8243; _builder_version=&#187;4.10.5&#8243; _module_preset=&#187;default&#187; global_colors_info=&#187;{}&#187;][et_pb_column type=&#187;1_3&#8243; _builder_version=&#187;4.9.10&#8243; _module_preset=&#187;default&#187; global_colors_info=&#187;{}&#187;][et_pb_blurb title=&#187;H\u00fchner und Enten&#187; image=&#187;https:\/\/www.exoticus.ch\/wp-content\/uploads\/2021\/08\/Huhn_Exoticus_Bild1-scaled.jpg&#187; _builder_version=&#187;4.10.5&#8243; _dynamic_attributes=&#187;link_option_url&#187; _module_preset=&#187;default&#187; header_level=&#187;h2&#8243; header_font=&#187;|700|||||||&#187; link_option_url=&#187;@ET-DC@eyJkeW5hbWljIjp0cnVlLCJjb250ZW50IjoicG9zdF9saW5rX3VybF9wYWdlIiwic2V0dGluZ3MiOnsicG9zdF9pZCI6IjMzNzM4In19@&#187; global_colors_info=&#187;{}&#187;]<\/p>\n<p>We love chickens and ducks as patients. Due to their larger size and their often laid back or even daredevil attitude, there are a number of diseases that can be treated without worrying about submitting them to too much stress.<\/p>\n<p>[\/et_pb_blurb][\/et_pb_column][et_pb_column type=&#187;1_3&#8243; _builder_version=&#187;4.9.10&#8243; _module_preset=&#187;default&#187; global_colors_info=&#187;{}&#187;][et_pb_blurb title=&#187;Amphibien&#187; image=&#187;https:\/\/www.exoticus.ch\/wp-content\/uploads\/2021\/08\/Frosch_Exoticus_Bild1.jpg&#187; _builder_version=&#187;4.10.5&#8243; _dynamic_attributes=&#187;link_option_url&#187; _module_preset=&#187;default&#187; header_level=&#187;h2&#8243; header_font=&#187;|700|||||||&#187; link_option_url=&#187;@ET-DC@eyJkeW5hbWljIjp0cnVlLCJjb250ZW50IjoicG9zdF9saW5rX3VybF9wYWdlIiwic2V0dGluZ3MiOnsicG9zdF9pZCI6IjMzOTYyIn19@&#187; global_colors_info=&#187;{}&#187;]<\/p>\n<p>Due to their very sensitive skin and close relationship to water, amphibians are highly susceptible to external influences. However, this unique quality can also be used to our advantage when treating them. Certain medications can actually be administered through the skin, thereby reducing stress caused by handling.<\/p>\n<p>[\/et_pb_blurb][\/et_pb_column][et_pb_column type=&#187;1_3&#8243; _builder_version=&#187;4.9.10&#8243; _module_preset=&#187;default&#187; global_colors_info=&#187;{}&#187;][et_pb_blurb title=&#187;Fische&#187; image=&#187;https:\/\/www.exoticus.ch\/wp-content\/uploads\/2019\/11\/vet38.jpg&#187; _builder_version=&#187;4.10.5&#8243; _dynamic_attributes=&#187;link_option_url&#187; _module_preset=&#187;default&#187; header_level=&#187;h2&#8243; header_font=&#187;|700|||||||&#187; custom_margin=&#187;||98px|||&#187; custom_padding=&#187;||0px|||&#187; link_option_url=&#187;@ET-DC@eyJkeW5hbWljIjp0cnVlLCJjb250ZW50IjoicG9zdF9saW5rX3VybF9wYWdlIiwic2V0dGluZ3MiOnsicG9zdF9pZCI6IjMzNjA4In19@&#187; global_colors_info=&#187;{}&#187;]<\/p>\n<p>Freshwater as well as saltwater fish can be treated just like any other patient. With special techniques, you can even examine, treat or, if necessary, perform surgeries on fish.<\/p>\n<p>[\/et_pb_blurb][\/et_pb_column][\/et_pb_row][et_pb_row column_structure=&#187;1_3,1_3,1_3&#8243; _builder_version=&#187;4.10.5&#8243; _module_preset=&#187;default&#187; global_colors_info=&#187;{}&#187;][et_pb_column type=&#187;1_3&#8243; _builder_version=&#187;4.9.10&#8243; _module_preset=&#187;default&#187; global_colors_info=&#187;{}&#187;][et_pb_blurb title=&#187;Wirbellose&#187; image=&#187;https:\/\/www.exoticus.ch\/wp-content\/uploads\/2021\/08\/Spinne_Exoticus_Bild1-scaled.jpg&#187; _builder_version=&#187;4.10.7&#8243; _module_preset=&#187;default&#187; header_level=&#187;h2&#8243; header_font=&#187;|700|||||||&#187; hover_enabled=&#187;0&#8243; global_colors_info=&#187;{}&#187; sticky_enabled=&#187;0&#8243;]<\/p>\n<p>Medical treatments may also be necessary for invertebrates such as tarantulas, scorpions and snails. Regular health checks are an easy method of preventing this, as administering medication is often not easy for an owner.<\/p>\n<p>[\/et_pb_blurb][\/et_pb_column][et_pb_column type=&#187;1_3&#8243; _builder_version=&#187;4.10.5&#8243; _module_preset=&#187;default&#187; global_colors_info=&#187;{}&#187;][et_pb_blurb title=&#187;Zootiere&#187; image=&#187;https:\/\/www.exoticus.ch\/wp-content\/uploads\/2021\/08\/Wallaby_Exoticus_Bild1-scaled.jpg&#187; _builder_version=&#187;4.10.7&#8243; _module_preset=&#187;default&#187; header_level=&#187;h2&#8243; header_font=&#187;|700|||||||&#187; hover_enabled=&#187;0&#8243; global_colors_info=&#187;{}&#187; sticky_enabled=&#187;0&#8243;]<\/p>\n<p>We also treat larger animals. You are welcome to contact us for any inquiries at any time.<\/p>\n<p>[\/et_pb_blurb][\/et_pb_column][et_pb_column type=&#187;1_3&#8243; _builder_version=&#187;4.9.10&#8243; _module_preset=&#187;default&#187; global_colors_info=&#187;{}&#187;][et_pb_blurb title=&#187;Sie finden Ihre Tierart nicht?&#187; image=&#187;https:\/\/www.exoticus.ch\/wp-content\/uploads\/2021\/09\/Dino-scaled.jpg&#187; alt=&#187;Exoticus &#8211; Zentrum Heim- und Zootiermedizin&#187; _builder_version=&#187;4.10.7&#8243; _module_preset=&#187;default&#187; header_level=&#187;h2&#8243; header_font=&#187;|700|||||||&#187; custom_margin=&#187;||98px|||&#187; custom_padding=&#187;||0px|||&#187; hover_enabled=&#187;0&#8243; global_colors_info=&#187;{}&#187; sticky_enabled=&#187;0&#8243;]<\/p>\n<p>If your pet doesn't fit into any of these categories, give us a call or write an email. We are happy to provide information as to whether we offer medical assistance for your pet.<\/p>\n<p>[\/et_pb_blurb][\/et_pb_column][\/et_pb_row][et_pb_row column_structure=&#187;1_3,1_3,1_3&#8243; _builder_version=&#187;4.9.10&#8243; _module_preset=&#187;default&#187; global_colors_info=&#187;{}&#187;][et_pb_column type=&#187;1_3&#8243; _builder_version=&#187;4.9.10&#8243; _module_preset=&#187;default&#187; global_colors_info=&#187;{}&#187;][et_pb_blurb _builder_version=&#187;4.10.5&#8243; _dynamic_attributes=&#187;link_option_url&#187; _module_preset=&#187;default&#187; header_level=&#187;h2&#8243; header_font=&#187;|700|||||||&#187; link_option_url=&#187;@ET-DC@eyJkeW5hbWljIjp0cnVlLCJjb250ZW50IjoicG9zdF9saW5rX3VybF9wYWdlIiwic2V0dGluZ3MiOnsicG9zdF9pZCI6IjMzMTgwIn19@&#187; global_colors_info=&#187;{}&#187;][\/et_pb_blurb][\/et_pb_column][et_pb_column type=&#187;1_3&#8243; _builder_version=&#187;4.9.10&#8243; _module_preset=&#187;default&#187; global_colors_info=&#187;{}&#187;][et_pb_blurb _builder_version=&#187;4.10.5&#8243; _dynamic_attributes=&#187;link_option_url&#187; _module_preset=&#187;default&#187; header_level=&#187;h2&#8243; header_font=&#187;|700|||||||&#187; link_option_url=&#187;@ET-DC@eyJkeW5hbWljIjp0cnVlLCJjb250ZW50IjoicG9zdF9saW5rX3VybF9wYWdlIiwic2V0dGluZ3MiOnsicG9zdF9pZCI6IjMzMTgwIn19@&#187; global_colors_info=&#187;{}&#187;][\/et_pb_blurb][\/et_pb_column][et_pb_column type=&#187;1_3&#8243; _builder_version=&#187;4.9.10&#8243; _module_preset=&#187;default&#187; global_colors_info=&#187;{}&#187;][et_pb_blurb _builder_version=&#187;4.10.5&#8243; _dynamic_attributes=&#187;link_option_url&#187; _module_preset=&#187;default&#187; header_level=&#187;h2&#8243; header_font=&#187;|700|||||||&#187; link_option_url=&#187;@ET-DC@eyJkeW5hbWljIjp0cnVlLCJjb250ZW50IjoicG9zdF9saW5rX3VybF9wYWdlIiwic2V0dGluZ3MiOnsicG9zdF9pZCI6IjMzMTgwIn19@&#187; global_colors_info=&#187;{}&#187;][\/et_pb_blurb][\/et_pb_column][\/et_pb_row][\/et_pb_section]<\/p>","protected":false},"excerpt":{"rendered":"<p>Kaninchen geh\u00f6ren zu unseren h\u00e4ufigsten Patienten. Bei jeder klinischen Untersuchung ist es wichtig, dass auch die Backenz\u00e4hne sorgf\u00e4lltig untersucht werden, um Zahnerkankungen fr\u00fchzeitig zu erkennen.Meerschweinchen geh\u00f6ren zu den absoluten Favoriten von Dr. Frei! Da Meerschweinchen alleine schnell gestresst sind, k\u00f6nnen Sie gerne ein Partnertier f\u00fcr einen station\u00e4ren Aufenthalt bei uns mitbringen.Da viele V\u00f6gel schnell gestresst [&hellip;]<\/p>","protected":false},"author":1,"featured_media":0,"parent":0,"menu_order":0,"comment_status":"closed","ping_status":"closed","template":"","meta":{"_et_pb_use_builder":"on","_et_pb_old_content":"","_et_gb_content_width":"","_monsterinsights_skip_tracking":false,"_monsterinsights_sitenote_active":false,"_monsterinsights_sitenote_note":"","_monsterinsights_sitenote_category":0,"footnotes":""},"class_list":["post-33662","page","type-page","status-publish","hentry"],"_links":{"self":[{"href":"https:\/\/www.exoticus.ch\/en\/wp-json\/wp\/v2\/pages\/33662","targetHints":{"allow":["GET"]}}],"collection":[{"href":"https:\/\/www.exoticus.ch\/en\/wp-json\/wp\/v2\/pages"}],"about":[{"href":"https:\/\/www.exoticus.ch\/en\/wp-json\/wp\/v2\/types\/page"}],"author":[{"embeddable":true,"href":"https:\/\/www.exoticus.ch\/en\/wp-json\/wp\/v2\/users\/1"}],"replies":[{"embeddable":true,"href":"https:\/\/www.exoticus.ch\/en\/wp-json\/wp\/v2\/comments?post=33662"}],"version-history":[{"count":23,"href":"https:\/\/www.exoticus.ch\/en\/wp-json\/wp\/v2\/pages\/33662\/revisions"}],"predecessor-version":[{"id":34111,"href":"https:\/\/www.exoticus.ch\/en\/wp-json\/wp\/v2\/pages\/33662\/revisions\/34111"}],"wp:attachment":[{"href":"https:\/\/www.exoticus.ch\/en\/wp-json\/wp\/v2\/media?parent=33662"}],"curies":[{"name":"wp","href":"https:\/\/api.w.org\/{rel}","templated":true}]}}