{"id":33682,"date":"2021-08-29T17:31:49","date_gmt":"2021-08-29T15:31:49","guid":{"rendered":"https:\/\/www.exoticus.ch\/?page_id=33682"},"modified":"2022-11-19T19:33:45","modified_gmt":"2022-11-19T18:33:45","slug":"angebot","status":"publish","type":"page","link":"https:\/\/www.exoticus.ch\/en\/angebot\/","title":{"rendered":"WHAT WE OFFER"},"content":{"rendered":"<p>[et_pb_section fb_built=&#187;1&#8243; _builder_version=&#187;4.16&#8243; _module_preset=&#187;default&#187; background_color=&#187;rgba(38,134,193,0.26)&#187; global_colors_info=&#187;{}&#187;][et_pb_row column_structure=&#187;1_2,1_2&#8243; _builder_version=&#187;4.16&#8243; _module_preset=&#187;default&#187; min_height=&#187;424.7px&#187; global_colors_info=&#187;{}&#187;][et_pb_column type=&#187;1_2&#8243; _builder_version=&#187;4.16&#8243; _module_preset=&#187;default&#187; global_colors_info=&#187;{}&#187;][et_pb_slider _builder_version=&#187;4.16&#8243; _dynamic_attributes=&#187;link_option_url&#187; _module_preset=&#187;default&#187; min_height=&#187;352px&#187; height=&#187;350px&#187; custom_margin=&#187;||70px|||&#187; custom_padding=&#187;||50px|||&#187; link_option_url=&#187;@ET-DC@eyJkeW5hbWljIjp0cnVlLCJjb250ZW50IjoicG9zdF9saW5rX3VybF9wYWdlIiwic2V0dGluZ3MiOnsicG9zdF9pZCI6IjMzNjYyIn19@&#187; box_shadow_style=&#187;preset2&#8243; global_colors_info=&#187;{}&#187;][et_pb_slide heading=&#187;Tierarten&#187; button_text=&#187;Hier geht es zu den Tierarten&#187; button_link=&#187;@ET-DC@eyJkeW5hbWljIjp0cnVlLCJjb250ZW50IjoicG9zdF9saW5rX3VybF9wYWdlIiwic2V0dGluZ3MiOnsicG9zdF9pZCI6IjMzNjYyIn19@&#187; _builder_version=&#187;4.16&#8243; _dynamic_attributes=&#187;button_link&#187; _module_preset=&#187;default&#187; global_colors_info=&#187;{}&#187; sticky_transition=&#187;on&#187;]<\/p>\n<p>&nbsp;<\/p>\n<p>Here you will find further information on diseases and treatment options, sorted by animal species.<\/p>\n<p>[\/et_pb_slide][\/et_pb_slider][\/et_pb_column][et_pb_column type=&#187;1_2&#8243; _builder_version=&#187;4.16&#8243; _module_preset=&#187;default&#187; global_colors_info=&#187;{}&#187;][et_pb_slider _builder_version=&#187;4.16&#8243; _dynamic_attributes=&#187;link_option_url&#187; _module_preset=&#187;default&#187; min_height=&#187;350px&#187; height=&#187;350px&#187; custom_padding=&#187;||50px|||&#187; link_option_url=&#187;@ET-DC@eyJkeW5hbWljIjp0cnVlLCJjb250ZW50IjoicG9zdF9saW5rX3VybF9wYWdlIiwic2V0dGluZ3MiOnsicG9zdF9pZCI6IjMzNjU3In19@&#187; box_shadow_style=&#187;preset2&#8243; global_colors_info=&#187;{}&#187;][et_pb_slide heading=&#187;Leistungen&#187; button_text=&#187;Hier geht es zu den Leistungen&#187; button_link=&#187;@ET-DC@eyJkeW5hbWljIjp0cnVlLCJjb250ZW50IjoicG9zdF9saW5rX3VybF9wYWdlIiwic2V0dGluZ3MiOnsicG9zdF9pZCI6IjMzNjU3In19@&#187; _builder_version=&#187;4.16&#8243; _dynamic_attributes=&#187;button_link&#187; _module_preset=&#187;default&#187; global_colors_info=&#187;{}&#187; sticky_transition=&#187;on&#187;]<\/p>\n<p>Here you will find further information on our diagnostic and treatment options as well as a portrait of common clinical pictures. We will continuously add new information to this segment. Checking in regularly will be worthwhile!<\/p>\n<p>[\/et_pb_slide][\/et_pb_slider][\/et_pb_column][\/et_pb_row][\/et_pb_section]<\/p>","protected":false},"excerpt":{"rendered":"<p>&nbsp; Hier finden Sie weitere Informationen zu Krankheiten und Behandlungsm\u00f6glichkeiten nach Tierarten geordnet.Hier finden Sie weitere Informationen zu unseren Diagnose- und Behandlungsm\u00f6glichkeiten sowie h\u00e4ufige Krankheitsbilder im Portrait. Die Krankheitsbilder werden wir laufend erg\u00e4nzen. Regelm\u00e4ssiges reinschauen lohnt sich!<\/p>","protected":false},"author":1,"featured_media":0,"parent":0,"menu_order":0,"comment_status":"closed","ping_status":"closed","template":"","meta":{"_et_pb_use_builder":"on","_et_pb_old_content":"","_et_gb_content_width":"","_monsterinsights_skip_tracking":false,"_monsterinsights_sitenote_active":false,"_monsterinsights_sitenote_note":"","_monsterinsights_sitenote_category":0,"footnotes":""},"class_list":["post-33682","page","type-page","status-publish","hentry"],"_links":{"self":[{"href":"https:\/\/www.exoticus.ch\/en\/wp-json\/wp\/v2\/pages\/33682","targetHints":{"allow":["GET"]}}],"collection":[{"href":"https:\/\/www.exoticus.ch\/en\/wp-json\/wp\/v2\/pages"}],"about":[{"href":"https:\/\/www.exoticus.ch\/en\/wp-json\/wp\/v2\/types\/page"}],"author":[{"embeddable":true,"href":"https:\/\/www.exoticus.ch\/en\/wp-json\/wp\/v2\/users\/1"}],"replies":[{"embeddable":true,"href":"https:\/\/www.exoticus.ch\/en\/wp-json\/wp\/v2\/comments?post=33682"}],"version-history":[{"count":23,"href":"https:\/\/www.exoticus.ch\/en\/wp-json\/wp\/v2\/pages\/33682\/revisions"}],"predecessor-version":[{"id":34742,"href":"https:\/\/www.exoticus.ch\/en\/wp-json\/wp\/v2\/pages\/33682\/revisions\/34742"}],"wp:attachment":[{"href":"https:\/\/www.exoticus.ch\/en\/wp-json\/wp\/v2\/media?parent=33682"}],"curies":[{"name":"wp","href":"https:\/\/api.w.org\/{rel}","templated":true}]}}