{"id":33886,"date":"2021-09-05T11:57:42","date_gmt":"2021-09-05T09:57:42","guid":{"rendered":"https:\/\/www.exoticus.ch\/?page_id=33886"},"modified":"2022-07-10T12:52:30","modified_gmt":"2022-07-10T10:52:30","slug":"computertomographie","status":"publish","type":"page","link":"https:\/\/www.exoticus.ch\/en\/computertomographie\/","title":{"rendered":"CT"},"content":{"rendered":"<p>[et_pb_section fb_built=&#187;1&#8243; fullwidth=&#187;on&#187; _builder_version=&#187;4.16&#8243; _module_preset=&#187;default&#187; custom_margin=&#187;0px||0px||false|false&#187; custom_padding=&#187;0px||0px||false|false&#187; global_colors_info=&#187;{}&#187;][et_pb_fullwidth_header title=&#187;COMPUTERTOMOGRAPHIE &#187; _builder_version=&#187;4.16&#8243; _module_preset=&#187;default&#187; background_color=&#187;#0b3648&#8243; custom_margin=&#187;0px||0px||false|false&#187; custom_padding=&#187;15px||12px||false|false&#187; global_colors_info=&#187;{}&#187;]<\/p>\n<p>&nbsp;<\/p>\n<p>A CT scan has many advantages for diagnosing exotic pets. In case of small animals with filigree bone structures in particular, a lot more information can be extracted from a CT compared with an x-ray image. In dentistry, especially in rodents and rabbits, imaging with CT is preferable to X-rays. Depending on the species, general anesthesia is often not required, only sedation or in some cases it can even be carried out while awake.<\/p>\n<p>[\/et_pb_fullwidth_header][\/et_pb_section][et_pb_section fb_built=&#187;1&#8243; _builder_version=&#187;4.16&#8243; _module_preset=&#187;default&#187; custom_margin=&#187;50px||||false|false&#187; custom_padding=&#187;0px||0px||false|false&#187; global_colors_info=&#187;{}&#187;][et_pb_row column_structure=&#187;1_2,1_2&#8243; _builder_version=&#187;4.16&#8243; _module_preset=&#187;default&#187; custom_margin=&#187;0px||0px||true|false&#187; custom_padding=&#187;0px||0px||true|false&#187; global_colors_info=&#187;{}&#187;][et_pb_column type=&#187;1_2&#8243; _builder_version=&#187;4.16&#8243; _module_preset=&#187;default&#187; global_colors_info=&#187;{}&#187;][et_pb_image src=&#187;https:\/\/www.exoticus.ch\/wp-content\/uploads\/2021\/09\/CT-Geraet-mit-Rahmen.jpg&#187; title_text=&#187;CT Ger\u00e4t mit Rahmen&#187; _builder_version=&#187;4.16&#8243; _module_preset=&#187;default&#187; width=&#187;75%&#187; global_colors_info=&#187;{}&#187;][\/et_pb_image][\/et_pb_column][et_pb_column type=&#187;1_2&#8243; _builder_version=&#187;4.16&#8243; _module_preset=&#187;default&#187; global_colors_info=&#187;{}&#187;][et_pb_blurb title=&#187;CT Untersuchungen&#187; _builder_version=&#187;4.17.4&#8243; _module_preset=&#187;default&#187; header_level=&#187;h3&#8243; hover_enabled=&#187;0&#8243; global_colors_info=&#187;{}&#187; sticky_enabled=&#187;0&#8243;]<\/p>\n<p><span>Bei uns werden CT Untersuchungen direkt in der Praxis durchgef\u00fchrt. Zahnerkrakungen von Kaninchen und Nagetieren, aber auch viele andere Abkl\u00e4rungen k\u00f6nnen wir mit unserem CT anbieten. <\/span><\/p>\n<p>&nbsp;<\/p>\n<p>&nbsp;<\/p>\n<p>[\/et_pb_blurb][\/et_pb_column][\/et_pb_row][et_pb_row column_structure=&#187;1_2,1_2&#8243; _builder_version=&#187;4.16&#8243; _module_preset=&#187;default&#187; custom_margin=&#187;||||false&#187; custom_padding=&#187;||||false&#187; global_colors_info=&#187;{}&#187;][et_pb_column type=&#187;1_2&#8243; _builder_version=&#187;4.16&#8243; _module_preset=&#187;default&#187; global_colors_info=&#187;{}&#187;][et_pb_blurb title=&#187;Beispiel Kaninchensch\u00e4del&#187; _builder_version=&#187;4.16&#8243; _module_preset=&#187;default&#187; header_level=&#187;h3&#8243; custom_padding=&#187;||1px|||&#187; global_colors_info=&#187;{}&#187;]<\/p>\n<p><span><\/span><\/p>\n<p>Here is an example of a three-dimensional reconstruction of a rabbit skull from a CT scan. In contrast to X-rays, the fine structures can be isolated and assessed without overlay.<\/p>\n<p>[\/et_pb_blurb][\/et_pb_column][et_pb_column type=&#187;1_2&#8243; _builder_version=&#187;4.16&#8243; _module_preset=&#187;default&#187; global_colors_info=&#187;{}&#187;][et_pb_image src=&#187;https:\/\/www.exoticus.ch\/wp-content\/uploads\/2021\/09\/CT-Kaninchenschaedel-links.jpg&#187; title_text=&#187;CT Kaninchensch\u00e4del links&#187; _builder_version=&#187;4.16&#8243; _module_preset=&#187;default&#187; width=&#187;75%&#187; module_alignment=&#187;right&#187; global_colors_info=&#187;{}&#187;][\/et_pb_image][\/et_pb_column][\/et_pb_row][et_pb_row _builder_version=&#187;4.16&#8243; _module_preset=&#187;default&#187; global_colors_info=&#187;{}&#187;][et_pb_column type=&#187;4_4&#8243; _builder_version=&#187;4.16&#8243; _module_preset=&#187;default&#187; global_colors_info=&#187;{}&#187;][et_pb_divider color=&#187;#57BB6A&#187; divider_position=&#187;center&#187; divider_weight=&#187;1.5px&#187; _builder_version=&#187;4.16&#8243; _module_preset=&#187;default&#187; global_colors_info=&#187;{}&#187;][\/et_pb_divider][\/et_pb_column][\/et_pb_row][\/et_pb_section]<\/p>","protected":false},"excerpt":{"rendered":"<p>&nbsp; Ein CT bringt viele Vorteile f\u00fcr die Diagnosestellung bei exotischen Heimtieren.\u00a0 Gerade bei kleinen Tieren mit filigranen Knochenstrukturen kann man im CT viel mehr Informationen herauslesen als im R\u00f6ntgenbild. Besonders in der Zahnmedizin bei Nagern und Kaninchen ist die bildgebende Darstellung mit CT dem R\u00f6ntgenbild vorzuziehen. Je nach Tierart braucht es oft auch keine [&hellip;]<\/p>","protected":false},"author":1,"featured_media":0,"parent":0,"menu_order":0,"comment_status":"closed","ping_status":"closed","template":"","meta":{"_et_pb_use_builder":"on","_et_pb_old_content":"","_et_gb_content_width":"","_monsterinsights_skip_tracking":false,"_monsterinsights_sitenote_active":false,"_monsterinsights_sitenote_note":"","_monsterinsights_sitenote_category":0,"footnotes":""},"class_list":["post-33886","page","type-page","status-publish","hentry"],"_links":{"self":[{"href":"https:\/\/www.exoticus.ch\/en\/wp-json\/wp\/v2\/pages\/33886","targetHints":{"allow":["GET"]}}],"collection":[{"href":"https:\/\/www.exoticus.ch\/en\/wp-json\/wp\/v2\/pages"}],"about":[{"href":"https:\/\/www.exoticus.ch\/en\/wp-json\/wp\/v2\/types\/page"}],"author":[{"embeddable":true,"href":"https:\/\/www.exoticus.ch\/en\/wp-json\/wp\/v2\/users\/1"}],"replies":[{"embeddable":true,"href":"https:\/\/www.exoticus.ch\/en\/wp-json\/wp\/v2\/comments?post=33886"}],"version-history":[{"count":11,"href":"https:\/\/www.exoticus.ch\/en\/wp-json\/wp\/v2\/pages\/33886\/revisions"}],"predecessor-version":[{"id":34552,"href":"https:\/\/www.exoticus.ch\/en\/wp-json\/wp\/v2\/pages\/33886\/revisions\/34552"}],"wp:attachment":[{"href":"https:\/\/www.exoticus.ch\/en\/wp-json\/wp\/v2\/media?parent=33886"}],"curies":[{"name":"wp","href":"https:\/\/api.w.org\/{rel}","templated":true}]}}