{"id":33995,"date":"2021-09-05T17:20:23","date_gmt":"2021-09-05T15:20:23","guid":{"rendered":"https:\/\/www.exoticus.ch\/?page_id=33995"},"modified":"2023-11-23T19:30:05","modified_gmt":"2023-11-23T18:30:05","slug":"frettchen","status":"publish","type":"page","link":"https:\/\/www.exoticus.ch\/en\/frettchen\/","title":{"rendered":"Ferrets"},"content":{"rendered":"<p>[et_pb_section fb_built=&#187;1&#8243; fullwidth=&#187;on&#187; _builder_version=&#187;4.16&#8243; _module_preset=&#187;default&#187; custom_margin=&#187;0px||0px||false|false&#187; custom_padding=&#187;0px||0px||false|false&#187; global_colors_info=&#187;{}&#187;][et_pb_fullwidth_header title=&#187;Frettchen&#187; _builder_version=&#187;4.16&#8243; _module_preset=&#187;default&#187; background_color=&#187;#0b3648&#8243; custom_margin=&#187;0px||0px||false|false&#187; custom_padding=&#187;15px||12px||false|false&#187; global_colors_info=&#187;{}&#187;]<\/p>\n<p>&nbsp;<\/p>\n<p>Although ferrets are carnivores like dogs and cats, they have very different medical requirements. In addition, a lot of experience handling these agile creatures is needed to perform a proper clinical exam.<\/p>\n<p>[\/et_pb_fullwidth_header][\/et_pb_section][et_pb_section fb_built=&#187;1&#8243; _builder_version=&#187;4.16&#8243; _module_preset=&#187;default&#187; custom_margin=&#187;50px||||false|false&#187; custom_padding=&#187;0px||0px||false|false&#187; global_colors_info=&#187;{}&#187;][et_pb_row column_structure=&#187;1_2,1_2&#8243; _builder_version=&#187;4.16&#8243; _module_preset=&#187;default&#187; custom_margin=&#187;0px||0px||true|false&#187; custom_padding=&#187;0px||0px||true|false&#187; global_colors_info=&#187;{}&#187;][et_pb_column type=&#187;1_2&#8243; _builder_version=&#187;4.16&#8243; _module_preset=&#187;default&#187; global_colors_info=&#187;{}&#187;][et_pb_image src=&#187;https:\/\/www.exoticus.ch\/wp-content\/uploads\/2021\/08\/Frettchen_Exoticus_Bild1.jpg&#187; title_text=&#187;Frettchen_Exoticus_Bild1&#8243; _builder_version=&#187;4.16&#8243; _module_preset=&#187;default&#187; width=&#187;75%&#187; global_colors_info=&#187;{}&#187;][\/et_pb_image][\/et_pb_column][et_pb_column type=&#187;1_2&#8243; _builder_version=&#187;4.16&#8243; _module_preset=&#187;default&#187; global_colors_info=&#187;{}&#187;][et_pb_blurb title=&#187;Haltung und F\u00fctterung &#187; _builder_version=&#187;4.16&#8243; _module_preset=&#187;default&#187; header_level=&#187;h3&#8243; global_colors_info=&#187;{}&#187;]<\/p>\n<p>&nbsp;<\/p>\n<p>We are happy to discuss housing and diet requirements of your ferret. In Switzerland an official permit is necessary to house ferrets.<\/p>\n<p>&nbsp;<\/p>\n<p>[\/et_pb_blurb][\/et_pb_column][\/et_pb_row][et_pb_row _builder_version=&#187;4.16&#8243; _module_preset=&#187;default&#187; global_colors_info=&#187;{}&#187;][et_pb_column type=&#187;4_4&#8243; _builder_version=&#187;4.16&#8243; _module_preset=&#187;default&#187; global_colors_info=&#187;{}&#187;][et_pb_divider color=&#187;#57BB6A&#187; divider_position=&#187;center&#187; divider_weight=&#187;1.5px&#187; _builder_version=&#187;4.16&#8243; _module_preset=&#187;default&#187; global_colors_info=&#187;{}&#187;][\/et_pb_divider][\/et_pb_column][\/et_pb_row][et_pb_row column_structure=&#187;1_2,1_2&#8243; _builder_version=&#187;4.16&#8243; _module_preset=&#187;default&#187; custom_margin=&#187;||||false&#187; custom_padding=&#187;||||false&#187; global_colors_info=&#187;{}&#187;][et_pb_column type=&#187;1_2&#8243; _builder_version=&#187;4.16&#8243; _module_preset=&#187;default&#187; global_colors_info=&#187;{}&#187;][et_pb_blurb title=&#187;Pr\u00e4vention und Health Check &#187; _builder_version=&#187;4.16&#8243; _module_preset=&#187;default&#187; header_level=&#187;h3&#8243; global_colors_info=&#187;{}&#187;]<\/p>\n<p>&nbsp;<\/p>\n<p>We recommend annual health checks for your animals. This facilitates early disease detection, which is particularly important in older animals.<\/p>\n<p>&nbsp;<\/p>\n<ul>\n<li>Distemper vaccine<\/li>\n<li>Rabies vaccine<\/li>\n<li>Blood test<\/li>\n<li>Discussing surgical castration and alternatives<\/li>\n<\/ul>\n<p>[\/et_pb_blurb][\/et_pb_column][et_pb_column type=&#187;1_2&#8243; _builder_version=&#187;4.16&#8243; _module_preset=&#187;default&#187; global_colors_info=&#187;{}&#187;][et_pb_image src=&#187;https:\/\/www.exoticus.ch\/wp-content\/uploads\/2021\/09\/Ferret.jpg&#187; title_text=&#187;Ferret&#187; _builder_version=&#187;4.16&#8243; _module_preset=&#187;default&#187; width=&#187;75%&#187; module_alignment=&#187;right&#187; global_colors_info=&#187;{}&#187;][\/et_pb_image][\/et_pb_column][\/et_pb_row][et_pb_row _builder_version=&#187;4.16&#8243; _module_preset=&#187;default&#187; global_colors_info=&#187;{}&#187;][et_pb_column type=&#187;4_4&#8243; _builder_version=&#187;4.16&#8243; _module_preset=&#187;default&#187; global_colors_info=&#187;{}&#187;][et_pb_divider color=&#187;#57BB6A&#187; divider_position=&#187;center&#187; divider_weight=&#187;1.5px&#187; _builder_version=&#187;4.16&#8243; _module_preset=&#187;default&#187; global_colors_info=&#187;{}&#187;][\/et_pb_divider][\/et_pb_column][\/et_pb_row][et_pb_row column_structure=&#187;1_2,1_2&#8243; _builder_version=&#187;4.16&#8243; _module_preset=&#187;default&#187; global_colors_info=&#187;{}&#187;][et_pb_column type=&#187;1_2&#8243; _builder_version=&#187;4.16&#8243; _module_preset=&#187;default&#187; global_colors_info=&#187;{}&#187;][et_pb_image src=&#187;https:\/\/www.exoticus.ch\/wp-content\/uploads\/2021\/08\/IMG_0901-scaled.jpeg&#187; title_text=&#187;IMG_0901&#8243; _builder_version=&#187;4.16&#8243; _module_preset=&#187;default&#187; width=&#187;75%&#187; global_colors_info=&#187;{}&#187;][\/et_pb_image][\/et_pb_column][et_pb_column type=&#187;1_2&#8243; _builder_version=&#187;4.16&#8243; _module_preset=&#187;default&#187; global_colors_info=&#187;{}&#187;][et_pb_blurb title=&#187;Diagnostik &#187; _builder_version=&#187;4.16&#8243; _module_preset=&#187;default&#187; header_level=&#187;h3&#8243; global_colors_info=&#187;{}&#187;]<\/p>\n<p>&nbsp;<\/p>\n<p>We offer a wide variety of diagnostic tests, which are tailored to the needs of your ferret.<\/p>\n<p>&nbsp;<\/p>\n<ul>\n<li>Digital x-ray<\/li>\n<li>Ultrasound<\/li>\n<li>Blood test<\/li>\n<li>Fecal examinations<\/li>\n<li>Endoscopy and much more...<\/li>\n<\/ul>\n<p>[\/et_pb_blurb][\/et_pb_column][\/et_pb_row][et_pb_row _builder_version=&#187;4.16&#8243; _module_preset=&#187;default&#187; global_colors_info=&#187;{}&#187;][et_pb_column type=&#187;4_4&#8243; _builder_version=&#187;4.16&#8243; _module_preset=&#187;default&#187; global_colors_info=&#187;{}&#187;][et_pb_divider color=&#187;#57BB6A&#187; divider_position=&#187;center&#187; divider_weight=&#187;1.5px&#187; _builder_version=&#187;4.16&#8243; _module_preset=&#187;default&#187; global_colors_info=&#187;{}&#187;][\/et_pb_divider][\/et_pb_column][\/et_pb_row][et_pb_row column_structure=&#187;1_2,1_2&#8243; _builder_version=&#187;4.16&#8243; _module_preset=&#187;default&#187; global_colors_info=&#187;{}&#187;][et_pb_column type=&#187;1_2&#8243; _builder_version=&#187;4.16&#8243; _module_preset=&#187;default&#187; global_colors_info=&#187;{}&#187;][et_pb_blurb title=&#187;Chirurgie&#187; _builder_version=&#187;4.16&#8243; _module_preset=&#187;default&#187; header_level=&#187;h3&#8243; global_colors_info=&#187;{}&#187;]<\/p>\n<p>&nbsp;<\/p>\n<p>We carry out all routine operations but also specialized surgeries.<\/p>\n<p>&nbsp;<\/p>\n<ul>\n<li>Abdominal surgery<\/li>\n<li>Removal of tumors and much more ...<\/li>\n<\/ul>\n<p>[\/et_pb_blurb][\/et_pb_column][et_pb_column type=&#187;1_2&#8243; _builder_version=&#187;4.16&#8243; _module_preset=&#187;default&#187; global_colors_info=&#187;{}&#187;][et_pb_image src=&#187;https:\/\/www.exoticus.ch\/wp-content\/uploads\/2021\/09\/Ferret2-1.jpg&#187; title_text=&#187;Ferret2&#8243; _builder_version=&#187;4.16&#8243; _module_preset=&#187;default&#187; width=&#187;75%&#187; module_alignment=&#187;right&#187; global_colors_info=&#187;{}&#187;][\/et_pb_image][\/et_pb_column][\/et_pb_row][et_pb_row _builder_version=&#187;4.16&#8243; _module_preset=&#187;default&#187; global_colors_info=&#187;{}&#187;][et_pb_column type=&#187;4_4&#8243; _builder_version=&#187;4.16&#8243; _module_preset=&#187;default&#187; global_colors_info=&#187;{}&#187;][et_pb_divider color=&#187;#57BB6A&#187; divider_position=&#187;center&#187; divider_weight=&#187;1.5px&#187; _builder_version=&#187;4.16&#8243; _module_preset=&#187;default&#187; global_colors_info=&#187;{}&#187;][\/et_pb_divider][\/et_pb_column][\/et_pb_row][et_pb_row column_structure=&#187;1_2,1_2&#8243; _builder_version=&#187;4.16&#8243; _module_preset=&#187;default&#187; global_colors_info=&#187;{}&#187;][et_pb_column type=&#187;1_2&#8243; _builder_version=&#187;4.16&#8243; _module_preset=&#187;default&#187; global_colors_info=&#187;{}&#187;][et_pb_image src=&#187;https:\/\/www.exoticus.ch\/wp-content\/uploads\/2021\/08\/Rabbit_intubation-scaled.jpg&#187; title_text=&#187;Rabbit_intubation&#187; _builder_version=&#187;4.16&#8243; _module_preset=&#187;default&#187; width=&#187;75%&#187; global_colors_info=&#187;{}&#187;][\/et_pb_image][\/et_pb_column][et_pb_column type=&#187;1_2&#8243; _builder_version=&#187;4.16&#8243; _module_preset=&#187;default&#187; global_colors_info=&#187;{}&#187;][et_pb_blurb title=&#187;An\u00e4sthesie&#187; _builder_version=&#187;4.16&#8243; _module_preset=&#187;default&#187; header_level=&#187;h3&#8243; global_colors_info=&#187;{}&#187;]<\/p>\n<p>&nbsp;<\/p>\n<p>We specialize in anesthesia and pain management. In our clinic all ferrets are intubated during anesthesia which leads to a much lower anesthesia risk.<\/p>\n<p>[\/et_pb_blurb][\/et_pb_column][\/et_pb_row][\/et_pb_section]<\/p>","protected":false},"excerpt":{"rendered":"<p>&nbsp; Obwohl Frettchen wie Hunde und Katzen auch zu den Fleischfressern geh\u00f6ren, unterscheiden sie sich in der Medizin deutlich von ihnen. Dazu kommt, dass es viel Erfahrung braucht um diese agilen Tiere f\u00fcr einen klinischen Untersuch ruhig zu halten.&nbsp; Wir beraten Sie gerne bez\u00fcglich der korrekten Haltung und F\u00fctterung Ihres Frettchens. In der Schweiz ben\u00f6tigen [&hellip;]<\/p>","protected":false},"author":1,"featured_media":0,"parent":0,"menu_order":0,"comment_status":"closed","ping_status":"closed","template":"","meta":{"_et_pb_use_builder":"on","_et_pb_old_content":"","_et_gb_content_width":"","_monsterinsights_skip_tracking":false,"_monsterinsights_sitenote_active":false,"_monsterinsights_sitenote_note":"","_monsterinsights_sitenote_category":0,"footnotes":""},"class_list":["post-33995","page","type-page","status-publish","hentry"],"_links":{"self":[{"href":"https:\/\/www.exoticus.ch\/en\/wp-json\/wp\/v2\/pages\/33995","targetHints":{"allow":["GET"]}}],"collection":[{"href":"https:\/\/www.exoticus.ch\/en\/wp-json\/wp\/v2\/pages"}],"about":[{"href":"https:\/\/www.exoticus.ch\/en\/wp-json\/wp\/v2\/types\/page"}],"author":[{"embeddable":true,"href":"https:\/\/www.exoticus.ch\/en\/wp-json\/wp\/v2\/users\/1"}],"replies":[{"embeddable":true,"href":"https:\/\/www.exoticus.ch\/en\/wp-json\/wp\/v2\/comments?post=33995"}],"version-history":[{"count":14,"href":"https:\/\/www.exoticus.ch\/en\/wp-json\/wp\/v2\/pages\/33995\/revisions"}],"predecessor-version":[{"id":34863,"href":"https:\/\/www.exoticus.ch\/en\/wp-json\/wp\/v2\/pages\/33995\/revisions\/34863"}],"wp:attachment":[{"href":"https:\/\/www.exoticus.ch\/en\/wp-json\/wp\/v2\/media?parent=33995"}],"curies":[{"name":"wp","href":"https:\/\/api.w.org\/{rel}","templated":true}]}}