{"id":34292,"date":"2022-01-23T15:41:23","date_gmt":"2022-01-23T14:41:23","guid":{"rendered":"https:\/\/www.exoticus.ch\/?page_id=34292"},"modified":"2022-01-23T15:43:26","modified_gmt":"2022-01-23T14:43:26","slug":"shop","status":"publish","type":"page","link":"https:\/\/www.exoticus.ch\/en\/shop\/","title":{"rendered":"SHOP"},"content":{"rendered":"<p>[et_pb_section fb_built=&#187;1&#8243; _builder_version=&#187;4.14.4&#8243; _module_preset=&#187;default&#187; global_colors_info=&#187;{}&#187;][et_pb_row _builder_version=&#187;4.10.4&#8243; _module_preset=&#187;default&#187; custom_margin=&#187;54px||||false|false&#187; global_colors_info=&#187;{}&#187;][et_pb_column type=&#187;4_4&#8243; _builder_version=&#187;4.10.4&#8243; _module_preset=&#187;default&#187; global_colors_info=&#187;{}&#187;][et_pb_slider _builder_version=&#187;4.14.4&#8243; _module_preset=&#187;default&#187; custom_padding=&#187;||197px|||&#187; global_colors_info=&#187;{}&#187;][et_pb_slide image=&#187;https:\/\/www.exoticus.ch\/wp-content\/uploads\/2022\/01\/V5-scaled.jpg&#187; _builder_version=&#187;4.14.4&#8243; _module_preset=&#187;default&#187; global_colors_info=&#187;{}&#187; sticky_transition=&#187;on&#187;]<\/p>\n<p style=\"text-align: center;\">Wir verkaufen nicht nur Veterin\u00e4rbedarf sondern auch eine Auswahl an wundersch\u00f6nen und nachhaltigen Alltagsprodukten. Unser Sortiment wird laufend erg\u00e4nzt. Eine kleine Auswahl unserer Produkte sehen Sie in der Gallerie unten.<\/p>\n<p style=\"text-align: center;\">Schauen Sie einfach vorbei und \u00fcberzeugen Sie sich selbst!<\/p>\n<p>[\/et_pb_slide][et_pb_slide image=&#187;https:\/\/www.exoticus.ch\/wp-content\/uploads\/2022\/01\/GIFTCARDSPINNER.jpg&#187; _builder_version=&#187;4.14.4&#8243; _module_preset=&#187;default&#187; global_colors_info=&#187;{}&#187; sticky_transition=&#187;on&#187;]<\/p>\n<p style=\"text-align: center;\">Wir verkaufen nicht nur Veterin\u00e4rbedarf sondern auch eine Auswahl an wundersch\u00f6nen und nachhaltigen Alltagsprodukten. Unser Sortiment wird laufend erg\u00e4nzt. Eine kleine Auswahl unserer Produkte sehen Sie in der Gallerie unten.<\/p>\n<p style=\"text-align: center;\">Schauen Sie einfach vorbei und \u00fcberzeugen Sie sich selbst!<\/p>\n<p>[\/et_pb_slide][et_pb_slide heading=&#187;                              &#187; image=&#187;https:\/\/www.exoticus.ch\/wp-content\/uploads\/2022\/01\/V6-scaled.jpg&#187; _builder_version=&#187;4.14.4&#8243; _module_preset=&#187;default&#187; global_colors_info=&#187;{}&#187; sticky_transition=&#187;on&#187;]<\/p>\n<p style=\"text-align: center;\">Wir verkaufen nicht nur Veterin\u00e4rbedarf sondern auch eine Auswahl an wundersch\u00f6nen und nachhaltigen Alltagsprodukten. Unser Sortiment wird laufend erg\u00e4nzt. Eine kleine Auswahl unserer Produkte sehen Sie in der Gallerie unten.<\/p>\n<p style=\"text-align: center;\">Schauen Sie einfach vorbei und \u00fcberzeugen Sie sich selbst!<\/p>\n<p>[\/et_pb_slide][\/et_pb_slider][dsm_image_carousel gallery_ids=&#187;34390,34429,34391,34425,34392,34395,34396,34420,34397,34398,34424,34399,34400,34401,34387,34402,34403,34389,34426,34404,34405,34406,34407,34408,34412,34415,34416,34418,34419,34421,34422,34394,34393&#8243; speed=&#187;367&#8243; _builder_version=&#187;4.14.4&#8243; _module_preset=&#187;default&#187; global_colors_info=&#187;{}&#187;][\/dsm_image_carousel][\/et_pb_column][\/et_pb_row][et_pb_row _builder_version=&#187;4.10.5&#8243; _module_preset=&#187;default&#187; global_colors_info=&#187;{}&#187;][et_pb_column type=&#187;4_4&#8243; _builder_version=&#187;4.10.5&#8243; _module_preset=&#187;default&#187; global_colors_info=&#187;{}&#187;][\/et_pb_column][\/et_pb_row][\/et_pb_section]<\/p>","protected":false},"excerpt":{"rendered":"<p>Wir verkaufen nicht nur Veterin\u00e4rbedarf sondern auch eine Auswahl an wundersch\u00f6nen und nachhaltigen Alltagsprodukten. Unser Sortiment wird laufend erg\u00e4nzt. Eine kleine Auswahl unserer Produkte sehen Sie in der Gallerie unten. Schauen Sie einfach vorbei und \u00fcberzeugen Sie sich selbst!Wir verkaufen nicht nur Veterin\u00e4rbedarf sondern auch eine Auswahl an wundersch\u00f6nen und nachhaltigen Alltagsprodukten. Unser Sortiment wird [&hellip;]<\/p>","protected":false},"author":1,"featured_media":0,"parent":0,"menu_order":0,"comment_status":"closed","ping_status":"closed","template":"","meta":{"_et_pb_use_builder":"on","_et_pb_old_content":"","_et_gb_content_width":"","_monsterinsights_skip_tracking":false,"_monsterinsights_sitenote_active":false,"_monsterinsights_sitenote_note":"","_monsterinsights_sitenote_category":0,"footnotes":""},"class_list":["post-34292","page","type-page","status-publish","hentry"],"_links":{"self":[{"href":"https:\/\/www.exoticus.ch\/en\/wp-json\/wp\/v2\/pages\/34292","targetHints":{"allow":["GET"]}}],"collection":[{"href":"https:\/\/www.exoticus.ch\/en\/wp-json\/wp\/v2\/pages"}],"about":[{"href":"https:\/\/www.exoticus.ch\/en\/wp-json\/wp\/v2\/types\/page"}],"author":[{"embeddable":true,"href":"https:\/\/www.exoticus.ch\/en\/wp-json\/wp\/v2\/users\/1"}],"replies":[{"embeddable":true,"href":"https:\/\/www.exoticus.ch\/en\/wp-json\/wp\/v2\/comments?post=34292"}],"version-history":[{"count":5,"href":"https:\/\/www.exoticus.ch\/en\/wp-json\/wp\/v2\/pages\/34292\/revisions"}],"predecessor-version":[{"id":34450,"href":"https:\/\/www.exoticus.ch\/en\/wp-json\/wp\/v2\/pages\/34292\/revisions\/34450"}],"wp:attachment":[{"href":"https:\/\/www.exoticus.ch\/en\/wp-json\/wp\/v2\/media?parent=34292"}],"curies":[{"name":"wp","href":"https:\/\/api.w.org\/{rel}","templated":true}]}}