{"id":34483,"date":"2022-02-14T09:50:34","date_gmt":"2022-02-14T08:50:34","guid":{"rendered":"https:\/\/www.exoticus.ch\/?page_id=34483"},"modified":"2026-03-11T09:38:43","modified_gmt":"2026-03-11T08:38:43","slug":"kastration-maennliche-schildkroeten","status":"publish","type":"page","link":"https:\/\/www.exoticus.ch\/en\/kastration-maennliche-schildkroeten\/","title":{"rendered":"Castration of male tortoises"},"content":{"rendered":"<p>[et_pb_section fb_built=&#187;1&#8243; _builder_version=&#187;4.16&#8243; _module_preset=&#187;default&#187; global_colors_info=&#187;{}&#187;][et_pb_row _builder_version=&#187;4.16&#8243; _module_preset=&#187;default&#187; global_colors_info=&#187;{}&#187;][et_pb_column type=&#187;4_4&#8243; _builder_version=&#187;4.16&#8243; _module_preset=&#187;default&#187; global_colors_info=&#187;{}&#187;][et_pb_image src=&#187;https:\/\/www.exoticus.ch\/wp-content\/uploads\/2023\/03\/Schildkroeten_Kastration_Homepage_2023-scaled.jpg&#187; alt=&#187;Kastration von M\u00e4nnlichen Schildkr\u00f6ten&#187; title_text=&#187;Kastration m\u00e4nnliche Landschildkr\u00f6te Exoticus&#187; _builder_version=&#187;4.17.4&#8243; _module_preset=&#187;default&#187; custom_margin=&#187;-32px|||||&#187; global_colors_info=&#187;{}&#187;][\/et_pb_image][\/et_pb_column][\/et_pb_row][et_pb_row _builder_version=&#187;4.16&#8243; _module_preset=&#187;default&#187; custom_margin=&#187;54px||||false|false&#187; global_colors_info=&#187;{}&#187;][et_pb_column type=&#187;4_4&#8243; _builder_version=&#187;4.16&#8243; _module_preset=&#187;default&#187; global_colors_info=&#187;{}&#187;][et_pb_text _builder_version=&#187;4.17.4&#8243; _module_preset=&#187;default&#187; global_colors_info=&#187;{}&#187;]<\/p>\n<h1 style=\"text-align: center;\"><strong>Kastration von m\u00e4nnlichen Schildkr\u00f6ten 2026<\/strong><\/h1>\n<p><strong><\/strong><\/p>\n<p><strong><\/strong><\/p>\n<p><strong><\/strong><\/p>\n<p><strong>Halter von m\u00e4nnlichen Landschildkr\u00f6ten beobachten oft, dass Weibchen von M\u00e4nnchen bedr\u00e4ngt werden, was auch zu Verletzungen an der Kloake und am Schwanz f\u00fchren kann. Auch in reinen M\u00e4nnchen Gruppen kann es zu Problemen kommen. Zurzeit gibt es keine verl\u00e4ssliche Methode die Tiere chemisch zu kastrieren, so dass nur ein chirurgischer Eingriff Abhilfe schafft. <\/strong><strong><\/strong><\/p>\n<p><strong><\/strong><\/p>\n<p><strong>Ablauf OP:<br \/><\/strong>Bei der endoskopischen Kastration muss der Panzer nicht er\u00f6ffnet werden. Stattdessen wird ein kleiner Schnitt vor dem Hinterbein gemacht und so ein Zugang zu Bauchh\u00f6hle geschaffen, \u00fcber welchen die Hoden entfernt werden.<strong><br \/><\/strong><strong><\/strong><strong><\/strong><strong><\/strong><\/p>\n<p><strong>Voruntersuchung:<br \/><\/strong>Die Schildkr\u00f6ten werden uns i.d.R. einen Tag vor der OP vorgestellt. Dabei wird eine komplette klinische Untersuchung vorgenommen und auch Blut entnommen. Die Blutprobe wird direkt in der Praxis analysiert, damit wir sicherstellen k\u00f6nnen, dass alles in Ordnung ist vor der OP. <strong><br \/><\/strong><strong><\/strong><\/p>\n<p><strong>Nachbehandlung:<br \/><\/strong>Die Schildkr\u00f6ten d\u00fcrfen einen Tag nach der OP wieder nach Hause. Zu Hause bekommen Sie noch f\u00fcr ein paar Tage ein Schmerzmittel.<strong><br \/><\/strong><strong><\/strong><\/p>\n<p><strong>Kosten:<\/strong><br \/>Die Kosten f\u00fcr die Kastration inkl. Blutuntersuchung betr\u00e4gt 775.- (inkl. MWST) pro Tier f\u00fcr Tiere unter 2kg und 875.- (inkl. MWST) pro Tier f\u00fcr Tiere \u00fcber 2kg.<\/p>\n<p><strong>Termine:<\/strong><br \/>Termine k\u00f6nnen direkt unter 044 577 49 66 oder per E-Mail an <a href=\"mailto:praxis@exoticus.ch\">praxis@exoticus.ch<\/a> vereinbart werden.<\/p>\n<p><strong><\/strong><\/p>\n<p><strong><\/strong><\/p>\n<p><strong><\/strong><\/p>\n<p><strong><\/strong><\/p>\n<p><strong><\/strong><\/p>\n<p>&nbsp;<\/p>\n<p>[\/et_pb_text][\/et_pb_column][\/et_pb_row][\/et_pb_section]<\/p>","protected":false},"excerpt":{"rendered":"<p>Kastration von m\u00e4nnlichen Schildkr\u00f6ten 2026 Halter von m\u00e4nnlichen Landschildkr\u00f6ten beobachten oft, dass Weibchen von M\u00e4nnchen bedr\u00e4ngt werden, was auch zu Verletzungen an der Kloake und am Schwanz f\u00fchren kann. Auch in reinen M\u00e4nnchen Gruppen kann es zu Problemen kommen. Zurzeit gibt es keine verl\u00e4ssliche Methode die Tiere chemisch zu kastrieren, so dass nur ein chirurgischer [&hellip;]<\/p>","protected":false},"author":1,"featured_media":0,"parent":0,"menu_order":0,"comment_status":"closed","ping_status":"closed","template":"","meta":{"_et_pb_use_builder":"on","_et_pb_old_content":"","_et_gb_content_width":"","_monsterinsights_skip_tracking":false,"_monsterinsights_sitenote_active":false,"_monsterinsights_sitenote_note":"","_monsterinsights_sitenote_category":0,"footnotes":""},"class_list":["post-34483","page","type-page","status-publish","hentry"],"_links":{"self":[{"href":"https:\/\/www.exoticus.ch\/en\/wp-json\/wp\/v2\/pages\/34483","targetHints":{"allow":["GET"]}}],"collection":[{"href":"https:\/\/www.exoticus.ch\/en\/wp-json\/wp\/v2\/pages"}],"about":[{"href":"https:\/\/www.exoticus.ch\/en\/wp-json\/wp\/v2\/types\/page"}],"author":[{"embeddable":true,"href":"https:\/\/www.exoticus.ch\/en\/wp-json\/wp\/v2\/users\/1"}],"replies":[{"embeddable":true,"href":"https:\/\/www.exoticus.ch\/en\/wp-json\/wp\/v2\/comments?post=34483"}],"version-history":[{"count":10,"href":"https:\/\/www.exoticus.ch\/en\/wp-json\/wp\/v2\/pages\/34483\/revisions"}],"predecessor-version":[{"id":35117,"href":"https:\/\/www.exoticus.ch\/en\/wp-json\/wp\/v2\/pages\/34483\/revisions\/35117"}],"wp:attachment":[{"href":"https:\/\/www.exoticus.ch\/en\/wp-json\/wp\/v2\/media?parent=34483"}],"curies":[{"name":"wp","href":"https:\/\/api.w.org\/{rel}","templated":true}]}}