{"id":34806,"date":"2024-11-07T15:10:20","date_gmt":"2024-11-07T14:10:20","guid":{"rendered":"https:\/\/www.exoticus.ch\/?page_id=34806"},"modified":"2024-11-07T15:48:58","modified_gmt":"2024-11-07T14:48:58","slug":"rhd-kaninchen-impfung","status":"publish","type":"page","link":"https:\/\/www.exoticus.ch\/en\/rhd-kaninchen-impfung\/","title":{"rendered":"Virale h\u00e4morrhagische Krankheit der Kaninchen (VHK)"},"content":{"rendered":"<p>[et_pb_section fb_built=&#187;1&#8243; _builder_version=&#187;4.20.2&#8243; _module_preset=&#187;default&#187; background_color=&#187;RGBA(12,113,195,0.33)&#187; min_height=&#187;312px&#187; custom_margin=&#187;||-1px|||&#187; custom_padding=&#187;50px||50px|||&#187; global_colors_info=&#187;{}&#187;][et_pb_row _builder_version=&#187;4.20.2&#8243; _module_preset=&#187;default&#187; global_colors_info=&#187;{}&#187;][et_pb_column type=&#187;4_4&#8243; _builder_version=&#187;4.20.2&#8243; _module_preset=&#187;default&#187; global_colors_info=&#187;{}&#187;][et_pb_text _builder_version=&#187;4.20.2&#8243; _module_preset=&#187;default&#187; header_text_color=&#187;gcid-bd226f50-f1b4-4da3-a517-ea6a7b104840&#8243; global_colors_info=&#187;{%22gcid-bd226f50-f1b4-4da3-a517-ea6a7b104840%22:%91%22header_text_color%22%93}&#187;]<\/p>\n<h1><strong>Virale h\u00e4morrhagische Krankheit der Kaninchen (VHK)<\/strong><\/h1>\n<h3><strong>Rabbit hemorrhagic disease (RHD)<\/strong><\/h3>\n<p>[\/et_pb_text][\/et_pb_column][\/et_pb_row][et_pb_row _builder_version=&#187;4.20.2&#8243; _module_preset=&#187;default&#187; global_colors_info=&#187;{}&#187;][et_pb_column type=&#187;4_4&#8243; _builder_version=&#187;4.20.2&#8243; _module_preset=&#187;default&#187; global_colors_info=&#187;{}&#187;][et_pb_text _builder_version=&#187;4.20.2&#8243; _module_preset=&#187;default&#187; text_font_size=&#187;19px&#187; global_colors_info=&#187;{}&#187;]<\/p>\n<p>Die virale h\u00e4morrhagische Krankheit (Chinaseuche) wird durch das RHD-1 und RHD-2 Virus verursacht und f\u00fchrt zu einem akuten Krankheitsverlauf bei Kaninchen, welcher meist t\u00f6dlich endet. Der einzige Schutz bietet die j\u00e4hrliche Impfung.<\/p>\n<p>[\/et_pb_text][\/et_pb_column][\/et_pb_row][\/et_pb_section][et_pb_section fb_built=&#187;1&#8243; _builder_version=&#187;4.20.2&#8243; _module_preset=&#187;default&#187; global_colors_info=&#187;{}&#187;][et_pb_row column_structure=&#187;1_2,1_2&#8243; _builder_version=&#187;4.20.2&#8243; _module_preset=&#187;default&#187; min_height=&#187;314.3px&#187; global_colors_info=&#187;{}&#187;][et_pb_column type=&#187;1_2&#8243; _builder_version=&#187;4.20.2&#8243; _module_preset=&#187;default&#187; global_colors_info=&#187;{}&#187;][et_pb_text _builder_version=&#187;4.20.2&#8243; _module_preset=&#187;default&#187; width=&#187;100%&#187; global_colors_info=&#187;{}&#187;]<\/p>\n<h2><strong>Krankheit<\/strong><\/h2>\n<p>Die virale h\u00e4morrhagische Krankheit der Kaninchen (VKH) oder im englischen rabbit hemorrhagic disease (RHD) wird durch ein Virus ausgel\u00f6st. Das Virus geh\u00f6rt zur Familie der Caliciviridae und zurzeit werden zwei Virusvarianten unterschieden. Die klassische Form wird durch das RHDV-1 (Rabbit Hemorrhagic Disease Virus) verursacht, wobei die Krankheit 1984 zum ersten Mal in China festgestellt wurde und sich dann nach Westen ausgebreitet hat. In Jahr 2010 ist dann in Frankreich das RHDV-2 aufgetreten, welches sich auf ganz Europa ausgebreitet hat.<\/p>\n<p>[\/et_pb_text][\/et_pb_column][et_pb_column type=&#187;1_2&#8243; _builder_version=&#187;4.20.2&#8243; _module_preset=&#187;default&#187; global_colors_info=&#187;{}&#187;][et_pb_image src=&#187;https:\/\/www.exoticus.ch\/wp-content\/uploads\/2022\/11\/Kaninchen_Exoticus_Home.jpg&#187; alt=&#187;Kaninchen Exoticus Homepage&#187; title_text=&#187;Kaninchen Exoticus Homepage&#187; _builder_version=&#187;4.20.2&#8243; _module_preset=&#187;default&#187; width=&#187;52%&#187; module_alignment=&#187;center&#187; global_colors_info=&#187;{}&#187;][\/et_pb_image][\/et_pb_column][\/et_pb_row][et_pb_row _builder_version=&#187;4.20.2&#8243; _module_preset=&#187;default&#187; min_height=&#187;69px&#187; custom_padding=&#187;60px||60px||false|false&#187; global_colors_info=&#187;{}&#187;][et_pb_column type=&#187;4_4&#8243; _builder_version=&#187;4.20.2&#8243; _module_preset=&#187;default&#187; global_colors_info=&#187;{}&#187;][et_pb_text _builder_version=&#187;4.20.2&#8243; _module_preset=&#187;default&#187; text_text_color=&#187;#0C71C3&#8243; header_font=&#187;|700|||||||&#187; header_text_color=&#187;gcid-48816dbe-6e27-4821-95f9-8094194a2634&#8243; custom_padding=&#187;5px|5px|5px|5px|false|false&#187; global_colors_info=&#187;{%22gcid-48816dbe-6e27-4821-95f9-8094194a2634%22:%91%22header_text_color%22%93}&#187;]<\/p>\n<h1 style=\"text-align: center;\">&#171;KANINCHEN SOLLTEN J\u00c4HRLICH GEIMPFT WERDEN&#187;<\/h1>\n<p>[\/et_pb_text][\/et_pb_column][\/et_pb_row][et_pb_row column_structure=&#187;1_2,1_2&#8243; _builder_version=&#187;4.20.2&#8243; _module_preset=&#187;default&#187; global_colors_info=&#187;{}&#187;][et_pb_column type=&#187;1_2&#8243; _builder_version=&#187;4.20.2&#8243; _module_preset=&#187;default&#187; global_colors_info=&#187;{}&#187;][et_pb_text _builder_version=&#187;4.20.2&#8243; _module_preset=&#187;default&#187; global_colors_info=&#187;{}&#187;]<\/p>\n<h2><strong>Das Virus <\/strong><\/h2>\n<p>Das RHD-Virus ist sehr widerstandsf\u00e4hig und kann auch in der Umgebung lange \u00fcberleben. Die \u00dcbertragung erfolgt durch direkten K\u00f6rperkontakt von Kaninchen zu Kaninchen (Urin, Kot, Speichel usw.) oder indirekt \u00fcber kontaminierte unbelebte und belebte Vektoren (z.B. kontaminiertes Wasser und Futter, Kleidung, Schuhe, Gegenst\u00e4nde, H\u00e4nde, Insekten, Nagetiere). Die Inkubationszeit betr\u00e4gt 1 bis 3 Tage und infizierte Kaninchen versterben innerhalb von 12 bis 72 Stunden. W\u00e4hrend bei der klassischen RHDV-1 Variante Jungtiere erst ab ca. 10 Wochen erkrankten, k\u00f6nnen bei RHDV-2 die Jungtiere bereits ab 4 Wochen erkranken und sterben. Das Virus bef\u00e4llt nur Kaninchen und Hasen und ist f\u00fcr den Menschen und andere Tiere ungef\u00e4hrlich.<\/p>\n<p>[\/et_pb_text][\/et_pb_column][et_pb_column type=&#187;1_2&#8243; _builder_version=&#187;4.20.2&#8243; _module_preset=&#187;default&#187; global_colors_info=&#187;{}&#187;][\/et_pb_column][\/et_pb_row][et_pb_row column_structure=&#187;1_2,1_2&#8243; _builder_version=&#187;4.20.2&#8243; _module_preset=&#187;default&#187; global_colors_info=&#187;{}&#187;][et_pb_column type=&#187;1_2&#8243; _builder_version=&#187;4.20.2&#8243; _module_preset=&#187;default&#187; global_colors_info=&#187;{}&#187;][et_pb_text _builder_version=&#187;4.20.2&#8243; _module_preset=&#187;default&#187; global_colors_info=&#187;{}&#187;]<\/p>\n<h2><strong>Symptome und Krankheitsverlauf<\/strong><\/h2>\n<p>Die Erkrankung verl\u00e4uft meist sehr akut und vermeintlich gesunde Tiere versterben pl\u00f6tzlich ohne Krankheitsanzeichen oder zeigen akute Anzeichen von Apathie und Appetitlosigkeit. Zus\u00e4tzlich k\u00f6nnen erkrankte Tiere hohe Fieber (&gt; 40 \u00b0C), blutigen Nasenausfluss und selten respiratorische und neurologische Symptome zeigen. Die Kaninchen versterben meistens innerhalb von wenigen Stunden nach Auftreten von ersten Krankheitsanzeichen. Oft erkranken und versterben nicht alle Kaninchen von einem Bestand gleichzeitig, sondern zeitversetzt \u00fcber mehrere Tage. In den meisten F\u00e4llen f\u00fchrt eine Infektion zum Tod des Tieres.<\/p>\n<p>[\/et_pb_text][\/et_pb_column][et_pb_column type=&#187;1_2&#8243; _builder_version=&#187;4.20.2&#8243; _module_preset=&#187;default&#187; global_colors_info=&#187;{}&#187;][et_pb_image src=&#187;https:\/\/www.exoticus.ch\/wp-content\/uploads\/2023\/05\/Kaninchen-Stall-Exoticus-.jpg&#187; alt=&#187;Kaninchen Exoticus &#187; title_text=&#187;Kaninchen Stall Exoticus&#187; _builder_version=&#187;4.20.2&#8243; _module_preset=&#187;default&#187; width=&#187;80%&#187; module_alignment=&#187;center&#187; custom_margin=&#187;-263px||0px||false|false&#187; custom_padding=&#187;0px||0px||false|false&#187; global_colors_info=&#187;{}&#187;][\/et_pb_image][\/et_pb_column][\/et_pb_row][et_pb_row column_structure=&#187;1_2,1_2&#8243; _builder_version=&#187;4.20.2&#8243; _module_preset=&#187;default&#187; global_colors_info=&#187;{}&#187;][et_pb_column type=&#187;1_2&#8243; _builder_version=&#187;4.20.2&#8243; _module_preset=&#187;default&#187; global_colors_info=&#187;{}&#187;][et_pb_text _builder_version=&#187;4.20.2&#8243; _module_preset=&#187;default&#187; global_colors_info=&#187;{}&#187;]<\/p>\n<h2><strong>Situation in der Schweiz<br \/><\/strong><\/h2>\n<p>Nachdem es in der Schweiz lange keine gr\u00f6sseren Seuchenausbr\u00fcche gab, treten seit 2016 wieder vermehrt F\u00e4lle auf, was wahrscheinlich durch die neue RHDV-2 Variante bedingt ist. VHK ist in der Schweiz eine zu \u00fcberwachende und meldepflichtige Tierseuche. Laborbest\u00e4tigte F\u00e4lle werden dem zust\u00e4ndigen kantonalen Veterin\u00e4ramt gemeldet und die F\u00e4lle werden auch in der Tierseuchenliste des BLV erfasst (<a href=\"https:\/\/www.blv.admin.ch\/blv\/de\/home\/tiere\/tierseuchen\/uebersicht-seuchen\/datenbank-tierseuchenfaelle-schweiz.html\" target=\"_blank\" rel=\"noopener\">www.admin.blv.ch<\/a>). Es wird deshalb dringend empfohlen, dass verd\u00e4chtige Todesf\u00e4lle auch pathologisch untersucht werden oder zumindest eine Leberprobe auf RHDV untersucht wird.<\/p>\n<p>[\/et_pb_text][\/et_pb_column][et_pb_column type=&#187;1_2&#8243; _builder_version=&#187;4.20.2&#8243; _module_preset=&#187;default&#187; global_colors_info=&#187;{}&#187;][et_pb_image src=&#187;https:\/\/www.exoticus.ch\/wp-content\/uploads\/2023\/05\/RHD-Faelle-2013-2023-Exoticus-BLV-scaled.jpg&#187; alt=&#187;RHD F\u00e4lle Statistik Exoticus BLV 2013 bis 2023&#8243; title_text=&#187;RHD Fa\u0308lle 2013-2023 Exoticus BLV&#187; _builder_version=&#187;4.20.2&#8243; _module_preset=&#187;default&#187; custom_margin=&#187;-60px||-60px||false|false&#187; global_colors_info=&#187;{}&#187;][\/et_pb_image][\/et_pb_column][\/et_pb_row][et_pb_row column_structure=&#187;1_2,1_2&#8243; _builder_version=&#187;4.20.2&#8243; _module_preset=&#187;default&#187; global_colors_info=&#187;{}&#187;][et_pb_column type=&#187;1_2&#8243; _builder_version=&#187;4.20.2&#8243; _module_preset=&#187;default&#187; global_colors_info=&#187;{}&#187;][et_pb_text _builder_version=&#187;4.20.2&#8243; _module_preset=&#187;default&#187; global_colors_info=&#187;{}&#187;]<\/p>\n<h2><strong>Impfung<\/strong><\/h2>\n<p>In der Schweiz ist seit 2019 der Impfstoff Filavac zugelassen und erh\u00e4ltlich, welcher gegen RHDV-1 und RHDV-2 sch\u00fctzt. Kaninchen k\u00f6nnen ab einem Alter von 10 Wochen geimpft werden und die Impfung muss j\u00e4hrlich wiederholt werden, um einen zuverl\u00e4ssigen Impfschutz zu gew\u00e4hrleisten. Der Impfschutz beginnt ca. 1 Woche nach der Impfung. Filavac ist auch in einzelnen Impfdosen erh\u00e4ltlich und es gibt immer mehr Kleintier\u00e4rzte, welche die Impfung von Kaninchen anbieten. Wir empfehlen alle Kaninchen zu impfen, auch solche in Innenhaltung. Selbst wenn diese keinen Kontakt zu anderen Kaninchen haben besteht die Gefahr, dass man das Virus \u00fcber die Schuhe, Futter, Insekten usw. in die Wohnung holt und die Tiere sich so anstecken.<\/p>\n<p>[\/et_pb_text][\/et_pb_column][et_pb_column type=&#187;1_2&#8243; _builder_version=&#187;4.20.2&#8243; _module_preset=&#187;default&#187; global_colors_info=&#187;{}&#187;][et_pb_image src=&#187;https:\/\/www.exoticus.ch\/wp-content\/uploads\/2022\/11\/Narkose_Icon_dunkel.png&#187; title_text=&#187;Narkose_Icon_dunkel&#187; show_bottom_space=&#187;off&#187; align=&#187;center&#187; _builder_version=&#187;4.20.2&#8243; _module_preset=&#187;default&#187; width=&#187;41%&#187; max_width=&#187;100%&#187; module_alignment=&#187;center&#187; custom_margin=&#187;||0px||false|false&#187; custom_padding=&#187;65px||||false|false&#187; global_colors_info=&#187;{}&#187;][\/et_pb_image][\/et_pb_column][\/et_pb_row][\/et_pb_section]<\/p>","protected":false},"excerpt":{"rendered":"<p>Virale h\u00e4morrhagische Krankheit der Kaninchen (VHK) Rabbit hemorrhagic disease (RHD)Die virale h\u00e4morrhagische Krankheit (Chinaseuche) wird durch das RHD-1 und RHD-2 Virus verursacht und f\u00fchrt zu einem akuten Krankheitsverlauf bei Kaninchen, welcher meist t\u00f6dlich endet. Der einzige Schutz bietet die j\u00e4hrliche Impfung.Krankheit Die virale h\u00e4morrhagische Krankheit der Kaninchen (VKH) oder im englischen rabbit hemorrhagic disease (RHD) [&hellip;]<\/p>","protected":false},"author":1,"featured_media":0,"parent":0,"menu_order":0,"comment_status":"closed","ping_status":"closed","template":"","meta":{"_et_pb_use_builder":"on","_et_pb_old_content":"","_et_gb_content_width":"","_monsterinsights_skip_tracking":false,"_monsterinsights_sitenote_active":false,"_monsterinsights_sitenote_note":"","_monsterinsights_sitenote_category":0,"footnotes":""},"class_list":["post-34806","page","type-page","status-publish","hentry"],"_links":{"self":[{"href":"https:\/\/www.exoticus.ch\/en\/wp-json\/wp\/v2\/pages\/34806","targetHints":{"allow":["GET"]}}],"collection":[{"href":"https:\/\/www.exoticus.ch\/en\/wp-json\/wp\/v2\/pages"}],"about":[{"href":"https:\/\/www.exoticus.ch\/en\/wp-json\/wp\/v2\/types\/page"}],"author":[{"embeddable":true,"href":"https:\/\/www.exoticus.ch\/en\/wp-json\/wp\/v2\/users\/1"}],"replies":[{"embeddable":true,"href":"https:\/\/www.exoticus.ch\/en\/wp-json\/wp\/v2\/comments?post=34806"}],"version-history":[{"count":20,"href":"https:\/\/www.exoticus.ch\/en\/wp-json\/wp\/v2\/pages\/34806\/revisions"}],"predecessor-version":[{"id":34939,"href":"https:\/\/www.exoticus.ch\/en\/wp-json\/wp\/v2\/pages\/34806\/revisions\/34939"}],"wp:attachment":[{"href":"https:\/\/www.exoticus.ch\/en\/wp-json\/wp\/v2\/media?parent=34806"}],"curies":[{"name":"wp","href":"https:\/\/api.w.org\/{rel}","templated":true}]}}